{"id":17659,"date":"2021-03-11T10:37:50","date_gmt":"2021-03-11T02:37:50","guid":{"rendered":"https:\/\/www.fjpremium.com\/?post_type=product&#038;p=17659"},"modified":"2023-05-24T15:12:16","modified_gmt":"2023-05-24T07:12:16","slug":"3-5mm-male-to-2rca-male-stereo-audio-adapter-coaxial-cable","status":"publish","type":"product","link":"https:\/\/www.fjpremium.com\/pt\/product\/3-5mm-male-to-2rca-male-stereo-audio-adapter-coaxial-cable\/","title":{"rendered":"Adaptador de cabo coaxial de \u00e1udio est\u00e9reo de 3,5 mm macho para 2RCA macho"},"content":{"rendered":"<p>O nosso adaptador de cabo coaxial permite-lhe ligar o seu telem\u00f3vel, iPod, leitor de MP3, tablet ou PC ao seu sistema de \u00e1udio dom\u00e9stico, aumentando a versatilidade e a funcionalidade dos seus dispositivos de \u00e1udio.<\/p>\n<p>Inclui um cabo de liga\u00e7\u00e3o est\u00e9reo de 3,5 mm (ficha de auscultadores de 1\/8\u2033) para 2 RCA (direita\/esquerda).<\/p>\n<p>Foi concebido para ligar a ficha de 3,5 mm \u00e0 tomada de auscultadores do seu dispositivo ou computador e as 2 RCA \u00e0s entradas auxiliares esquerda e direita do seu sistema de som.<\/p>\n<p>A excelente nitidez de \u00e1udio \u00e9 uma das principais caracter\u00edsticas deste adaptador de cabo coaxial topo de gama.<\/p>\n<p>Proporciona um desempenho consistente em todos os comprimentos, fornecendo uma liga\u00e7\u00e3o vers\u00e1til entre hardware para todas as suas necessidades de \u00e1udio est\u00e9reo.<\/p>\n<p>Al\u00e9m disso, o conetor fino da caixa met\u00e1lica foi cuidadosamente concebido para permitir a liga\u00e7\u00e3o ao dispositivo de origem sem necessidade de retirar a caixa do telem\u00f3vel.<\/p>\n<p>O nosso adaptador de cabo coaxial possui conectores banhados a ouro para resist\u00eancia \u00e0 corros\u00e3o e conetividade fi\u00e1vel e cobre para m\u00e1xima condutividade e durabilidade.<\/p>\n<p>O revestimento de PVC macio e flex\u00edvel e os condutores de cobre nu garantem um melhor desempenho e uma gest\u00e3o f\u00e1cil dos cabos.<\/p>\n<p>Al\u00e9m disso, o condutor do cabo \u00e9 feito de cobre nu ou CCS, com um calibre de fio de 28AWG 10\/0,1mm.<\/p>\n<p>A sua caixa \u00e9 um molde de inje\u00e7\u00e3o e o seu di\u00e2metro exterior \u00e9 de 2,6\u00d75,2 mm, o que est\u00e1 em conformidade com a RoHS e a REACH.<\/p>\n<p>Em suma, este adaptador \u00e9 uma escolha de topo para quem procura elevar os seus projectos de \u00e1udio.<\/p>\n<h2>Descarregar:<\/h2>\n<ul>\n<li>Ficha t\u00e9cnica de Cabo coaxial adaptador de \u00e1udio est\u00e9reo macho de 3,5 mm para macho 2RCA<\/li>\n<\/ul>\n<h2>Informa\u00e7\u00f5es sobre a encomenda:<\/h2>\n<ul>\n<li>FS18009-010: 1.0M<\/li>\n<li>FS18009-018: 1,8M<\/li>\n<li>FS18009-030: 3,0M<\/li>\n<li>FS18009-050: 5,0M<\/li>\n<\/ul>","protected":false},"excerpt":{"rendered":"<p>Este adaptador de cabo coaxial de \u00e1udio est\u00e9reo de 3,5 mm macho para 2RCA macho da Farsince \u00e9 uma escolha fi\u00e1vel e de alta qualidade para melhorar as suas experi\u00eancias de \u00e1udio.<\/p>","protected":false},"featured_media":17660,"template":"","meta":{"_acf_changed":false,"_seopress_robots_primary_cat":"","_seopress_titles_title":"Stereo Audio Coaxial Cable Adapter - Farsince","_seopress_titles_desc":"","_seopress_robots_index":"","site-sidebar-layout":"default","site-content-layout":"default","ast-site-content-layout":"default","site-content-style":"default","site-sidebar-style":"default","ast-global-header-display":"","ast-banner-title-visibility":"","ast-main-header-display":"","ast-hfb-above-header-display":"","ast-hfb-below-header-display":"","ast-hfb-mobile-header-display":"","site-post-title":"","ast-breadcrumbs-content":"","ast-featured-img":"","footer-sml-layout":"","ast-disable-related-posts":"","theme-transparent-header-meta":"default","adv-header-id-meta":"","stick-header-meta":"","header-above-stick-meta":"","header-main-stick-meta":"","header-below-stick-meta":"","astra-migrate-meta-layouts":"default","ast-page-background-enabled":"default","ast-page-background-meta":{"desktop":{"background-color":"","background-image":"","background-repeat":"repeat","background-position":"center center","background-size":"auto","background-attachment":"scroll","background-type":"","background-media":"","overlay-type":"","overlay-color":"","overlay-opacity":"","overlay-gradient":""},"tablet":{"background-color":"","background-image":"","background-repeat":"repeat","background-position":"center center","background-size":"auto","background-attachment":"scroll","background-type":"","background-media":"","overlay-type":"","overlay-color":"","overlay-opacity":"","overlay-gradient":""},"mobile":{"background-color":"","background-image":"","background-repeat":"repeat","background-position":"center center","background-size":"auto","background-attachment":"scroll","background-type":"","background-media":"","overlay-type":"","overlay-color":"","overlay-opacity":"","overlay-gradient":""}},"ast-content-background-meta":{"desktop":{"background-color":"var(--ast-global-color-5)","background-image":"","background-repeat":"repeat","background-position":"center center","background-size":"auto","background-attachment":"scroll","background-type":"","background-media":"","overlay-type":"","overlay-color":"","overlay-opacity":"","overlay-gradient":""},"tablet":{"background-color":"var(--ast-global-color-5)","background-image":"","background-repeat":"repeat","background-position":"center center","background-size":"auto","background-attachment":"scroll","background-type":"","background-media":"","overlay-type":"","overlay-color":"","overlay-opacity":"","overlay-gradient":""},"mobile":{"background-color":"var(--ast-global-color-5)","background-image":"","background-repeat":"repeat","background-position":"center center","background-size":"auto","background-attachment":"scroll","background-type":"","background-media":"","overlay-type":"","overlay-color":"","overlay-opacity":"","overlay-gradient":""}},"iawp_total_views":12},"product_brand":[],"product_cat":[219],"product_tag":[],"class_list":{"0":"post-17659","1":"product","2":"type-product","3":"status-publish","4":"has-post-thumbnail","6":"product_cat-audio-video","7":"desktop-align-left","8":"tablet-align-left","9":"mobile-align-left","11":"first","12":"instock","13":"shipping-taxable","14":"purchasable","15":"product-type-simple"},"acf":[],"_links":{"self":[{"href":"https:\/\/www.fjpremium.com\/pt\/wp-json\/wp\/v2\/product\/17659","targetHints":{"allow":["GET"]}}],"collection":[{"href":"https:\/\/www.fjpremium.com\/pt\/wp-json\/wp\/v2\/product"}],"about":[{"href":"https:\/\/www.fjpremium.com\/pt\/wp-json\/wp\/v2\/types\/product"}],"wp:featuredmedia":[{"embeddable":true,"href":"https:\/\/www.fjpremium.com\/pt\/wp-json\/wp\/v2\/media\/17660"}],"wp:attachment":[{"href":"https:\/\/www.fjpremium.com\/pt\/wp-json\/wp\/v2\/media?parent=17659"}],"wp:term":[{"taxonomy":"product_brand","embeddable":true,"href":"https:\/\/www.fjpremium.com\/pt\/wp-json\/wp\/v2\/product_brand?post=17659"},{"taxonomy":"product_cat","embeddable":true,"href":"https:\/\/www.fjpremium.com\/pt\/wp-json\/wp\/v2\/product_cat?post=17659"},{"taxonomy":"product_tag","embeddable":true,"href":"https:\/\/www.fjpremium.com\/pt\/wp-json\/wp\/v2\/product_tag?post=17659"}],"curies":[{"name":"wp","href":"https:\/\/api.w.org\/{rel}","templated":true}]}}