{"id":17649,"date":"2021-03-11T10:36:21","date_gmt":"2021-03-11T02:36:21","guid":{"rendered":"https:\/\/www.fjpremium.com\/?post_type=product&#038;p=17649"},"modified":"2023-05-24T15:13:39","modified_gmt":"2023-05-24T07:13:39","slug":"3-5mm-female-to-2-dual-3-5mm-male-headphone-mic-audio-y-splitter-cable","status":"publish","type":"product","link":"https:\/\/www.fjpremium.com\/pt\/product\/3-5mm-female-to-2-dual-3-5mm-male-headphone-mic-audio-y-splitter-cable\/","title":{"rendered":"Cabo divisor Y de 3,5 mm f\u00eamea para 2 cabos duplos de 3,5 mm macho para auscultadores, microfone e \u00e1udio"},"content":{"rendered":"<p>Este cabo divisor em Y permite-lhe utilizar os seus auriculares avan\u00e7ados, equipados com capacidades de \u00e1udio e microfone, num PC ou port\u00e1til para uma grande variedade de aplica\u00e7\u00f5es VOIP, como o Skype, MSN Messenger, Yahoo, Google Voice e muito mais.<\/p>\n<p>Concebido para simplificar as liga\u00e7\u00f5es, liga habilmente os auscultadores est\u00e9reo e o microfone a uma porta de \u00e1udio e microfone do PC em simult\u00e2neo.<\/p>\n<p>E com uma \u00fanica porta de \u00e1udio de 3,5 mm, facilita a adi\u00e7\u00e3o de uma entrada de microfone mono e uma sa\u00edda est\u00e9reo ao seu PC ou computador port\u00e1til.<\/p>\n<p>O revestimento em ouro 24K do nosso cabo melhora a qualidade do som e minimiza as perdas, enquanto os condutores de cobre proporcionam a m\u00e1xima condutividade e durabilidade.<\/p>\n<p>O seu revestimento de PVC flex\u00edvel e os condutores de cobre nu melhoram ainda mais o desempenho.<\/p>\n<p>Al\u00e9m disso, ao aprofundar as suas especifica\u00e7\u00f5es, o cabo possui dois conectores macho est\u00e9reo de 3 p\u00f3los de 3,5 mm e um conetor f\u00eamea est\u00e9reo de 4 p\u00f3los de 3,5 mm, todos com contactos e conchas banhados a ouro para um desempenho ideal.<\/p>\n<p>Envolvido numa caixa de molde de inje\u00e7\u00e3o, tem um di\u00e2metro exterior de 2,6\u00d75,2 mm e um calibre de fio de 30AWG, e est\u00e1 em conformidade com RoHS e REACH.<\/p>\n<p>Por conseguinte, escolha este cabo divisor Y para uma experi\u00eancia de \u00e1udio perfeita e de alta qualidade.<\/p>\n<h2>Descarregar:<\/h2>\n<ul>\n<li>Ficha t\u00e9cnica de Cabo divisor Y de 3,5 mm f\u00eamea para 2 cabos duplos de 3,5 mm macho para auscultadores, microfone e \u00e1udio<\/li>\n<\/ul>\n<h2>Informa\u00e7\u00f5es sobre a encomenda:<\/h2>\n<ul>\n<li>FS18005: 0,2 m<\/li>\n<\/ul>","protected":false},"excerpt":{"rendered":"<p>Expanda as suas capacidades de \u00e1udio com o vers\u00e1til cabo divisor Y de 3,5 mm f\u00eamea para 2 cabos duplos de 3,5 mm macho para auscultadores e microfone.<\/p>","protected":false},"featured_media":17650,"template":"","meta":{"_acf_changed":false,"_seopress_robots_primary_cat":"","_seopress_titles_title":"Headphone Mic Audio Y Splitter Cable - Farsince","_seopress_titles_desc":"","_seopress_robots_index":"","site-sidebar-layout":"default","site-content-layout":"default","ast-site-content-layout":"default","site-content-style":"default","site-sidebar-style":"default","ast-global-header-display":"","ast-banner-title-visibility":"","ast-main-header-display":"","ast-hfb-above-header-display":"","ast-hfb-below-header-display":"","ast-hfb-mobile-header-display":"","site-post-title":"","ast-breadcrumbs-content":"","ast-featured-img":"","footer-sml-layout":"","ast-disable-related-posts":"","theme-transparent-header-meta":"default","adv-header-id-meta":"","stick-header-meta":"","header-above-stick-meta":"","header-main-stick-meta":"","header-below-stick-meta":"","astra-migrate-meta-layouts":"default","ast-page-background-enabled":"default","ast-page-background-meta":{"desktop":{"background-color":"","background-image":"","background-repeat":"repeat","background-position":"center center","background-size":"auto","background-attachment":"scroll","background-type":"","background-media":"","overlay-type":"","overlay-color":"","overlay-opacity":"","overlay-gradient":""},"tablet":{"background-color":"","background-image":"","background-repeat":"repeat","background-position":"center center","background-size":"auto","background-attachment":"scroll","background-type":"","background-media":"","overlay-type":"","overlay-color":"","overlay-opacity":"","overlay-gradient":""},"mobile":{"background-color":"","background-image":"","background-repeat":"repeat","background-position":"center center","background-size":"auto","background-attachment":"scroll","background-type":"","background-media":"","overlay-type":"","overlay-color":"","overlay-opacity":"","overlay-gradient":""}},"ast-content-background-meta":{"desktop":{"background-color":"var(--ast-global-color-5)","background-image":"","background-repeat":"repeat","background-position":"center center","background-size":"auto","background-attachment":"scroll","background-type":"","background-media":"","overlay-type":"","overlay-color":"","overlay-opacity":"","overlay-gradient":""},"tablet":{"background-color":"var(--ast-global-color-5)","background-image":"","background-repeat":"repeat","background-position":"center center","background-size":"auto","background-attachment":"scroll","background-type":"","background-media":"","overlay-type":"","overlay-color":"","overlay-opacity":"","overlay-gradient":""},"mobile":{"background-color":"var(--ast-global-color-5)","background-image":"","background-repeat":"repeat","background-position":"center center","background-size":"auto","background-attachment":"scroll","background-type":"","background-media":"","overlay-type":"","overlay-color":"","overlay-opacity":"","overlay-gradient":""}},"iawp_total_views":5},"product_brand":[],"product_cat":[219],"product_tag":[],"class_list":{"0":"post-17649","1":"product","2":"type-product","3":"status-publish","4":"has-post-thumbnail","6":"product_cat-audio-video","7":"desktop-align-left","8":"tablet-align-left","9":"mobile-align-left","11":"first","12":"instock","13":"shipping-taxable","14":"purchasable","15":"product-type-simple"},"acf":[],"_links":{"self":[{"href":"https:\/\/www.fjpremium.com\/pt\/wp-json\/wp\/v2\/product\/17649","targetHints":{"allow":["GET"]}}],"collection":[{"href":"https:\/\/www.fjpremium.com\/pt\/wp-json\/wp\/v2\/product"}],"about":[{"href":"https:\/\/www.fjpremium.com\/pt\/wp-json\/wp\/v2\/types\/product"}],"wp:featuredmedia":[{"embeddable":true,"href":"https:\/\/www.fjpremium.com\/pt\/wp-json\/wp\/v2\/media\/17650"}],"wp:attachment":[{"href":"https:\/\/www.fjpremium.com\/pt\/wp-json\/wp\/v2\/media?parent=17649"}],"wp:term":[{"taxonomy":"product_brand","embeddable":true,"href":"https:\/\/www.fjpremium.com\/pt\/wp-json\/wp\/v2\/product_brand?post=17649"},{"taxonomy":"product_cat","embeddable":true,"href":"https:\/\/www.fjpremium.com\/pt\/wp-json\/wp\/v2\/product_cat?post=17649"},{"taxonomy":"product_tag","embeddable":true,"href":"https:\/\/www.fjpremium.com\/pt\/wp-json\/wp\/v2\/product_tag?post=17649"}],"curies":[{"name":"wp","href":"https:\/\/api.w.org\/{rel}","templated":true}]}}