{"id":17633,"date":"2021-03-11T10:32:17","date_gmt":"2021-03-11T02:32:17","guid":{"rendered":"https:\/\/www.fjpremium.com\/?post_type=product&#038;p=17633"},"modified":"2023-05-24T15:15:39","modified_gmt":"2023-05-24T07:15:39","slug":"3-5mm-male-to-female-aux-stereo-audio-extension-cable","status":"publish","type":"product","link":"https:\/\/www.fjpremium.com\/pt\/product\/3-5mm-male-to-female-aux-stereo-audio-extension-cable\/","title":{"rendered":"Cabo de extens\u00e3o de \u00e1udio est\u00e9reo AUX macho para f\u00eamea de 3,5 mm"},"content":{"rendered":"<p>Este cabo de extens\u00e3o de \u00e1udio \u00e9 ideal para prolongar a liga\u00e7\u00e3o entre o seu leitor de MP3, smartphone, tablet, computador ou outros dispositivos de \u00e1udio com uma porta auxiliar de 3,5 mm (AUX) e os seus auscultadores, colunas, amplificadores, receptores AV ou sistema est\u00e9reo para autom\u00f3vel.<\/p>\n<p>As principais caracter\u00edsticas do cabo de extens\u00e3o de \u00e1udio incluem a sua extens\u00e3o de \u00e1udio est\u00e9reo macho-f\u00eamea de 3,5 mm com contactos banhados a ouro e design em concha, tornando-o uma forma pr\u00e1tica de prolongar o seu cabo est\u00e9reo existente.<\/p>\n<p>Transmite perfeitamente o \u00e1udio est\u00e9reo, oferecendo um som de alta qualidade e garantindo a fiabilidade e reduzindo a perda de sinal e o ru\u00eddo.<\/p>\n<p>Al\u00e9m disso, o revestimento de PVC flex\u00edvel e os condutores de cobre nu contribuem para o seu desempenho superior.<\/p>\n<p>O nosso cabo de extens\u00e3o \u00e1udio tem m\u00faltiplas aplica\u00e7\u00f5es.<\/p>\n<p>Pode ligar o seu computador port\u00e1til, computador de secret\u00e1ria ou smartphone a um auricular com tomadas separadas para auscultadores e microfone para Skype, MSN Messenger, Yahoo, Google Voice, etc.<\/p>\n<p>Tamb\u00e9m pode ligar os seus dispositivos a um microfone e auriculares para grava\u00e7\u00e3o em movimento ou a um microfone e altifalante para uma experi\u00eancia KTV instant\u00e2nea.<\/p>\n<p>No entanto, a porta dos auscultadores deste cabo s\u00f3 \u00e9 compat\u00edvel com os auscultadores padr\u00e3o CTIA e n\u00e3o suporta os auscultadores para iPhone nem quaisquer auscultadores OMTP.<\/p>\n<p>Al\u00e9m disso, n\u00e3o \u00e9 compat\u00edvel com os auscultadores Apple iPhone ou Beats, nem com o microfone RODE.<\/p>\n<p>Al\u00e9m disso, o condutor do cabo \u00e9 feito de cobre nu ou CCS com um calibre de fio de 30AWG.<\/p>\n<p>A caixa do cabo \u00e9 constru\u00edda com um molde de inje\u00e7\u00e3o, resultando num design dur\u00e1vel e fi\u00e1vel.<\/p>\n<p>E com um di\u00e2metro exterior de 3,0\u00b10,2 mm, oferece um perfil compacto e elegante, assegurando simultaneamente um desempenho \u00f3timo.<\/p>\n<p>Em conclus\u00e3o, escolha o nosso cabo de extens\u00e3o \u00e1udio para uma experi\u00eancia \u00e1udio fi\u00e1vel e superior.<\/p>\n<h2>Descarregar:<\/h2>\n<ul>\n<li>Ficha t\u00e9cnica de Cabo de extens\u00e3o de \u00e1udio est\u00e9reo AUX macho para macho de 3,5 mm<\/li>\n<\/ul>\n<h2>Informa\u00e7\u00f5es sobre a encomenda:<\/h2>\n<ul>\n<li>FS18003-010: 1.0M<\/li>\n<li>FS18003-018: 1,8 M<\/li>\n<li>FS18003-030: 3,0M<\/li>\n<li>FS18003-050: 5,0M<\/li>\n<\/ul>","protected":false},"excerpt":{"rendered":"<p>Experimente uma transmiss\u00e3o de \u00e1udio sem falhas com o nosso cabo de extens\u00e3o de \u00e1udio, concebido para melhorar a liga\u00e7\u00e3o entre os seus dispositivos de \u00e1udio e sistemas de som.<\/p>","protected":false},"featured_media":17637,"template":"","meta":{"_acf_changed":false,"_seopress_robots_primary_cat":"","_seopress_titles_title":"Best Stereo Audio Extension Cable - Farsince","_seopress_titles_desc":"","_seopress_robots_index":"","site-sidebar-layout":"default","site-content-layout":"default","ast-site-content-layout":"default","site-content-style":"default","site-sidebar-style":"default","ast-global-header-display":"","ast-banner-title-visibility":"","ast-main-header-display":"","ast-hfb-above-header-display":"","ast-hfb-below-header-display":"","ast-hfb-mobile-header-display":"","site-post-title":"","ast-breadcrumbs-content":"","ast-featured-img":"","footer-sml-layout":"","ast-disable-related-posts":"","theme-transparent-header-meta":"default","adv-header-id-meta":"","stick-header-meta":"","header-above-stick-meta":"","header-main-stick-meta":"","header-below-stick-meta":"","astra-migrate-meta-layouts":"default","ast-page-background-enabled":"default","ast-page-background-meta":{"desktop":{"background-color":"","background-image":"","background-repeat":"repeat","background-position":"center center","background-size":"auto","background-attachment":"scroll","background-type":"","background-media":"","overlay-type":"","overlay-color":"","overlay-opacity":"","overlay-gradient":""},"tablet":{"background-color":"","background-image":"","background-repeat":"repeat","background-position":"center center","background-size":"auto","background-attachment":"scroll","background-type":"","background-media":"","overlay-type":"","overlay-color":"","overlay-opacity":"","overlay-gradient":""},"mobile":{"background-color":"","background-image":"","background-repeat":"repeat","background-position":"center center","background-size":"auto","background-attachment":"scroll","background-type":"","background-media":"","overlay-type":"","overlay-color":"","overlay-opacity":"","overlay-gradient":""}},"ast-content-background-meta":{"desktop":{"background-color":"var(--ast-global-color-5)","background-image":"","background-repeat":"repeat","background-position":"center center","background-size":"auto","background-attachment":"scroll","background-type":"","background-media":"","overlay-type":"","overlay-color":"","overlay-opacity":"","overlay-gradient":""},"tablet":{"background-color":"var(--ast-global-color-5)","background-image":"","background-repeat":"repeat","background-position":"center center","background-size":"auto","background-attachment":"scroll","background-type":"","background-media":"","overlay-type":"","overlay-color":"","overlay-opacity":"","overlay-gradient":""},"mobile":{"background-color":"var(--ast-global-color-5)","background-image":"","background-repeat":"repeat","background-position":"center center","background-size":"auto","background-attachment":"scroll","background-type":"","background-media":"","overlay-type":"","overlay-color":"","overlay-opacity":"","overlay-gradient":""}},"iawp_total_views":14},"product_brand":[],"product_cat":[219],"product_tag":[],"class_list":{"0":"post-17633","1":"product","2":"type-product","3":"status-publish","4":"has-post-thumbnail","6":"product_cat-audio-video","7":"desktop-align-left","8":"tablet-align-left","9":"mobile-align-left","11":"first","12":"instock","13":"shipping-taxable","14":"purchasable","15":"product-type-simple"},"acf":[],"_links":{"self":[{"href":"https:\/\/www.fjpremium.com\/pt\/wp-json\/wp\/v2\/product\/17633","targetHints":{"allow":["GET"]}}],"collection":[{"href":"https:\/\/www.fjpremium.com\/pt\/wp-json\/wp\/v2\/product"}],"about":[{"href":"https:\/\/www.fjpremium.com\/pt\/wp-json\/wp\/v2\/types\/product"}],"wp:featuredmedia":[{"embeddable":true,"href":"https:\/\/www.fjpremium.com\/pt\/wp-json\/wp\/v2\/media\/17637"}],"wp:attachment":[{"href":"https:\/\/www.fjpremium.com\/pt\/wp-json\/wp\/v2\/media?parent=17633"}],"wp:term":[{"taxonomy":"product_brand","embeddable":true,"href":"https:\/\/www.fjpremium.com\/pt\/wp-json\/wp\/v2\/product_brand?post=17633"},{"taxonomy":"product_cat","embeddable":true,"href":"https:\/\/www.fjpremium.com\/pt\/wp-json\/wp\/v2\/product_cat?post=17633"},{"taxonomy":"product_tag","embeddable":true,"href":"https:\/\/www.fjpremium.com\/pt\/wp-json\/wp\/v2\/product_tag?post=17633"}],"curies":[{"name":"wp","href":"https:\/\/api.w.org\/{rel}","templated":true}]}}