{"id":17632,"date":"2021-03-11T10:31:05","date_gmt":"2021-03-11T02:31:05","guid":{"rendered":"https:\/\/www.fjpremium.com\/?post_type=product&#038;p=17632"},"modified":"2023-05-24T15:17:29","modified_gmt":"2023-05-24T07:17:29","slug":"90-degree-angle-3-5mm-male-to-male-aux-stereo-audio-cable","status":"publish","type":"product","link":"https:\/\/www.fjpremium.com\/pt\/product\/90-degree-angle-3-5mm-male-to-male-aux-stereo-audio-cable\/","title":{"rendered":"Cabo de \u00e1udio macho para macho de 3,5 mm com \u00e2ngulo de 90 graus"},"content":{"rendered":"<p>O nosso cabo de \u00e1udio macho para macho foi concebido com uma porta auxiliar de 3,5 mm (AUX) para m\u00e1xima compatibilidade e comodidade.<\/p>\n<p>A sua carater\u00edstica de destaque \u00e9 o conetor angular de 90 graus.<\/p>\n<p>Este design permite um acesso c\u00f3modo \u00e0 porta, aliviando a tens\u00e3o no ponto de liga\u00e7\u00e3o para evitar danos no cabo e nas portas auxiliares dos seus dispositivos.<\/p>\n<p>E o seu revestimento e moldagem em PVC macio aumentam ainda mais a flexibilidade e a durabilidade do cabo, oferecendo uma liga\u00e7\u00e3o robusta e duradoura.<\/p>\n<p>Com o cabo de \u00e1udio macho para macho, pode transmitir perfeitamente \u00e1udio est\u00e9reo para obter um som de alta qualidade, garantindo fiabilidade e reduzindo a perda de sinal e o ru\u00eddo.<\/p>\n<p>Este desempenho superior \u00e9 poss\u00edvel gra\u00e7as \u00e0 combina\u00e7\u00e3o de conectores banhados a ouro e condutores de cobre nu, garantindo uma transmiss\u00e3o de \u00e1udio sem perdas e uma experi\u00eancia de \u00e1udio envolvente.<\/p>\n<p>Al\u00e9m disso, do ponto de vista t\u00e9cnico, este cabo de \u00e1udio possui um conetor macho est\u00e9reo de 3,5 mm em \u00e2ngulo e um conetor macho est\u00e9reo de 3,5 mm, ambos com contactos e conchas banhados a ouro.<\/p>\n<p>O condutor do cabo pode ser CCS, com um calibre de fio de 30AWG.<\/p>\n<p>E a caixa \u00e9 um molde de inje\u00e7\u00e3o com um di\u00e2metro exterior de 3,0\u00b10,2 mm. A conformidade com as normas RoHS e REACH \u00e9 um testemunho da qualidade e seguran\u00e7a do cabo.<\/p>\n<p>Em suma, o nosso cabo \u00e9 uma solu\u00e7\u00e3o fi\u00e1vel e de elevado desempenho para todas as suas necessidades de liga\u00e7\u00e3o \u00e1udio.<\/p>\n<p>Desfrute de qualidade de som superior e durabilidade com este vers\u00e1til cabo de \u00e1udio macho para macho.<\/p>\n<h2>Descarregar:<\/h2>\n<ul>\n<li>Ficha t\u00e9cnica de \u00c2ngulo de 90 graus Cabo de \u00e1udio est\u00e9reo AUX macho para macho de 3,5 mm<\/li>\n<\/ul>\n<h2>Informa\u00e7\u00f5es sobre a encomenda:<\/h2>\n<ul>\n<li>FS18002-010: 1.0M<\/li>\n<li>FS18002-018: 1,8 M<\/li>\n<li>FS18002-030: 3,0M<\/li>\n<li>FS18002-050: 5,0M<\/li>\n<\/ul>","protected":false},"excerpt":{"rendered":"<p>Apresentamos este cabo de \u00e1udio macho para macho de alta qualidade, a solu\u00e7\u00e3o perfeita para ligar os seus dispositivos de \u00e1udio a auscultadores, altifalantes ou sistemas est\u00e9reo para autom\u00f3vel.<\/p>","protected":false},"featured_media":0,"template":"","meta":{"_acf_changed":false,"_seopress_robots_primary_cat":"","_seopress_titles_title":"90 Degree Angle 3.5mm Male to Male Audio Cable - Farsince","_seopress_titles_desc":"","_seopress_robots_index":"","site-sidebar-layout":"default","site-content-layout":"default","ast-site-content-layout":"default","site-content-style":"default","site-sidebar-style":"default","ast-global-header-display":"","ast-banner-title-visibility":"","ast-main-header-display":"","ast-hfb-above-header-display":"","ast-hfb-below-header-display":"","ast-hfb-mobile-header-display":"","site-post-title":"","ast-breadcrumbs-content":"","ast-featured-img":"","footer-sml-layout":"","ast-disable-related-posts":"","theme-transparent-header-meta":"default","adv-header-id-meta":"","stick-header-meta":"","header-above-stick-meta":"","header-main-stick-meta":"","header-below-stick-meta":"","astra-migrate-meta-layouts":"default","ast-page-background-enabled":"default","ast-page-background-meta":{"desktop":{"background-color":"","background-image":"","background-repeat":"repeat","background-position":"center center","background-size":"auto","background-attachment":"scroll","background-type":"","background-media":"","overlay-type":"","overlay-color":"","overlay-opacity":"","overlay-gradient":""},"tablet":{"background-color":"","background-image":"","background-repeat":"repeat","background-position":"center center","background-size":"auto","background-attachment":"scroll","background-type":"","background-media":"","overlay-type":"","overlay-color":"","overlay-opacity":"","overlay-gradient":""},"mobile":{"background-color":"","background-image":"","background-repeat":"repeat","background-position":"center center","background-size":"auto","background-attachment":"scroll","background-type":"","background-media":"","overlay-type":"","overlay-color":"","overlay-opacity":"","overlay-gradient":""}},"ast-content-background-meta":{"desktop":{"background-color":"var(--ast-global-color-5)","background-image":"","background-repeat":"repeat","background-position":"center center","background-size":"auto","background-attachment":"scroll","background-type":"","background-media":"","overlay-type":"","overlay-color":"","overlay-opacity":"","overlay-gradient":""},"tablet":{"background-color":"var(--ast-global-color-5)","background-image":"","background-repeat":"repeat","background-position":"center center","background-size":"auto","background-attachment":"scroll","background-type":"","background-media":"","overlay-type":"","overlay-color":"","overlay-opacity":"","overlay-gradient":""},"mobile":{"background-color":"var(--ast-global-color-5)","background-image":"","background-repeat":"repeat","background-position":"center center","background-size":"auto","background-attachment":"scroll","background-type":"","background-media":"","overlay-type":"","overlay-color":"","overlay-opacity":"","overlay-gradient":""}},"iawp_total_views":9},"product_brand":[],"product_cat":[219],"product_tag":[],"class_list":{"0":"post-17632","1":"product","2":"type-product","3":"status-publish","5":"product_cat-audio-video","6":"desktop-align-left","7":"tablet-align-left","8":"mobile-align-left","10":"first","11":"instock","12":"shipping-taxable","13":"purchasable","14":"product-type-simple"},"acf":[],"_links":{"self":[{"href":"https:\/\/www.fjpremium.com\/pt\/wp-json\/wp\/v2\/product\/17632","targetHints":{"allow":["GET"]}}],"collection":[{"href":"https:\/\/www.fjpremium.com\/pt\/wp-json\/wp\/v2\/product"}],"about":[{"href":"https:\/\/www.fjpremium.com\/pt\/wp-json\/wp\/v2\/types\/product"}],"wp:attachment":[{"href":"https:\/\/www.fjpremium.com\/pt\/wp-json\/wp\/v2\/media?parent=17632"}],"wp:term":[{"taxonomy":"product_brand","embeddable":true,"href":"https:\/\/www.fjpremium.com\/pt\/wp-json\/wp\/v2\/product_brand?post=17632"},{"taxonomy":"product_cat","embeddable":true,"href":"https:\/\/www.fjpremium.com\/pt\/wp-json\/wp\/v2\/product_cat?post=17632"},{"taxonomy":"product_tag","embeddable":true,"href":"https:\/\/www.fjpremium.com\/pt\/wp-json\/wp\/v2\/product_tag?post=17632"}],"curies":[{"name":"wp","href":"https:\/\/api.w.org\/{rel}","templated":true}]}}