{"id":17600,"date":"2021-03-10T17:05:45","date_gmt":"2021-03-10T09:05:45","guid":{"rendered":"https:\/\/www.fjpremium.com\/?post_type=product&#038;p=17600"},"modified":"2023-12-14T13:58:48","modified_gmt":"2023-12-14T05:58:48","slug":"thunderbolt-3-usb-4-cable-supper-speed-40gbps-5a100w-pd-fast-charging-charging-cable-tbt3-usb-c-cable","status":"publish","type":"product","link":"https:\/\/www.fjpremium.com\/pt\/product\/thunderbolt-3-usb-4-cable-supper-speed-40gbps-5a100w-pd-fast-charging-charging-cable-tbt3-usb-c-cable\/","title":{"rendered":"Cabo Supper Speed 40Gbps 5A100w PD Cabo USB C de carregamento r\u00e1pido"},"content":{"rendered":"<p>Concebido com conectores Thunderbolt 3 USB C macho-macho, este cabo USB C de carregamento r\u00e1pido garante liga\u00e7\u00f5es firmes e fi\u00e1veis.<\/p>\n<p>Os conectores niquelados incorporados no design s\u00e3o um testemunho da sua resist\u00eancia \u00e0 corros\u00e3o, garantindo uma melhor transmiss\u00e3o do sinal.<\/p>\n<p>A complementar esta carater\u00edstica est\u00e1 a robusta estrutura met\u00e1lica que aloja o cabo, proporcionando uma durabilidade superior e prote\u00e7\u00e3o contra o desgaste di\u00e1rio.<\/p>\n<p>O n\u00facleo condutor deste cabo \u00e9 composto por cobre nu de elevada pureza, tamb\u00e9m designado por cobre sem oxig\u00e9nio, que oferece uma condutividade e robustez sem paralelo.<\/p>\n<p>E pode personalizar o seu cabo com uma op\u00e7\u00e3o de log\u00f3tipo personalizado, dando um toque \u00fanico e personalizado ao seu equipamento tecnol\u00f3gico.<\/p>\n<p>A inclus\u00e3o de um revestimento macio de TPE no nosso cabo USB C de carregamento r\u00e1pido n\u00e3o s\u00f3 acentua a sua flexibilidade, como tamb\u00e9m serve como uma camada adicional de defesa contra potenciais danos.<\/p>\n<p>Al\u00e9m disso, est\u00e1 equipado para lidar com gamas de alimenta\u00e7\u00e3o de 5-20V e pode acomodar uma corrente m\u00e1xima de 5A, demonstrando a sua adaptabilidade a v\u00e1rias necessidades de energia.<\/p>\n<p>Para al\u00e9m das suas capacidades superiores de carregamento e transfer\u00eancia de dados, este cabo tamb\u00e9m suporta resolu\u00e7\u00e3o 4K a 60 Hz, proporcionando uma experi\u00eancia visual de alta qualidade e sem falhas.<\/p>\n<p>Esta carater\u00edstica torna-o uma excelente escolha para ligar ecr\u00e3s de alta resolu\u00e7\u00e3o a dispositivos compat\u00edveis.<\/p>\n<p>Por conseguinte, o cabo USB C de carregamento r\u00e1pido foi meticulosamente concebido para satisfazer todos os seus requisitos de conetividade e carregamento de alta velocidade.<\/p>","protected":false},"excerpt":{"rendered":"<p>Conhe\u00e7a o nosso Cabo Thunderbolt 3 USB 4, um cabo USB C de carregamento r\u00e1pido com uma impressionante taxa de transfer\u00eancia de dados de 40 Gbps e uma capacidade de carregamento de 100 W.<\/p>","protected":false},"featured_media":17601,"template":"","meta":{"_acf_changed":false,"_seopress_robots_primary_cat":"","_seopress_titles_title":"Fast Charging USB C Cable - Farsince","_seopress_titles_desc":"","_seopress_robots_index":"","site-sidebar-layout":"default","site-content-layout":"default","ast-site-content-layout":"default","site-content-style":"default","site-sidebar-style":"default","ast-global-header-display":"","ast-banner-title-visibility":"","ast-main-header-display":"","ast-hfb-above-header-display":"","ast-hfb-below-header-display":"","ast-hfb-mobile-header-display":"","site-post-title":"","ast-breadcrumbs-content":"","ast-featured-img":"","footer-sml-layout":"","ast-disable-related-posts":"","theme-transparent-header-meta":"default","adv-header-id-meta":"","stick-header-meta":"","header-above-stick-meta":"","header-main-stick-meta":"","header-below-stick-meta":"","astra-migrate-meta-layouts":"default","ast-page-background-enabled":"default","ast-page-background-meta":{"desktop":{"background-color":"","background-image":"","background-repeat":"repeat","background-position":"center center","background-size":"auto","background-attachment":"scroll","background-type":"","background-media":"","overlay-type":"","overlay-color":"","overlay-opacity":"","overlay-gradient":""},"tablet":{"background-color":"","background-image":"","background-repeat":"repeat","background-position":"center center","background-size":"auto","background-attachment":"scroll","background-type":"","background-media":"","overlay-type":"","overlay-color":"","overlay-opacity":"","overlay-gradient":""},"mobile":{"background-color":"","background-image":"","background-repeat":"repeat","background-position":"center center","background-size":"auto","background-attachment":"scroll","background-type":"","background-media":"","overlay-type":"","overlay-color":"","overlay-opacity":"","overlay-gradient":""}},"ast-content-background-meta":{"desktop":{"background-color":"var(--ast-global-color-5)","background-image":"","background-repeat":"repeat","background-position":"center center","background-size":"auto","background-attachment":"scroll","background-type":"","background-media":"","overlay-type":"","overlay-color":"","overlay-opacity":"","overlay-gradient":""},"tablet":{"background-color":"var(--ast-global-color-5)","background-image":"","background-repeat":"repeat","background-position":"center center","background-size":"auto","background-attachment":"scroll","background-type":"","background-media":"","overlay-type":"","overlay-color":"","overlay-opacity":"","overlay-gradient":""},"mobile":{"background-color":"var(--ast-global-color-5)","background-image":"","background-repeat":"repeat","background-position":"center center","background-size":"auto","background-attachment":"scroll","background-type":"","background-media":"","overlay-type":"","overlay-color":"","overlay-opacity":"","overlay-gradient":""}},"iawp_total_views":8},"product_brand":[],"product_cat":[636],"product_tag":[],"class_list":{"0":"post-17600","1":"product","2":"type-product","3":"status-publish","4":"has-post-thumbnail","6":"product_cat-usb-2-0-cables","7":"desktop-align-left","8":"tablet-align-left","9":"mobile-align-left","11":"first","12":"instock","13":"shipping-taxable","14":"purchasable","15":"product-type-simple"},"acf":[],"_links":{"self":[{"href":"https:\/\/www.fjpremium.com\/pt\/wp-json\/wp\/v2\/product\/17600","targetHints":{"allow":["GET"]}}],"collection":[{"href":"https:\/\/www.fjpremium.com\/pt\/wp-json\/wp\/v2\/product"}],"about":[{"href":"https:\/\/www.fjpremium.com\/pt\/wp-json\/wp\/v2\/types\/product"}],"wp:featuredmedia":[{"embeddable":true,"href":"https:\/\/www.fjpremium.com\/pt\/wp-json\/wp\/v2\/media\/17601"}],"wp:attachment":[{"href":"https:\/\/www.fjpremium.com\/pt\/wp-json\/wp\/v2\/media?parent=17600"}],"wp:term":[{"taxonomy":"product_brand","embeddable":true,"href":"https:\/\/www.fjpremium.com\/pt\/wp-json\/wp\/v2\/product_brand?post=17600"},{"taxonomy":"product_cat","embeddable":true,"href":"https:\/\/www.fjpremium.com\/pt\/wp-json\/wp\/v2\/product_cat?post=17600"},{"taxonomy":"product_tag","embeddable":true,"href":"https:\/\/www.fjpremium.com\/pt\/wp-json\/wp\/v2\/product_tag?post=17600"}],"curies":[{"name":"wp","href":"https:\/\/api.w.org\/{rel}","templated":true}]}}