{"id":17579,"date":"2021-03-10T16:58:44","date_gmt":"2021-03-10T08:58:44","guid":{"rendered":"https:\/\/www.fjpremium.com\/?post_type=product&#038;p=17579"},"modified":"2023-09-18T14:28:35","modified_gmt":"2023-09-18T06:28:35","slug":"one-5-25-to-two-5-25-female-internal-power-y-splitter-cable","status":"publish","type":"product","link":"https:\/\/www.fjpremium.com\/pt\/product\/one-5-25-to-two-5-25-female-internal-power-y-splitter-cable\/","title":{"rendered":"Um cabo de alimenta\u00e7\u00e3o do divisor Y interno de 5,25\u2033 para dois de 5,25\u2033 f\u00eamea"},"content":{"rendered":"<p>Esta ferramenta indispens\u00e1vel foi concebida para simplificar a distribui\u00e7\u00e3o de energia no seu sistema, alimentando sem esfor\u00e7o as suas unidades de disquete de 5,25\u2033, unidades de disco \u00f3tico ou unidades de disco r\u00edgido.<\/p>\n<p>Possuem uma ficha macho e duas fichas f\u00eamea para maior comodidade.<\/p>\n<p>N\u00e3o se trata apenas de funcionalidade; tamb\u00e9m nos preocupamos com a qualidade.<\/p>\n<p>Os contactos banhados a ouro e o inv\u00f3lucro banhado a n\u00edquel garantem uma condutividade superior e resist\u00eancia \u00e0 corros\u00e3o, assegurando um desempenho fi\u00e1vel ao longo do tempo.<\/p>\n<p>Constru\u00eddos com quatro n\u00facleos e uma bitola de fio de 18AWG, os nossos cabos incorporam robustez e fiabilidade. O inv\u00f3lucro robusto do molde de inje\u00e7\u00e3o aumenta a longevidade do cabo.<\/p>\n<p>Al\u00e9m disso, com conformidade RoHS e REACH, garantem seguran\u00e7a e respeito pelo ambiente. Por conseguinte, escolha os nossos cabos de alimenta\u00e7\u00e3o com divisor Y interno f\u00eamea e equipe a sua empresa com solu\u00e7\u00f5es poderosas que funcionam verdadeiramente.<\/p>","protected":false},"excerpt":{"rendered":"<p>Simplifique a organiza\u00e7\u00e3o da fonte de alimenta\u00e7\u00e3o com estes cabos de alimenta\u00e7\u00e3o divisores Y internos f\u00eamea, fornecendo energia limpa e fi\u00e1vel com conetividade superior.<\/p>","protected":false},"featured_media":17580,"template":"","meta":{"_acf_changed":false,"_seopress_robots_primary_cat":"","_seopress_titles_title":"Best Internal Y splitter Power Cable - Farsince","_seopress_titles_desc":"","_seopress_robots_index":"","site-sidebar-layout":"default","site-content-layout":"default","ast-site-content-layout":"default","site-content-style":"default","site-sidebar-style":"default","ast-global-header-display":"","ast-banner-title-visibility":"","ast-main-header-display":"","ast-hfb-above-header-display":"","ast-hfb-below-header-display":"","ast-hfb-mobile-header-display":"","site-post-title":"","ast-breadcrumbs-content":"","ast-featured-img":"","footer-sml-layout":"","ast-disable-related-posts":"","theme-transparent-header-meta":"default","adv-header-id-meta":"","stick-header-meta":"","header-above-stick-meta":"","header-main-stick-meta":"","header-below-stick-meta":"","astra-migrate-meta-layouts":"set","ast-page-background-enabled":"default","ast-page-background-meta":{"desktop":{"background-color":"","background-image":"","background-repeat":"repeat","background-position":"center center","background-size":"auto","background-attachment":"scroll","background-type":"","background-media":"","overlay-type":"","overlay-color":"","overlay-opacity":"","overlay-gradient":""},"tablet":{"background-color":"","background-image":"","background-repeat":"repeat","background-position":"center center","background-size":"auto","background-attachment":"scroll","background-type":"","background-media":"","overlay-type":"","overlay-color":"","overlay-opacity":"","overlay-gradient":""},"mobile":{"background-color":"","background-image":"","background-repeat":"repeat","background-position":"center center","background-size":"auto","background-attachment":"scroll","background-type":"","background-media":"","overlay-type":"","overlay-color":"","overlay-opacity":"","overlay-gradient":""}},"ast-content-background-meta":{"desktop":{"background-color":"var(--ast-global-color-5)","background-image":"","background-repeat":"repeat","background-position":"center center","background-size":"auto","background-attachment":"scroll","background-type":"","background-media":"","overlay-type":"","overlay-color":"","overlay-opacity":"","overlay-gradient":""},"tablet":{"background-color":"var(--ast-global-color-5)","background-image":"","background-repeat":"repeat","background-position":"center center","background-size":"auto","background-attachment":"scroll","background-type":"","background-media":"","overlay-type":"","overlay-color":"","overlay-opacity":"","overlay-gradient":""},"mobile":{"background-color":"var(--ast-global-color-5)","background-image":"","background-repeat":"repeat","background-position":"center center","background-size":"auto","background-attachment":"scroll","background-type":"","background-media":"","overlay-type":"","overlay-color":"","overlay-opacity":"","overlay-gradient":""}},"iawp_total_views":4},"product_brand":[],"product_cat":[633],"product_tag":[],"class_list":{"0":"post-17579","1":"product","2":"type-product","3":"status-publish","4":"has-post-thumbnail","6":"product_cat-pc-cables","7":"desktop-align-left","8":"tablet-align-left","9":"mobile-align-left","11":"first","12":"instock","13":"shipping-taxable","14":"purchasable","15":"product-type-simple"},"acf":[],"_links":{"self":[{"href":"https:\/\/www.fjpremium.com\/pt\/wp-json\/wp\/v2\/product\/17579","targetHints":{"allow":["GET"]}}],"collection":[{"href":"https:\/\/www.fjpremium.com\/pt\/wp-json\/wp\/v2\/product"}],"about":[{"href":"https:\/\/www.fjpremium.com\/pt\/wp-json\/wp\/v2\/types\/product"}],"wp:featuredmedia":[{"embeddable":true,"href":"https:\/\/www.fjpremium.com\/pt\/wp-json\/wp\/v2\/media\/17580"}],"wp:attachment":[{"href":"https:\/\/www.fjpremium.com\/pt\/wp-json\/wp\/v2\/media?parent=17579"}],"wp:term":[{"taxonomy":"product_brand","embeddable":true,"href":"https:\/\/www.fjpremium.com\/pt\/wp-json\/wp\/v2\/product_brand?post=17579"},{"taxonomy":"product_cat","embeddable":true,"href":"https:\/\/www.fjpremium.com\/pt\/wp-json\/wp\/v2\/product_cat?post=17579"},{"taxonomy":"product_tag","embeddable":true,"href":"https:\/\/www.fjpremium.com\/pt\/wp-json\/wp\/v2\/product_tag?post=17579"}],"curies":[{"name":"wp","href":"https:\/\/api.w.org\/{rel}","templated":true}]}}