{"id":17563,"date":"2021-03-10T16:55:35","date_gmt":"2021-03-10T08:55:35","guid":{"rendered":"https:\/\/www.fjpremium.com\/?post_type=product&#038;p=17563"},"modified":"2023-09-18T14:21:51","modified_gmt":"2023-09-18T06:21:51","slug":"sata-15-pin-male-to-4-pin-female-lp4-5-25-power-cable-adapter","status":"publish","type":"product","link":"https:\/\/www.fjpremium.com\/pt\/product\/sata-15-pin-male-to-4-pin-female-lp4-5-25-power-cable-adapter\/","title":{"rendered":"Adaptador de cabo de alimenta\u00e7\u00e3o SATA de 15 pinos macho para 4 pinos f\u00eamea"},"content":{"rendered":"<p>Criado propositadamente para ligar unidades de disco r\u00edgido ou unidades \u00f3pticas ATA de s\u00e9rie topo de gama a uma fonte de alimenta\u00e7\u00e3o com portas Molex LP4 antigas, o nosso adaptador revela-se indispens\u00e1vel para si.<\/p>\n<p>A instala\u00e7\u00e3o de unidades de disco r\u00edgido ou de DVD SATA novas ou de substitui\u00e7\u00e3o torna-se muito f\u00e1cil, mesmo quando a fonte de alimenta\u00e7\u00e3o oferece apenas portas de alimenta\u00e7\u00e3o Molex.<\/p>\n<p>Al\u00e9m disso, a qualidade nunca \u00e9 comprometida, os contactos banhados a ouro e as conchas banhadas a n\u00edquel garantem uma conetividade duradoura e eficiente.<\/p>\n<p>O adaptador tem fios vermelhos, pretos duplos e amarelos revestidos com um isolamento HDPE robusto para uma seguran\u00e7a \u00f3ptima. O seu calibre de fio de 18AWG assegura uma liga\u00e7\u00e3o s\u00f3lida e fi\u00e1vel alojada numa caixa robusta de molde de inje\u00e7\u00e3o.<\/p>\n<p>Para al\u00e9m disso, ao adotar as conformidades RoHS e REACH, oferece solu\u00e7\u00f5es sustent\u00e1veis e conscientes em termos de seguran\u00e7a para as suas necessidades de energia.<\/p>\n<p>Em geral, contacte-nos hoje e encomende o nosso adaptador de cabo de alimenta\u00e7\u00e3o SATA.<\/p>","protected":false},"excerpt":{"rendered":"<p>Aumente a conectividade do seu dispositivo SATA com o adaptador de cabo de alimenta\u00e7\u00e3o SATA da Farsince de 15 pinos macho para 4 pinos f\u00eamea, projetado para unidades modernas e fontes de alimenta\u00e7\u00e3o legadas.<\/p>","protected":false},"featured_media":17564,"template":"","meta":{"_acf_changed":false,"_seopress_robots_primary_cat":"","_seopress_titles_title":"Best SATA Power Cable Adapter - Farsince","_seopress_titles_desc":"","_seopress_robots_index":"","site-sidebar-layout":"default","site-content-layout":"default","ast-site-content-layout":"default","site-content-style":"default","site-sidebar-style":"default","ast-global-header-display":"","ast-banner-title-visibility":"","ast-main-header-display":"","ast-hfb-above-header-display":"","ast-hfb-below-header-display":"","ast-hfb-mobile-header-display":"","site-post-title":"","ast-breadcrumbs-content":"","ast-featured-img":"","footer-sml-layout":"","ast-disable-related-posts":"","theme-transparent-header-meta":"default","adv-header-id-meta":"","stick-header-meta":"","header-above-stick-meta":"","header-main-stick-meta":"","header-below-stick-meta":"","astra-migrate-meta-layouts":"set","ast-page-background-enabled":"default","ast-page-background-meta":{"desktop":{"background-color":"","background-image":"","background-repeat":"repeat","background-position":"center center","background-size":"auto","background-attachment":"scroll","background-type":"","background-media":"","overlay-type":"","overlay-color":"","overlay-opacity":"","overlay-gradient":""},"tablet":{"background-color":"","background-image":"","background-repeat":"repeat","background-position":"center center","background-size":"auto","background-attachment":"scroll","background-type":"","background-media":"","overlay-type":"","overlay-color":"","overlay-opacity":"","overlay-gradient":""},"mobile":{"background-color":"","background-image":"","background-repeat":"repeat","background-position":"center center","background-size":"auto","background-attachment":"scroll","background-type":"","background-media":"","overlay-type":"","overlay-color":"","overlay-opacity":"","overlay-gradient":""}},"ast-content-background-meta":{"desktop":{"background-color":"var(--ast-global-color-5)","background-image":"","background-repeat":"repeat","background-position":"center center","background-size":"auto","background-attachment":"scroll","background-type":"","background-media":"","overlay-type":"","overlay-color":"","overlay-opacity":"","overlay-gradient":""},"tablet":{"background-color":"var(--ast-global-color-5)","background-image":"","background-repeat":"repeat","background-position":"center center","background-size":"auto","background-attachment":"scroll","background-type":"","background-media":"","overlay-type":"","overlay-color":"","overlay-opacity":"","overlay-gradient":""},"mobile":{"background-color":"var(--ast-global-color-5)","background-image":"","background-repeat":"repeat","background-position":"center center","background-size":"auto","background-attachment":"scroll","background-type":"","background-media":"","overlay-type":"","overlay-color":"","overlay-opacity":"","overlay-gradient":""}},"iawp_total_views":4},"product_brand":[],"product_cat":[633],"product_tag":[],"class_list":{"0":"post-17563","1":"product","2":"type-product","3":"status-publish","4":"has-post-thumbnail","6":"product_cat-pc-cables","7":"desktop-align-left","8":"tablet-align-left","9":"mobile-align-left","11":"first","12":"instock","13":"shipping-taxable","14":"purchasable","15":"product-type-simple"},"acf":[],"_links":{"self":[{"href":"https:\/\/www.fjpremium.com\/pt\/wp-json\/wp\/v2\/product\/17563","targetHints":{"allow":["GET"]}}],"collection":[{"href":"https:\/\/www.fjpremium.com\/pt\/wp-json\/wp\/v2\/product"}],"about":[{"href":"https:\/\/www.fjpremium.com\/pt\/wp-json\/wp\/v2\/types\/product"}],"wp:featuredmedia":[{"embeddable":true,"href":"https:\/\/www.fjpremium.com\/pt\/wp-json\/wp\/v2\/media\/17564"}],"wp:attachment":[{"href":"https:\/\/www.fjpremium.com\/pt\/wp-json\/wp\/v2\/media?parent=17563"}],"wp:term":[{"taxonomy":"product_brand","embeddable":true,"href":"https:\/\/www.fjpremium.com\/pt\/wp-json\/wp\/v2\/product_brand?post=17563"},{"taxonomy":"product_cat","embeddable":true,"href":"https:\/\/www.fjpremium.com\/pt\/wp-json\/wp\/v2\/product_cat?post=17563"},{"taxonomy":"product_tag","embeddable":true,"href":"https:\/\/www.fjpremium.com\/pt\/wp-json\/wp\/v2\/product_tag?post=17563"}],"curies":[{"name":"wp","href":"https:\/\/api.w.org\/{rel}","templated":true}]}}