{"id":17553,"date":"2021-03-10T16:53:45","date_gmt":"2021-03-10T08:53:45","guid":{"rendered":"https:\/\/www.fjpremium.com\/?post_type=product&#038;p=17553"},"modified":"2023-09-18T14:19:44","modified_gmt":"2023-09-18T06:19:44","slug":"sata-iii-cable-90-degree-angle-sata-3-0-hdd-sdd-data-cable-with-locking-latch","status":"publish","type":"product","link":"https:\/\/www.fjpremium.com\/pt\/product\/sata-iii-cable-90-degree-angle-sata-3-0-hdd-sdd-data-cable-with-locking-latch\/","title":{"rendered":"Cabo SATA III, Cabo de dados SDD HDD SATA 3.0 com \u00e2ngulo de 90 graus e trinco de bloqueio"},"content":{"rendered":"<p>O nosso cabo conetor de elevado desempenho foi concebido para ligar placas-m\u00e3e e controladores anfitri\u00f5es a unidades de disco r\u00edgido e unidades de DVD ATA de s\u00e9rie internas, abrindo caminho a extensas melhorias de armazenamento para o seu computador.<\/p>\n<p>Mas lembre-se de que o seu disco r\u00edgido ter\u00e1 de ser alimentado separadamente.<\/p>\n<p>Ir\u00e1 experimentar o poder da mais recente revis\u00e3o SATA 3.0, permitindo que as velocidades de transfer\u00eancia de dados subam at\u00e9 6 Gbps. Isto \u00e9 duas vezes mais r\u00e1pido do que a SATA II e com compatibilidade retroactiva com a SATA I e II.<\/p>\n<p>Cada extremidade deste cabo possui um fecho de bloqueio, garantindo transfer\u00eancias de ficheiros seguras e fi\u00e1veis. E a sua instala\u00e7\u00e3o \u00e9 t\u00e3o f\u00e1cil como ligar e utilizar, n\u00e3o necessitando de software adicional.<\/p>\n<p>As suas especifica\u00e7\u00f5es:<\/p>\n<ul>\n<li>Condutor do cabo: Cobre nu 7 n\u00facleos<\/li>\n<li>Isolamento: Espuma de PE SKIN\/HDPE<\/li>\n<li>Bitola do fio: 26AWG<\/li>\n<li>Blindagem: Fio de drenagem<\/li>\n<li>Carca\u00e7a: Molde de inje\u00e7\u00e3o<\/li>\n<li>Di\u00e2metro exterior: 2,3\u00d78,3 mm<\/li>\n<li>Conformidade: RoHS, REACH<\/li>\n<\/ul>\n<p>Al\u00e9m disso, o nosso cabo SATA III, envolto num revestimento de PVC dur\u00e1vel, oferece contactos banhados a ouro e um inv\u00f3lucro banhado a n\u00edquel para uma conetividade \u00f3ptima.<\/p>\n<p>Assim, contacte-nos hoje mesmo e escolha o cabo para uma velocidade e fiabilidade sem compromissos.<\/p>","protected":false},"excerpt":{"rendered":"<p>Liberte possibilidades de armazenamento melhoradas e transfer\u00eancias de dados mais r\u00e1pidas com este cabo SATA III, que oferece velocidades at\u00e9 6 Gbps e compatibilidade com vers\u00f5es anteriores.<\/p>","protected":false},"featured_media":17554,"template":"","meta":{"_acf_changed":false,"_seopress_robots_primary_cat":"","_seopress_titles_title":"Best SATA III Cable, 90 Degree Angle - Farsince","_seopress_titles_desc":"","_seopress_robots_index":"","site-sidebar-layout":"default","site-content-layout":"default","ast-site-content-layout":"default","site-content-style":"default","site-sidebar-style":"default","ast-global-header-display":"","ast-banner-title-visibility":"","ast-main-header-display":"","ast-hfb-above-header-display":"","ast-hfb-below-header-display":"","ast-hfb-mobile-header-display":"","site-post-title":"","ast-breadcrumbs-content":"","ast-featured-img":"","footer-sml-layout":"","ast-disable-related-posts":"","theme-transparent-header-meta":"default","adv-header-id-meta":"","stick-header-meta":"","header-above-stick-meta":"","header-main-stick-meta":"","header-below-stick-meta":"","astra-migrate-meta-layouts":"set","ast-page-background-enabled":"default","ast-page-background-meta":{"desktop":{"background-color":"","background-image":"","background-repeat":"repeat","background-position":"center center","background-size":"auto","background-attachment":"scroll","background-type":"","background-media":"","overlay-type":"","overlay-color":"","overlay-opacity":"","overlay-gradient":""},"tablet":{"background-color":"","background-image":"","background-repeat":"repeat","background-position":"center center","background-size":"auto","background-attachment":"scroll","background-type":"","background-media":"","overlay-type":"","overlay-color":"","overlay-opacity":"","overlay-gradient":""},"mobile":{"background-color":"","background-image":"","background-repeat":"repeat","background-position":"center center","background-size":"auto","background-attachment":"scroll","background-type":"","background-media":"","overlay-type":"","overlay-color":"","overlay-opacity":"","overlay-gradient":""}},"ast-content-background-meta":{"desktop":{"background-color":"var(--ast-global-color-5)","background-image":"","background-repeat":"repeat","background-position":"center center","background-size":"auto","background-attachment":"scroll","background-type":"","background-media":"","overlay-type":"","overlay-color":"","overlay-opacity":"","overlay-gradient":""},"tablet":{"background-color":"var(--ast-global-color-5)","background-image":"","background-repeat":"repeat","background-position":"center center","background-size":"auto","background-attachment":"scroll","background-type":"","background-media":"","overlay-type":"","overlay-color":"","overlay-opacity":"","overlay-gradient":""},"mobile":{"background-color":"var(--ast-global-color-5)","background-image":"","background-repeat":"repeat","background-position":"center center","background-size":"auto","background-attachment":"scroll","background-type":"","background-media":"","overlay-type":"","overlay-color":"","overlay-opacity":"","overlay-gradient":""}},"iawp_total_views":7},"product_brand":[],"product_cat":[633],"product_tag":[],"class_list":{"0":"post-17553","1":"product","2":"type-product","3":"status-publish","4":"has-post-thumbnail","6":"product_cat-pc-cables","7":"desktop-align-left","8":"tablet-align-left","9":"mobile-align-left","11":"first","12":"instock","13":"shipping-taxable","14":"purchasable","15":"product-type-simple"},"acf":[],"_links":{"self":[{"href":"https:\/\/www.fjpremium.com\/pt\/wp-json\/wp\/v2\/product\/17553","targetHints":{"allow":["GET"]}}],"collection":[{"href":"https:\/\/www.fjpremium.com\/pt\/wp-json\/wp\/v2\/product"}],"about":[{"href":"https:\/\/www.fjpremium.com\/pt\/wp-json\/wp\/v2\/types\/product"}],"wp:featuredmedia":[{"embeddable":true,"href":"https:\/\/www.fjpremium.com\/pt\/wp-json\/wp\/v2\/media\/17554"}],"wp:attachment":[{"href":"https:\/\/www.fjpremium.com\/pt\/wp-json\/wp\/v2\/media?parent=17553"}],"wp:term":[{"taxonomy":"product_brand","embeddable":true,"href":"https:\/\/www.fjpremium.com\/pt\/wp-json\/wp\/v2\/product_brand?post=17553"},{"taxonomy":"product_cat","embeddable":true,"href":"https:\/\/www.fjpremium.com\/pt\/wp-json\/wp\/v2\/product_cat?post=17553"},{"taxonomy":"product_tag","embeddable":true,"href":"https:\/\/www.fjpremium.com\/pt\/wp-json\/wp\/v2\/product_tag?post=17553"}],"curies":[{"name":"wp","href":"https:\/\/api.w.org\/{rel}","templated":true}]}}