{"id":17546,"date":"2021-03-10T16:52:07","date_gmt":"2021-03-10T08:52:07","guid":{"rendered":"https:\/\/www.fjpremium.com\/?post_type=product&#038;p=17546"},"modified":"2023-09-18T14:17:22","modified_gmt":"2023-09-18T06:17:22","slug":"sata-iii-cable-straight-sata-3-0-hdd-sdd-data-cable-with-locking-latch","status":"publish","type":"product","link":"https:\/\/www.fjpremium.com\/pt\/product\/sata-iii-cable-straight-sata-3-0-hdd-sdd-data-cable-with-locking-latch\/","title":{"rendered":"Cabo SATA III, cabo de dados SATA 3.0 HDD SSD reto com fecho de bloqueio"},"content":{"rendered":"<p>Especificamente concebido para ligar placas-m\u00e3e e controladores anfitri\u00f5es a discos r\u00edgidos ATA de s\u00e9rie internos e unidades de DVD, o nosso cabo \u00e9 a solu\u00e7\u00e3o perfeita para actualiza\u00e7\u00f5es r\u00e1pidas do computador.<\/p>\n<p>No entanto, tenha em aten\u00e7\u00e3o que se destina \u00e0 transfer\u00eancia de dados e n\u00e3o alimenta o disco r\u00edgido, que deve ser alimentado de forma independente.<\/p>\n<p>Este cabo aproveita o potencial da mais recente tecnologia SATA revis\u00e3o 3.0, permitindo velocidades de transfer\u00eancia de dados impressionantes at\u00e9 6 Gbps, o dobro da velocidade da SATA II.<\/p>\n<p>E com compatibilidade retroactiva total com SATA I e II, proporciona uma versatilidade sem igual.<\/p>\n<p>O cabo de dados SSD possui um fecho de bloqueio em cada extremidade, proporcionando liga\u00e7\u00f5es seguras para transfer\u00eancias de ficheiros r\u00e1pidas e fi\u00e1veis. N\u00e3o \u00e9 necess\u00e1rio software adicional; \u00e9 um simples plug-and-play.<\/p>\n<p>As suas especifica\u00e7\u00f5es:<\/p>\n<ul>\n<li>Condutor do cabo: Cobre nu 7 n\u00facleos<\/li>\n<li>Isolamento: Espuma de PE SKIN\/HDPE<\/li>\n<li>Bitola do fio: 26AWG<\/li>\n<li>Blindagem: Fio de drenagem<\/li>\n<li>Carca\u00e7a: Molde de inje\u00e7\u00e3o<\/li>\n<li>Di\u00e2metro exterior: 2,3\u00d78,3 mm<\/li>\n<li>Conformidade: RoHS, REACH<\/li>\n<\/ul>\n<p>Al\u00e9m disso, oferece qualidade e desempenho de topo com contactos banhados a ouro, um inv\u00f3lucro banhado a n\u00edquel e um revestimento de PVC dur\u00e1vel. Por isso, contacte-nos hoje mesmo e encomende-o.<\/p>","protected":false},"excerpt":{"rendered":"<p>Aumente as suas capacidades de transfer\u00eancia de dados e melhore o seu armazenamento com o cabo de dados SSD da Farsince com fecho de bloqueio, a solu\u00e7\u00e3o ideal para actualiza\u00e7\u00f5es de computadores.<\/p>","protected":false},"featured_media":17547,"template":"","meta":{"_acf_changed":false,"_seopress_robots_primary_cat":"","_seopress_titles_title":"Best Straight SATA 3.0 HDD SSD Data Cable - Farsince","_seopress_titles_desc":"","_seopress_robots_index":"","site-sidebar-layout":"default","site-content-layout":"default","ast-site-content-layout":"default","site-content-style":"default","site-sidebar-style":"default","ast-global-header-display":"","ast-banner-title-visibility":"","ast-main-header-display":"","ast-hfb-above-header-display":"","ast-hfb-below-header-display":"","ast-hfb-mobile-header-display":"","site-post-title":"","ast-breadcrumbs-content":"","ast-featured-img":"","footer-sml-layout":"","ast-disable-related-posts":"","theme-transparent-header-meta":"default","adv-header-id-meta":"","stick-header-meta":"","header-above-stick-meta":"","header-main-stick-meta":"","header-below-stick-meta":"","astra-migrate-meta-layouts":"set","ast-page-background-enabled":"default","ast-page-background-meta":{"desktop":{"background-color":"","background-image":"","background-repeat":"repeat","background-position":"center center","background-size":"auto","background-attachment":"scroll","background-type":"","background-media":"","overlay-type":"","overlay-color":"","overlay-opacity":"","overlay-gradient":""},"tablet":{"background-color":"","background-image":"","background-repeat":"repeat","background-position":"center center","background-size":"auto","background-attachment":"scroll","background-type":"","background-media":"","overlay-type":"","overlay-color":"","overlay-opacity":"","overlay-gradient":""},"mobile":{"background-color":"","background-image":"","background-repeat":"repeat","background-position":"center center","background-size":"auto","background-attachment":"scroll","background-type":"","background-media":"","overlay-type":"","overlay-color":"","overlay-opacity":"","overlay-gradient":""}},"ast-content-background-meta":{"desktop":{"background-color":"var(--ast-global-color-5)","background-image":"","background-repeat":"repeat","background-position":"center center","background-size":"auto","background-attachment":"scroll","background-type":"","background-media":"","overlay-type":"","overlay-color":"","overlay-opacity":"","overlay-gradient":""},"tablet":{"background-color":"var(--ast-global-color-5)","background-image":"","background-repeat":"repeat","background-position":"center center","background-size":"auto","background-attachment":"scroll","background-type":"","background-media":"","overlay-type":"","overlay-color":"","overlay-opacity":"","overlay-gradient":""},"mobile":{"background-color":"var(--ast-global-color-5)","background-image":"","background-repeat":"repeat","background-position":"center center","background-size":"auto","background-attachment":"scroll","background-type":"","background-media":"","overlay-type":"","overlay-color":"","overlay-opacity":"","overlay-gradient":""}},"iawp_total_views":7},"product_brand":[],"product_cat":[633],"product_tag":[],"class_list":{"0":"post-17546","1":"product","2":"type-product","3":"status-publish","4":"has-post-thumbnail","6":"product_cat-pc-cables","7":"desktop-align-left","8":"tablet-align-left","9":"mobile-align-left","11":"first","12":"instock","13":"shipping-taxable","14":"purchasable","15":"product-type-simple"},"acf":[],"_links":{"self":[{"href":"https:\/\/www.fjpremium.com\/pt\/wp-json\/wp\/v2\/product\/17546","targetHints":{"allow":["GET"]}}],"collection":[{"href":"https:\/\/www.fjpremium.com\/pt\/wp-json\/wp\/v2\/product"}],"about":[{"href":"https:\/\/www.fjpremium.com\/pt\/wp-json\/wp\/v2\/types\/product"}],"wp:featuredmedia":[{"embeddable":true,"href":"https:\/\/www.fjpremium.com\/pt\/wp-json\/wp\/v2\/media\/17547"}],"wp:attachment":[{"href":"https:\/\/www.fjpremium.com\/pt\/wp-json\/wp\/v2\/media?parent=17546"}],"wp:term":[{"taxonomy":"product_brand","embeddable":true,"href":"https:\/\/www.fjpremium.com\/pt\/wp-json\/wp\/v2\/product_brand?post=17546"},{"taxonomy":"product_cat","embeddable":true,"href":"https:\/\/www.fjpremium.com\/pt\/wp-json\/wp\/v2\/product_cat?post=17546"},{"taxonomy":"product_tag","embeddable":true,"href":"https:\/\/www.fjpremium.com\/pt\/wp-json\/wp\/v2\/product_tag?post=17546"}],"curies":[{"name":"wp","href":"https:\/\/api.w.org\/{rel}","templated":true}]}}