{"id":17543,"date":"2021-03-10T16:50:32","date_gmt":"2021-03-10T08:50:32","guid":{"rendered":"https:\/\/www.fjpremium.com\/?post_type=product&#038;p=17543"},"modified":"2023-09-18T14:12:30","modified_gmt":"2023-09-18T06:12:30","slug":"sata-ii-cable-90-degree-angle-sata-2-0-hdd-sdd-data-cable-with-locking-latch","status":"publish","type":"product","link":"https:\/\/www.fjpremium.com\/pt\/product\/sata-ii-cable-90-degree-angle-sata-2-0-hdd-sdd-data-cable-with-locking-latch\/","title":{"rendered":"Cabo SATA II, cabo de dados HDD SSD SATA 2.0 com \u00e2ngulo de 90 graus e fecho de bloqueio"},"content":{"rendered":"<p>Concebido para ligar placas-m\u00e3e e controladores anfitri\u00f5es a discos r\u00edgidos SATA e unidades de DVD, o cabo simplifica o processo de atualiza\u00e7\u00e3o do computador.<\/p>\n<p>O design em \u00e2ngulo de 90 graus garante uma gest\u00e3o mais f\u00e1cil dos cabos e um melhor fluxo de ar na caixa do computador. Al\u00e9m disso, proporciona velocidades de transfer\u00eancia de dados r\u00e1pidas at\u00e9 3 Gbps, com um fecho de bloqueio seguro em cada extremidade para transfer\u00eancias de ficheiros seguras e fi\u00e1veis.<\/p>\n<p>O nosso cabo \u00e9 retrocompat\u00edvel com USB 1.1 de velocidade total e USB 1.0 de baixa velocidade, oferecendo uma utiliza\u00e7\u00e3o vers\u00e1til entre dispositivos.<\/p>\n<p>As suas especifica\u00e7\u00f5es:<\/p>\n<ul>\n<li>Contacto banhado a ouro, concha banhada a n\u00edquel<\/li>\n<li>Condutor do cabo: Cobre nu 6 n\u00facleos<\/li>\n<li>Isolamento: Espuma de PE SKIN\/HDPE<\/li>\n<li>Bitola do fio: 26AWG<\/li>\n<li>Blindagem: Fio de drenagem<\/li>\n<li>Carca\u00e7a: Molde de inje\u00e7\u00e3o<\/li>\n<li>Revestimento: PVC<\/li>\n<li>Di\u00e2metro exterior: 2,2\u00d77,8 mm<\/li>\n<li>Conformidade: RoHS, REACH<\/li>\n<\/ul>\n<p>Mas lembre-se, \u00e9 um cabo apenas para dados; a alimenta\u00e7\u00e3o do disco r\u00edgido deve ser separada. Em suma, contacte-nos hoje e invista neste cabo SATA II.<\/p>","protected":false},"excerpt":{"rendered":"<p>Desbloqueie uma transfer\u00eancia de dados eficiente e segura com o cabo SATA II da Farsince para velocidades de 3 Gbps, um design de \u00e2ngulo de 90 graus e um fecho de bloqueio seguro.<\/p>","protected":false},"featured_media":17544,"template":"","meta":{"_acf_changed":false,"_seopress_robots_primary_cat":"","_seopress_titles_title":"Best 90 Degree Angle SATA II Cable - Farsince","_seopress_titles_desc":"","_seopress_robots_index":"","site-sidebar-layout":"default","site-content-layout":"default","ast-site-content-layout":"default","site-content-style":"default","site-sidebar-style":"default","ast-global-header-display":"","ast-banner-title-visibility":"","ast-main-header-display":"","ast-hfb-above-header-display":"","ast-hfb-below-header-display":"","ast-hfb-mobile-header-display":"","site-post-title":"","ast-breadcrumbs-content":"","ast-featured-img":"","footer-sml-layout":"","ast-disable-related-posts":"","theme-transparent-header-meta":"default","adv-header-id-meta":"","stick-header-meta":"","header-above-stick-meta":"","header-main-stick-meta":"","header-below-stick-meta":"","astra-migrate-meta-layouts":"set","ast-page-background-enabled":"default","ast-page-background-meta":{"desktop":{"background-color":"","background-image":"","background-repeat":"repeat","background-position":"center center","background-size":"auto","background-attachment":"scroll","background-type":"","background-media":"","overlay-type":"","overlay-color":"","overlay-opacity":"","overlay-gradient":""},"tablet":{"background-color":"","background-image":"","background-repeat":"repeat","background-position":"center center","background-size":"auto","background-attachment":"scroll","background-type":"","background-media":"","overlay-type":"","overlay-color":"","overlay-opacity":"","overlay-gradient":""},"mobile":{"background-color":"","background-image":"","background-repeat":"repeat","background-position":"center center","background-size":"auto","background-attachment":"scroll","background-type":"","background-media":"","overlay-type":"","overlay-color":"","overlay-opacity":"","overlay-gradient":""}},"ast-content-background-meta":{"desktop":{"background-color":"var(--ast-global-color-5)","background-image":"","background-repeat":"repeat","background-position":"center center","background-size":"auto","background-attachment":"scroll","background-type":"","background-media":"","overlay-type":"","overlay-color":"","overlay-opacity":"","overlay-gradient":""},"tablet":{"background-color":"var(--ast-global-color-5)","background-image":"","background-repeat":"repeat","background-position":"center center","background-size":"auto","background-attachment":"scroll","background-type":"","background-media":"","overlay-type":"","overlay-color":"","overlay-opacity":"","overlay-gradient":""},"mobile":{"background-color":"var(--ast-global-color-5)","background-image":"","background-repeat":"repeat","background-position":"center center","background-size":"auto","background-attachment":"scroll","background-type":"","background-media":"","overlay-type":"","overlay-color":"","overlay-opacity":"","overlay-gradient":""}},"iawp_total_views":4},"product_brand":[],"product_cat":[633],"product_tag":[],"class_list":{"0":"post-17543","1":"product","2":"type-product","3":"status-publish","4":"has-post-thumbnail","6":"product_cat-pc-cables","7":"desktop-align-left","8":"tablet-align-left","9":"mobile-align-left","11":"first","12":"instock","13":"shipping-taxable","14":"purchasable","15":"product-type-simple"},"acf":[],"_links":{"self":[{"href":"https:\/\/www.fjpremium.com\/pt\/wp-json\/wp\/v2\/product\/17543","targetHints":{"allow":["GET"]}}],"collection":[{"href":"https:\/\/www.fjpremium.com\/pt\/wp-json\/wp\/v2\/product"}],"about":[{"href":"https:\/\/www.fjpremium.com\/pt\/wp-json\/wp\/v2\/types\/product"}],"wp:featuredmedia":[{"embeddable":true,"href":"https:\/\/www.fjpremium.com\/pt\/wp-json\/wp\/v2\/media\/17544"}],"wp:attachment":[{"href":"https:\/\/www.fjpremium.com\/pt\/wp-json\/wp\/v2\/media?parent=17543"}],"wp:term":[{"taxonomy":"product_brand","embeddable":true,"href":"https:\/\/www.fjpremium.com\/pt\/wp-json\/wp\/v2\/product_brand?post=17543"},{"taxonomy":"product_cat","embeddable":true,"href":"https:\/\/www.fjpremium.com\/pt\/wp-json\/wp\/v2\/product_cat?post=17543"},{"taxonomy":"product_tag","embeddable":true,"href":"https:\/\/www.fjpremium.com\/pt\/wp-json\/wp\/v2\/product_tag?post=17543"}],"curies":[{"name":"wp","href":"https:\/\/api.w.org\/{rel}","templated":true}]}}