{"id":17513,"date":"2021-03-10T16:42:24","date_gmt":"2021-03-10T08:42:24","guid":{"rendered":"https:\/\/www.fjpremium.com\/?post_type=product&#038;p=17513"},"modified":"2023-12-14T14:00:19","modified_gmt":"2023-12-14T06:00:19","slug":"usb-2-0-to-rs232-db9-female-serial-adapter-cable","status":"publish","type":"product","link":"https:\/\/www.fjpremium.com\/pt\/product\/usb-2-0-to-rs232-db9-female-serial-adapter-cable\/","title":{"rendered":"Cabo adaptador de s\u00e9rie USB 2.0 para RS232 DB9 f\u00eamea"},"content":{"rendered":"<p>O nosso inovador cabo adaptador de s\u00e9rie liga sem problemas um dispositivo DB9 (9 PIN) de s\u00e9rie, como um modem, a uma porta USB no seu computador.<\/p>\n<p>\u00c9 tamb\u00e9m compat\u00edvel com v\u00e1rios dispositivos, incluindo adaptadores de terminais RDIS, c\u00e2maras digitais, gravadores de etiquetas, palm PCs, PDAs e portas DB9 SERIAL.<\/p>\n<p>Constru\u00eddo com o mais recente chipset Prolific FTDI232RL ou PL2303TA, suporta uma elevada taxa de transfer\u00eancia de dados de 1Mbps.<\/p>\n<p>Esta ferramenta \u00e9 plug-and-play para uma configura\u00e7\u00e3o sem esfor\u00e7o nos sistemas Windows, Linux e Mac OS X.<\/p>\n<p>As suas especifica\u00e7\u00f5es:<\/p>\n<ul>\n<li>Conector 1: USB 2.0 macho<\/li>\n<li>Conector 2: RS232 DB9 f\u00eamea<\/li>\n<li>Contacto banhado a ouro, concha banhada a n\u00edquel<\/li>\n<li>Caixa: Inje\u00e7\u00e3o de pl\u00e1stico<\/li>\n<li>Revestimento: PVC<\/li>\n<li>Chip: PL2302TA ou FTDIRL<\/li>\n<\/ul>\n<p>Al\u00e9m disso, note-se que \u00e9 incompat\u00edvel com a plotter de corte, SCM. Em conformidade com as normas RoHS e REACH, \u00e9 uma escolha ecol\u00f3gica.<\/p>\n<p>Por isso, contacte-nos hoje mesmo e invista no cabo.<\/p>","protected":false},"excerpt":{"rendered":"<p>Entre no mundo da conetividade eficiente com o cabo adaptador de s\u00e9rie USB 2.0 para RS232 DB9 f\u00eamea da Farsince, que oferece a conveni\u00eancia de ligar e usar, juntamente com a conformidade com RoHS e REACH.<\/p>","protected":false},"featured_media":17514,"template":"","meta":{"_acf_changed":false,"_seopress_robots_primary_cat":"","_seopress_titles_title":"USB 2.0 to RS232 DB9 Female Serial Adapter Cable - FARSINCE","_seopress_titles_desc":"Step into efficient connectivity with the Farsince USB 2.0 to RS232 DB9 female serial adapter cable, boasting plug-and-play convenience.","_seopress_robots_index":"","site-sidebar-layout":"default","site-content-layout":"default","ast-site-content-layout":"default","site-content-style":"default","site-sidebar-style":"default","ast-global-header-display":"","ast-banner-title-visibility":"","ast-main-header-display":"","ast-hfb-above-header-display":"","ast-hfb-below-header-display":"","ast-hfb-mobile-header-display":"","site-post-title":"","ast-breadcrumbs-content":"","ast-featured-img":"","footer-sml-layout":"","ast-disable-related-posts":"","theme-transparent-header-meta":"default","adv-header-id-meta":"","stick-header-meta":"","header-above-stick-meta":"","header-main-stick-meta":"","header-below-stick-meta":"","astra-migrate-meta-layouts":"set","ast-page-background-enabled":"default","ast-page-background-meta":{"desktop":{"background-color":"","background-image":"","background-repeat":"repeat","background-position":"center center","background-size":"auto","background-attachment":"scroll","background-type":"","background-media":"","overlay-type":"","overlay-color":"","overlay-opacity":"","overlay-gradient":""},"tablet":{"background-color":"","background-image":"","background-repeat":"repeat","background-position":"center center","background-size":"auto","background-attachment":"scroll","background-type":"","background-media":"","overlay-type":"","overlay-color":"","overlay-opacity":"","overlay-gradient":""},"mobile":{"background-color":"","background-image":"","background-repeat":"repeat","background-position":"center center","background-size":"auto","background-attachment":"scroll","background-type":"","background-media":"","overlay-type":"","overlay-color":"","overlay-opacity":"","overlay-gradient":""}},"ast-content-background-meta":{"desktop":{"background-color":"var(--ast-global-color-5)","background-image":"","background-repeat":"repeat","background-position":"center center","background-size":"auto","background-attachment":"scroll","background-type":"","background-media":"","overlay-type":"","overlay-color":"","overlay-opacity":"","overlay-gradient":""},"tablet":{"background-color":"var(--ast-global-color-5)","background-image":"","background-repeat":"repeat","background-position":"center center","background-size":"auto","background-attachment":"scroll","background-type":"","background-media":"","overlay-type":"","overlay-color":"","overlay-opacity":"","overlay-gradient":""},"mobile":{"background-color":"var(--ast-global-color-5)","background-image":"","background-repeat":"repeat","background-position":"center center","background-size":"auto","background-attachment":"scroll","background-type":"","background-media":"","overlay-type":"","overlay-color":"","overlay-opacity":"","overlay-gradient":""}},"iawp_total_views":6},"product_brand":[],"product_cat":[632,637],"product_tag":[],"class_list":{"0":"post-17513","1":"product","2":"type-product","3":"status-publish","4":"has-post-thumbnail","6":"product_cat-usb","7":"product_cat-usb-converters","8":"desktop-align-left","9":"tablet-align-left","10":"mobile-align-left","12":"first","13":"instock","14":"shipping-taxable","15":"purchasable","16":"product-type-simple"},"acf":[],"_links":{"self":[{"href":"https:\/\/www.fjpremium.com\/pt\/wp-json\/wp\/v2\/product\/17513","targetHints":{"allow":["GET"]}}],"collection":[{"href":"https:\/\/www.fjpremium.com\/pt\/wp-json\/wp\/v2\/product"}],"about":[{"href":"https:\/\/www.fjpremium.com\/pt\/wp-json\/wp\/v2\/types\/product"}],"wp:featuredmedia":[{"embeddable":true,"href":"https:\/\/www.fjpremium.com\/pt\/wp-json\/wp\/v2\/media\/17514"}],"wp:attachment":[{"href":"https:\/\/www.fjpremium.com\/pt\/wp-json\/wp\/v2\/media?parent=17513"}],"wp:term":[{"taxonomy":"product_brand","embeddable":true,"href":"https:\/\/www.fjpremium.com\/pt\/wp-json\/wp\/v2\/product_brand?post=17513"},{"taxonomy":"product_cat","embeddable":true,"href":"https:\/\/www.fjpremium.com\/pt\/wp-json\/wp\/v2\/product_cat?post=17513"},{"taxonomy":"product_tag","embeddable":true,"href":"https:\/\/www.fjpremium.com\/pt\/wp-json\/wp\/v2\/product_tag?post=17513"}],"curies":[{"name":"wp","href":"https:\/\/api.w.org\/{rel}","templated":true}]}}