{"id":17505,"date":"2021-03-10T16:41:21","date_gmt":"2021-03-10T08:41:21","guid":{"rendered":"https:\/\/www.fjpremium.com\/?post_type=product&#038;p=17505"},"modified":"2023-09-26T15:40:57","modified_gmt":"2023-09-26T07:40:57","slug":"usb-2-0-to-rs232-serial-db9-male-adapter-cable-2","status":"publish","type":"product","link":"https:\/\/www.fjpremium.com\/pt\/product\/usb-2-0-to-rs232-serial-db9-male-adapter-cable-2\/","title":{"rendered":"Cabo adaptador USB para RS232 S\u00e9rie DB9"},"content":{"rendered":"<p>Esta ferramenta indispens\u00e1vel permite uma liga\u00e7\u00e3o r\u00e1pida entre um dispositivo DB9 (9 PIN) de s\u00e9rie, como um modem, e uma porta USB no seu computador.<\/p>\n<p>Concebido com o chipset Prolific FTDI232RL ou PL2303TA de ponta, permite uma taxa de transfer\u00eancia de dados de alta velocidade de 1 Mbps.<\/p>\n<p>E o seu design plug-and-play garante uma configura\u00e7\u00e3o sem esfor\u00e7o, enquanto a ampla compatibilidade permite a utiliza\u00e7\u00e3o em v\u00e1rios sistemas operativos.<\/p>\n<p>Informamos que o cabo adaptador USB para RS232 s\u00e9rie DB9 \u00e9 incompat\u00edvel com a plotter de corte, SCM.<\/p>\n<p>As suas especifica\u00e7\u00f5es:<\/p>\n<ul>\n<li>Conector 1: USB 2.0 macho<\/li>\n<li>Conector 2: RS232 DB9 macho<\/li>\n<li>Contacto banhado a ouro, concha banhada a n\u00edquel<\/li>\n<li>Caixa: Inje\u00e7\u00e3o de pl\u00e1stico<\/li>\n<li>Chip: PL2302TA ou FTDIRL<\/li>\n<li>Revestimento: PVC<\/li>\n<\/ul>\n<p>Al\u00e9m disso, em conformidade com as normas RoHS e REACH, \u00e9 a sua escolha sustent\u00e1vel. Em suma, contacte-nos hoje e adicione o nosso cabo ao seu invent\u00e1rio.<\/p>","protected":false},"excerpt":{"rendered":"<p>Desbloqueie conectividade robusta com o cabo adaptador Farsince USB para RS232 serial DB9, prometendo transfer\u00eancia de dados em alta velocidade, simplicidade plug-and-play e conformidade ecol\u00f3gica com RoHS e REACH.<\/p>","protected":false},"featured_media":17506,"template":"","meta":{"_acf_changed":false,"_seopress_robots_primary_cat":"","_seopress_titles_title":"USB to RS232 Serial DB9 Adapter Cable - FARSINCE","_seopress_titles_desc":"Unlock robust connectivity with Farsince USB to RS232 serial DB9 adapter cable, promising high-speed data transfer and plug-and-play simplicity.","_seopress_robots_index":"","site-sidebar-layout":"default","site-content-layout":"default","ast-site-content-layout":"default","site-content-style":"default","site-sidebar-style":"default","ast-global-header-display":"","ast-banner-title-visibility":"","ast-main-header-display":"","ast-hfb-above-header-display":"","ast-hfb-below-header-display":"","ast-hfb-mobile-header-display":"","site-post-title":"","ast-breadcrumbs-content":"","ast-featured-img":"","footer-sml-layout":"","ast-disable-related-posts":"","theme-transparent-header-meta":"default","adv-header-id-meta":"","stick-header-meta":"","header-above-stick-meta":"","header-main-stick-meta":"","header-below-stick-meta":"","astra-migrate-meta-layouts":"set","ast-page-background-enabled":"default","ast-page-background-meta":{"desktop":{"background-color":"","background-image":"","background-repeat":"repeat","background-position":"center center","background-size":"auto","background-attachment":"scroll","background-type":"","background-media":"","overlay-type":"","overlay-color":"","overlay-opacity":"","overlay-gradient":""},"tablet":{"background-color":"","background-image":"","background-repeat":"repeat","background-position":"center center","background-size":"auto","background-attachment":"scroll","background-type":"","background-media":"","overlay-type":"","overlay-color":"","overlay-opacity":"","overlay-gradient":""},"mobile":{"background-color":"","background-image":"","background-repeat":"repeat","background-position":"center center","background-size":"auto","background-attachment":"scroll","background-type":"","background-media":"","overlay-type":"","overlay-color":"","overlay-opacity":"","overlay-gradient":""}},"ast-content-background-meta":{"desktop":{"background-color":"var(--ast-global-color-5)","background-image":"","background-repeat":"repeat","background-position":"center center","background-size":"auto","background-attachment":"scroll","background-type":"","background-media":"","overlay-type":"","overlay-color":"","overlay-opacity":"","overlay-gradient":""},"tablet":{"background-color":"var(--ast-global-color-5)","background-image":"","background-repeat":"repeat","background-position":"center center","background-size":"auto","background-attachment":"scroll","background-type":"","background-media":"","overlay-type":"","overlay-color":"","overlay-opacity":"","overlay-gradient":""},"mobile":{"background-color":"var(--ast-global-color-5)","background-image":"","background-repeat":"repeat","background-position":"center center","background-size":"auto","background-attachment":"scroll","background-type":"","background-media":"","overlay-type":"","overlay-color":"","overlay-opacity":"","overlay-gradient":""}},"iawp_total_views":7},"product_brand":[],"product_cat":[632],"product_tag":[],"class_list":{"0":"post-17505","1":"product","2":"type-product","3":"status-publish","4":"has-post-thumbnail","6":"product_cat-usb","7":"desktop-align-left","8":"tablet-align-left","9":"mobile-align-left","11":"first","12":"instock","13":"shipping-taxable","14":"purchasable","15":"product-type-simple"},"acf":[],"_links":{"self":[{"href":"https:\/\/www.fjpremium.com\/pt\/wp-json\/wp\/v2\/product\/17505","targetHints":{"allow":["GET"]}}],"collection":[{"href":"https:\/\/www.fjpremium.com\/pt\/wp-json\/wp\/v2\/product"}],"about":[{"href":"https:\/\/www.fjpremium.com\/pt\/wp-json\/wp\/v2\/types\/product"}],"wp:featuredmedia":[{"embeddable":true,"href":"https:\/\/www.fjpremium.com\/pt\/wp-json\/wp\/v2\/media\/17506"}],"wp:attachment":[{"href":"https:\/\/www.fjpremium.com\/pt\/wp-json\/wp\/v2\/media?parent=17505"}],"wp:term":[{"taxonomy":"product_brand","embeddable":true,"href":"https:\/\/www.fjpremium.com\/pt\/wp-json\/wp\/v2\/product_brand?post=17505"},{"taxonomy":"product_cat","embeddable":true,"href":"https:\/\/www.fjpremium.com\/pt\/wp-json\/wp\/v2\/product_cat?post=17505"},{"taxonomy":"product_tag","embeddable":true,"href":"https:\/\/www.fjpremium.com\/pt\/wp-json\/wp\/v2\/product_tag?post=17505"}],"curies":[{"name":"wp","href":"https:\/\/api.w.org\/{rel}","templated":true}]}}