{"id":17496,"date":"2021-03-10T16:39:29","date_gmt":"2021-03-10T08:39:29","guid":{"rendered":"https:\/\/www.fjpremium.com\/?post_type=product&#038;p=17496"},"modified":"2023-12-14T14:00:20","modified_gmt":"2023-12-14T06:00:20","slug":"usb-2-0-to-rs232-serial-db9-male-adapter-cable","status":"publish","type":"product","link":"https:\/\/www.fjpremium.com\/pt\/product\/usb-2-0-to-rs232-serial-db9-male-adapter-cable\/","title":{"rendered":"Adaptador de s\u00e9rie USB para DB9, cabo adaptador macho USB 2.0 para RS232"},"content":{"rendered":"<p>O adaptador de s\u00e9rie USB para DB9 \u00e9 a solu\u00e7\u00e3o ideal para dispositivos com portas S\u00c9RIE DB9, como modems, c\u00e2maras digitais, gravadores de etiquetas, etc.<\/p>\n<p>Utiliza o avan\u00e7ado chipset Prolific FTDI232RL ou PL2303TA, facilitando r\u00e1pidas transfer\u00eancias de dados a 1Mbps.<\/p>\n<p>F\u00e1cil de instalar e operar com um sistema plug-and-play, tamb\u00e9m suporta uma variedade de sistemas operativos, incluindo Windows 10, 8.1, 8, 7, Vista, XP, Windows 2000, Linux 2.4 e superior e Mac OS X 10.6 e superior.<\/p>\n<p>As suas especifica\u00e7\u00f5es:<\/p>\n<ul>\n<li>Conector 1: USB 2.0 macho<\/li>\n<li>Conector 2: RS232 DB9 macho<\/li>\n<li>Contacto banhado a ouro, concha banhada a n\u00edquel<\/li>\n<li>Caixa: Inje\u00e7\u00e3o de pl\u00e1stico<\/li>\n<li>Chip: PL2302TA ou FTDIRL<\/li>\n<li>Revestimento: PVC<\/li>\n<\/ul>\n<p>Note-se que o nosso adaptador n\u00e3o \u00e9 compat\u00edvel com plotters de corte, SCM.<\/p>\n<p>Para al\u00e9m disso, \u00e9 um produto ecol\u00f3gico com conformidade RoHS e REACH. Em suma, contacte-nos hoje mesmo e invista nele.<\/p>","protected":false},"excerpt":{"rendered":"<p>Tire partido de uma conetividade perfeita com o adaptador de s\u00e9rie USB para DB9 da Farsince, que permite transfer\u00eancias de dados r\u00e1pidas, uma configura\u00e7\u00e3o simples do tipo \"plug-and-play\" e uma compatibilidade alargada com os sistemas operativos.<\/p>","protected":false},"featured_media":17497,"template":"","meta":{"_acf_changed":false,"_seopress_robots_primary_cat":"","_seopress_titles_title":"Best USB to DB9 Serial Adapter - Farsince","_seopress_titles_desc":"Leverage seamless connectivity with our USB to DB9 serial adapter, boasting rapid data transfers, simple plug-and-play setup, and extensive OS compatibility. ","_seopress_robots_index":"","site-sidebar-layout":"default","site-content-layout":"default","ast-site-content-layout":"default","site-content-style":"default","site-sidebar-style":"default","ast-global-header-display":"","ast-banner-title-visibility":"","ast-main-header-display":"","ast-hfb-above-header-display":"","ast-hfb-below-header-display":"","ast-hfb-mobile-header-display":"","site-post-title":"","ast-breadcrumbs-content":"","ast-featured-img":"","footer-sml-layout":"","ast-disable-related-posts":"","theme-transparent-header-meta":"default","adv-header-id-meta":"","stick-header-meta":"","header-above-stick-meta":"","header-main-stick-meta":"","header-below-stick-meta":"","astra-migrate-meta-layouts":"set","ast-page-background-enabled":"default","ast-page-background-meta":{"desktop":{"background-color":"","background-image":"","background-repeat":"repeat","background-position":"center center","background-size":"auto","background-attachment":"scroll","background-type":"","background-media":"","overlay-type":"","overlay-color":"","overlay-opacity":"","overlay-gradient":""},"tablet":{"background-color":"","background-image":"","background-repeat":"repeat","background-position":"center center","background-size":"auto","background-attachment":"scroll","background-type":"","background-media":"","overlay-type":"","overlay-color":"","overlay-opacity":"","overlay-gradient":""},"mobile":{"background-color":"","background-image":"","background-repeat":"repeat","background-position":"center center","background-size":"auto","background-attachment":"scroll","background-type":"","background-media":"","overlay-type":"","overlay-color":"","overlay-opacity":"","overlay-gradient":""}},"ast-content-background-meta":{"desktop":{"background-color":"var(--ast-global-color-5)","background-image":"","background-repeat":"repeat","background-position":"center center","background-size":"auto","background-attachment":"scroll","background-type":"","background-media":"","overlay-type":"","overlay-color":"","overlay-opacity":"","overlay-gradient":""},"tablet":{"background-color":"var(--ast-global-color-5)","background-image":"","background-repeat":"repeat","background-position":"center center","background-size":"auto","background-attachment":"scroll","background-type":"","background-media":"","overlay-type":"","overlay-color":"","overlay-opacity":"","overlay-gradient":""},"mobile":{"background-color":"var(--ast-global-color-5)","background-image":"","background-repeat":"repeat","background-position":"center center","background-size":"auto","background-attachment":"scroll","background-type":"","background-media":"","overlay-type":"","overlay-color":"","overlay-opacity":"","overlay-gradient":""}},"iawp_total_views":7},"product_brand":[],"product_cat":[632,637],"product_tag":[],"class_list":{"0":"post-17496","1":"product","2":"type-product","3":"status-publish","4":"has-post-thumbnail","6":"product_cat-usb","7":"product_cat-usb-converters","8":"desktop-align-left","9":"tablet-align-left","10":"mobile-align-left","12":"first","13":"instock","14":"shipping-taxable","15":"purchasable","16":"product-type-simple"},"acf":[],"_links":{"self":[{"href":"https:\/\/www.fjpremium.com\/pt\/wp-json\/wp\/v2\/product\/17496","targetHints":{"allow":["GET"]}}],"collection":[{"href":"https:\/\/www.fjpremium.com\/pt\/wp-json\/wp\/v2\/product"}],"about":[{"href":"https:\/\/www.fjpremium.com\/pt\/wp-json\/wp\/v2\/types\/product"}],"wp:featuredmedia":[{"embeddable":true,"href":"https:\/\/www.fjpremium.com\/pt\/wp-json\/wp\/v2\/media\/17497"}],"wp:attachment":[{"href":"https:\/\/www.fjpremium.com\/pt\/wp-json\/wp\/v2\/media?parent=17496"}],"wp:term":[{"taxonomy":"product_brand","embeddable":true,"href":"https:\/\/www.fjpremium.com\/pt\/wp-json\/wp\/v2\/product_brand?post=17496"},{"taxonomy":"product_cat","embeddable":true,"href":"https:\/\/www.fjpremium.com\/pt\/wp-json\/wp\/v2\/product_cat?post=17496"},{"taxonomy":"product_tag","embeddable":true,"href":"https:\/\/www.fjpremium.com\/pt\/wp-json\/wp\/v2\/product_tag?post=17496"}],"curies":[{"name":"wp","href":"https:\/\/api.w.org\/{rel}","templated":true}]}}