{"id":17488,"date":"2021-03-10T16:37:44","date_gmt":"2021-03-10T08:37:44","guid":{"rendered":"https:\/\/www.fjpremium.com\/?post_type=product&#038;p=17488"},"modified":"2023-12-14T14:00:21","modified_gmt":"2023-12-14T06:00:21","slug":"usb-extender-usb-2-0-to-rj45-lan-extension-adapter-over-cat5-cat5e-cat6-cable-up-to-50m","status":"publish","type":"product","link":"https:\/\/www.fjpremium.com\/pt\/product\/usb-extender-usb-2-0-to-rj45-lan-extension-adapter-over-cat5-cat5e-cat6-cable-up-to-50m\/","title":{"rendered":"Extensor USB, adaptador de extens\u00e3o LAN USB 2.0 para RJ45 atrav\u00e9s de cabo Cat5\/Cat5e \/Cat6 at\u00e9 50 m"},"content":{"rendered":"<p>O nosso adaptador de extens\u00e3o USB 2.0 para RJ45 Lan oferece uma solu\u00e7\u00e3o vers\u00e1til para aumentar o alcance dos seus dispositivos USB, como c\u00e2maras, impressoras, webcams e teclados, at\u00e9 50 metros utilizando cabos de liga\u00e7\u00e3o Cat5\/Cat5e\/Cat6 normais (n\u00e3o inclu\u00eddos na embalagem).<\/p>\n<p>Funcionando a 480 Mbps de alta velocidade no modo USB 2.0, assegura transfer\u00eancias de dados r\u00e1pidas e \u00e9 tamb\u00e9m compat\u00edvel com USB1.0\/USB1.1, o que aumenta a sua versatilidade.<\/p>\n<p>Com suporte para uma resolu\u00e7\u00e3o at\u00e9 1920*1080P, este adaptador plug-and-play \u00e9 ideal para uma s\u00e9rie de dispositivos e aplica\u00e7\u00f5es USB.<\/p>\n<p>Possui contactos banhados a ouro e um inv\u00f3lucro banhado a n\u00edquel para uma conetividade \u00f3ptima, alojados num inv\u00f3lucro ABS dur\u00e1vel e num revestimento de PVC.<\/p>\n<p>Al\u00e9m disso, est\u00e1 em conformidade com as normas RoHS e REACH. Em conclus\u00e3o, contacte-nos hoje mesmo e encomende o produto.<\/p>","protected":false},"excerpt":{"rendered":"<p>Aumente o alcance do seu dispositivo USB com o adaptador de extens\u00e3o Farsince USB 2.0 para RJ45 Lan, que permite uma extens\u00e3o at\u00e9 50 m atrav\u00e9s de cabos de liga\u00e7\u00e3o Cat5\/Cat5e\/Cat6.<\/p>","protected":false},"featured_media":17489,"template":"","meta":{"_acf_changed":false,"_seopress_robots_primary_cat":"","_seopress_titles_title":"Best USB 2.0 to RJ45 LAN Extension Adapter - Farsince","_seopress_titles_desc":"","_seopress_robots_index":"","site-sidebar-layout":"default","site-content-layout":"default","ast-site-content-layout":"default","site-content-style":"default","site-sidebar-style":"default","ast-global-header-display":"","ast-banner-title-visibility":"","ast-main-header-display":"","ast-hfb-above-header-display":"","ast-hfb-below-header-display":"","ast-hfb-mobile-header-display":"","site-post-title":"","ast-breadcrumbs-content":"","ast-featured-img":"","footer-sml-layout":"","ast-disable-related-posts":"","theme-transparent-header-meta":"default","adv-header-id-meta":"","stick-header-meta":"","header-above-stick-meta":"","header-main-stick-meta":"","header-below-stick-meta":"","astra-migrate-meta-layouts":"set","ast-page-background-enabled":"default","ast-page-background-meta":{"desktop":{"background-color":"","background-image":"","background-repeat":"repeat","background-position":"center center","background-size":"auto","background-attachment":"scroll","background-type":"","background-media":"","overlay-type":"","overlay-color":"","overlay-opacity":"","overlay-gradient":""},"tablet":{"background-color":"","background-image":"","background-repeat":"repeat","background-position":"center center","background-size":"auto","background-attachment":"scroll","background-type":"","background-media":"","overlay-type":"","overlay-color":"","overlay-opacity":"","overlay-gradient":""},"mobile":{"background-color":"","background-image":"","background-repeat":"repeat","background-position":"center center","background-size":"auto","background-attachment":"scroll","background-type":"","background-media":"","overlay-type":"","overlay-color":"","overlay-opacity":"","overlay-gradient":""}},"ast-content-background-meta":{"desktop":{"background-color":"var(--ast-global-color-5)","background-image":"","background-repeat":"repeat","background-position":"center center","background-size":"auto","background-attachment":"scroll","background-type":"","background-media":"","overlay-type":"","overlay-color":"","overlay-opacity":"","overlay-gradient":""},"tablet":{"background-color":"var(--ast-global-color-5)","background-image":"","background-repeat":"repeat","background-position":"center center","background-size":"auto","background-attachment":"scroll","background-type":"","background-media":"","overlay-type":"","overlay-color":"","overlay-opacity":"","overlay-gradient":""},"mobile":{"background-color":"var(--ast-global-color-5)","background-image":"","background-repeat":"repeat","background-position":"center center","background-size":"auto","background-attachment":"scroll","background-type":"","background-media":"","overlay-type":"","overlay-color":"","overlay-opacity":"","overlay-gradient":""}},"iawp_total_views":11},"product_brand":[],"product_cat":[632,637],"product_tag":[],"class_list":{"0":"post-17488","1":"product","2":"type-product","3":"status-publish","4":"has-post-thumbnail","6":"product_cat-usb","7":"product_cat-usb-converters","8":"desktop-align-left","9":"tablet-align-left","10":"mobile-align-left","12":"first","13":"instock","14":"shipping-taxable","15":"purchasable","16":"product-type-simple"},"acf":[],"_links":{"self":[{"href":"https:\/\/www.fjpremium.com\/pt\/wp-json\/wp\/v2\/product\/17488","targetHints":{"allow":["GET"]}}],"collection":[{"href":"https:\/\/www.fjpremium.com\/pt\/wp-json\/wp\/v2\/product"}],"about":[{"href":"https:\/\/www.fjpremium.com\/pt\/wp-json\/wp\/v2\/types\/product"}],"wp:featuredmedia":[{"embeddable":true,"href":"https:\/\/www.fjpremium.com\/pt\/wp-json\/wp\/v2\/media\/17489"}],"wp:attachment":[{"href":"https:\/\/www.fjpremium.com\/pt\/wp-json\/wp\/v2\/media?parent=17488"}],"wp:term":[{"taxonomy":"product_brand","embeddable":true,"href":"https:\/\/www.fjpremium.com\/pt\/wp-json\/wp\/v2\/product_brand?post=17488"},{"taxonomy":"product_cat","embeddable":true,"href":"https:\/\/www.fjpremium.com\/pt\/wp-json\/wp\/v2\/product_cat?post=17488"},{"taxonomy":"product_tag","embeddable":true,"href":"https:\/\/www.fjpremium.com\/pt\/wp-json\/wp\/v2\/product_tag?post=17488"}],"curies":[{"name":"wp","href":"https:\/\/api.w.org\/{rel}","templated":true}]}}