{"id":17427,"date":"2021-03-10T16:06:27","date_gmt":"2021-03-10T08:06:27","guid":{"rendered":"https:\/\/www.fjpremium.com\/?post_type=product&#038;p=17427"},"modified":"2023-09-26T16:06:59","modified_gmt":"2023-09-26T08:06:59","slug":"superspeed-usb-3-0-type-a-male-to-type-b-male-printer-cable-5gbps","status":"publish","type":"product","link":"https:\/\/www.fjpremium.com\/pt\/product\/superspeed-usb-3-0-type-a-male-to-type-b-male-printer-cable-5gbps\/","title":{"rendered":"Cabo de impressora SuperSpeed USB 3.0 Tipo A para Tipo B Macho para Macho, 5Gbps"},"content":{"rendered":"<p>Concebido para a sua impressora, scanner, hub USB e outros perif\u00e9ricos equipados com porta USB 3.0 B, este cabo \u00e9 um divisor de \u00e1guas no dom\u00ednio da conetividade.<\/p>\n<p>Elevando as taxas de transfer\u00eancia para uns espantosos 5 Gbps, supera o cabo USB 2.0 em dez vezes. E \u00e9 meticulosamente constru\u00eddo com blindagem de folha e tran\u00e7a, oferecendo imunidade incompar\u00e1vel \u00e0 interfer\u00eancia EMI\/RFI.<\/p>\n<p>Combinado com a constru\u00e7\u00e3o de par entran\u00e7ado, o cabo de impressora macho para macho promete uma diafonia reduzida e uma transfer\u00eancia de dados de alta velocidade e sem erros.<\/p>\n<p>Envolvido num revestimento de PVC dur\u00e1vel, a sua qualidade e funcionalidade foram experimentadas e testadas de acordo com as normas da ind\u00fastria.<\/p>\n<p>As suas especifica\u00e7\u00f5es:<\/p>\n<ul>\n<li>Contacto banhado a ouro, concha banhada a n\u00edquel<\/li>\n<li>Condutor do cabo: Cobre nu<\/li>\n<li>Isolamento: Espuma de PE SKIN\/HDPE<\/li>\n<li>Bitola do fio: 24\/28\/28AWG<\/li>\n<li>Carca\u00e7a: Molde de inje\u00e7\u00e3o<\/li>\n<li>Chip: N\/M<\/li>\n<li>Di\u00e2metro exterior: 5,5\u00b10,2mm<\/li>\n<li>Conformidade: RoHS, REACH<\/li>\n<\/ul>\n<p>Al\u00e9m disso, como cereja no topo do bolo, vem com a garantia de 2 anos da Farsince, sublinhando o nosso compromisso com a excel\u00eancia. Assim, contacte-nos hoje mesmo e prepare-se para o futuro da conetividade com ele.<\/p>","protected":false},"excerpt":{"rendered":"<p>Redefina sua conectividade com o cabo de impressora macho para macho da Farsince, apresentando uma taxa de transfer\u00eancia fenomenal de 5 Gbps e constru\u00e7\u00e3o robusta.<\/p>","protected":false},"featured_media":17428,"template":"","meta":{"_acf_changed":false,"_seopress_robots_primary_cat":"","_seopress_titles_title":"Best Male to Male Printer Cable - Farsince","_seopress_titles_desc":"","_seopress_robots_index":"","site-sidebar-layout":"default","site-content-layout":"default","ast-site-content-layout":"default","site-content-style":"default","site-sidebar-style":"default","ast-global-header-display":"","ast-banner-title-visibility":"","ast-main-header-display":"","ast-hfb-above-header-display":"","ast-hfb-below-header-display":"","ast-hfb-mobile-header-display":"","site-post-title":"","ast-breadcrumbs-content":"","ast-featured-img":"","footer-sml-layout":"","ast-disable-related-posts":"","theme-transparent-header-meta":"default","adv-header-id-meta":"","stick-header-meta":"","header-above-stick-meta":"","header-main-stick-meta":"","header-below-stick-meta":"","astra-migrate-meta-layouts":"set","ast-page-background-enabled":"default","ast-page-background-meta":{"desktop":{"background-color":"","background-image":"","background-repeat":"repeat","background-position":"center center","background-size":"auto","background-attachment":"scroll","background-type":"","background-media":"","overlay-type":"","overlay-color":"","overlay-opacity":"","overlay-gradient":""},"tablet":{"background-color":"","background-image":"","background-repeat":"repeat","background-position":"center center","background-size":"auto","background-attachment":"scroll","background-type":"","background-media":"","overlay-type":"","overlay-color":"","overlay-opacity":"","overlay-gradient":""},"mobile":{"background-color":"","background-image":"","background-repeat":"repeat","background-position":"center center","background-size":"auto","background-attachment":"scroll","background-type":"","background-media":"","overlay-type":"","overlay-color":"","overlay-opacity":"","overlay-gradient":""}},"ast-content-background-meta":{"desktop":{"background-color":"var(--ast-global-color-5)","background-image":"","background-repeat":"repeat","background-position":"center center","background-size":"auto","background-attachment":"scroll","background-type":"","background-media":"","overlay-type":"","overlay-color":"","overlay-opacity":"","overlay-gradient":""},"tablet":{"background-color":"var(--ast-global-color-5)","background-image":"","background-repeat":"repeat","background-position":"center center","background-size":"auto","background-attachment":"scroll","background-type":"","background-media":"","overlay-type":"","overlay-color":"","overlay-opacity":"","overlay-gradient":""},"mobile":{"background-color":"var(--ast-global-color-5)","background-image":"","background-repeat":"repeat","background-position":"center center","background-size":"auto","background-attachment":"scroll","background-type":"","background-media":"","overlay-type":"","overlay-color":"","overlay-opacity":"","overlay-gradient":""}},"iawp_total_views":6},"product_brand":[],"product_cat":[632],"product_tag":[],"class_list":{"0":"post-17427","1":"product","2":"type-product","3":"status-publish","4":"has-post-thumbnail","6":"product_cat-usb","7":"desktop-align-left","8":"tablet-align-left","9":"mobile-align-left","11":"first","12":"instock","13":"shipping-taxable","14":"purchasable","15":"product-type-simple"},"acf":[],"_links":{"self":[{"href":"https:\/\/www.fjpremium.com\/pt\/wp-json\/wp\/v2\/product\/17427","targetHints":{"allow":["GET"]}}],"collection":[{"href":"https:\/\/www.fjpremium.com\/pt\/wp-json\/wp\/v2\/product"}],"about":[{"href":"https:\/\/www.fjpremium.com\/pt\/wp-json\/wp\/v2\/types\/product"}],"wp:featuredmedia":[{"embeddable":true,"href":"https:\/\/www.fjpremium.com\/pt\/wp-json\/wp\/v2\/media\/17428"}],"wp:attachment":[{"href":"https:\/\/www.fjpremium.com\/pt\/wp-json\/wp\/v2\/media?parent=17427"}],"wp:term":[{"taxonomy":"product_brand","embeddable":true,"href":"https:\/\/www.fjpremium.com\/pt\/wp-json\/wp\/v2\/product_brand?post=17427"},{"taxonomy":"product_cat","embeddable":true,"href":"https:\/\/www.fjpremium.com\/pt\/wp-json\/wp\/v2\/product_cat?post=17427"},{"taxonomy":"product_tag","embeddable":true,"href":"https:\/\/www.fjpremium.com\/pt\/wp-json\/wp\/v2\/product_tag?post=17427"}],"curies":[{"name":"wp","href":"https:\/\/api.w.org\/{rel}","templated":true}]}}