{"id":17418,"date":"2021-03-10T16:04:34","date_gmt":"2021-03-10T08:04:34","guid":{"rendered":"https:\/\/www.fjpremium.com\/?post_type=product&#038;p=17418"},"modified":"2023-12-14T13:58:49","modified_gmt":"2023-12-14T05:58:49","slug":"superspeed-usb-3-0-type-a-male-to-type-a-female-repeater-active-extension-cable-5gbps","status":"publish","type":"product","link":"https:\/\/www.fjpremium.com\/pt\/product\/superspeed-usb-3-0-type-a-male-to-type-a-female-repeater-active-extension-cable-5gbps\/","title":{"rendered":"Cabo de Extens\u00e3o Ativo Repetidor SuperSpeed USB 3.0 Tipo A Macho para Tipo A F\u00eamea, 5Gbps"},"content":{"rendered":"<p>Concebido para aplica\u00e7\u00f5es de alta qualidade e de longa dist\u00e2ncia at\u00e9 30 metros, o cabo \u00e9 ideal para aumentar o alcance dos seus teclados, ratos, modems e outros perif\u00e9ricos USB equipados com portas USB 3.0 A.<\/p>\n<p>Com um chip IC ativo incorporado, permite a prote\u00e7\u00e3o magistral dos sinais de entrada e de sa\u00edda, cumprindo e excedendo a especifica\u00e7\u00e3o USB 3.0.<\/p>\n<p>Al\u00e9m disso, desfruta de uma taxa de transfer\u00eancia inigual\u00e1vel de at\u00e9 5 Gbps quando ligado a um anfitri\u00e3o e dispositivo compat\u00edveis com USB 3.0, dez vezes mais r\u00e1pido do que um cabo USB 2.0.<\/p>\n<p>Com blindagem de folha e tran\u00e7a, o nosso cabo de extens\u00e3o ativo rejeita interfer\u00eancias EMI\/RFI, enquanto a constru\u00e7\u00e3o de par entran\u00e7ado reduz a diafonia, assegurando uma transfer\u00eancia de dados de alta velocidade e sem erros.<\/p>\n<p>As suas especifica\u00e7\u00f5es:<\/p>\n<ul>\n<li>Contacto banhado a ouro, concha banhada a n\u00edquel<\/li>\n<li>Condutor do cabo: Cobre nu<\/li>\n<li>Isolamento: Espuma de PE SKIN\/HDPE<\/li>\n<li>Bitola do fio: 24\/28\/28AWG<\/li>\n<li>Carca\u00e7a: Molde de inje\u00e7\u00e3o<\/li>\n<li>Chip: N\/M<\/li>\n<li>Revestimento: PVC<\/li>\n<li>Di\u00e2metro exterior: 5,5\u00b10,2mm<\/li>\n<li>Conformidade: RoHS, REACH<\/li>\n<\/ul>\n<p>Envolto num revestimento de PVC flex\u00edvel, est\u00e1 em conformidade com as normas da ind\u00fastria e \u00e9 apoiado pela garantia de 2 anos da Farsince. Por isso, contacte-nos hoje mesmo e invista nele.<\/p>","protected":false},"excerpt":{"rendered":"<p>Experimente uma extens\u00e3o perfeita com o cabo de extens\u00e3o ativo USB 3.0 de supervelocidade da Farsince, oferecendo aplica\u00e7\u00f5es de longa dist\u00e2ncia de alta qualidade, uma taxa de transfer\u00eancia impressionante de 5 Gbps e blindagem superior.<\/p>","protected":false},"featured_media":17419,"template":"","meta":{"_acf_changed":false,"_seopress_robots_primary_cat":"","_seopress_titles_title":"Best Repeater Active Extension Cable - Farsince","_seopress_titles_desc":"Experience seamless extension with Farsince superspeed USB 3.0 active extension cable, offering high-quality long-distance applications and superior shielding.","_seopress_robots_index":"","site-sidebar-layout":"default","site-content-layout":"default","ast-site-content-layout":"default","site-content-style":"default","site-sidebar-style":"default","ast-global-header-display":"","ast-banner-title-visibility":"","ast-main-header-display":"","ast-hfb-above-header-display":"","ast-hfb-below-header-display":"","ast-hfb-mobile-header-display":"","site-post-title":"","ast-breadcrumbs-content":"","ast-featured-img":"","footer-sml-layout":"","ast-disable-related-posts":"","theme-transparent-header-meta":"default","adv-header-id-meta":"","stick-header-meta":"","header-above-stick-meta":"","header-main-stick-meta":"","header-below-stick-meta":"","astra-migrate-meta-layouts":"set","ast-page-background-enabled":"default","ast-page-background-meta":{"desktop":{"background-color":"","background-image":"","background-repeat":"repeat","background-position":"center center","background-size":"auto","background-attachment":"scroll","background-type":"","background-media":"","overlay-type":"","overlay-color":"","overlay-opacity":"","overlay-gradient":""},"tablet":{"background-color":"","background-image":"","background-repeat":"repeat","background-position":"center center","background-size":"auto","background-attachment":"scroll","background-type":"","background-media":"","overlay-type":"","overlay-color":"","overlay-opacity":"","overlay-gradient":""},"mobile":{"background-color":"","background-image":"","background-repeat":"repeat","background-position":"center center","background-size":"auto","background-attachment":"scroll","background-type":"","background-media":"","overlay-type":"","overlay-color":"","overlay-opacity":"","overlay-gradient":""}},"ast-content-background-meta":{"desktop":{"background-color":"var(--ast-global-color-5)","background-image":"","background-repeat":"repeat","background-position":"center center","background-size":"auto","background-attachment":"scroll","background-type":"","background-media":"","overlay-type":"","overlay-color":"","overlay-opacity":"","overlay-gradient":""},"tablet":{"background-color":"var(--ast-global-color-5)","background-image":"","background-repeat":"repeat","background-position":"center center","background-size":"auto","background-attachment":"scroll","background-type":"","background-media":"","overlay-type":"","overlay-color":"","overlay-opacity":"","overlay-gradient":""},"mobile":{"background-color":"var(--ast-global-color-5)","background-image":"","background-repeat":"repeat","background-position":"center center","background-size":"auto","background-attachment":"scroll","background-type":"","background-media":"","overlay-type":"","overlay-color":"","overlay-opacity":"","overlay-gradient":""}},"iawp_total_views":10},"product_brand":[],"product_cat":[632,636],"product_tag":[],"class_list":{"0":"post-17418","1":"product","2":"type-product","3":"status-publish","4":"has-post-thumbnail","6":"product_cat-usb","7":"product_cat-usb-2-0-cables","8":"desktop-align-left","9":"tablet-align-left","10":"mobile-align-left","12":"first","13":"instock","14":"shipping-taxable","15":"purchasable","16":"product-type-simple"},"acf":[],"_links":{"self":[{"href":"https:\/\/www.fjpremium.com\/pt\/wp-json\/wp\/v2\/product\/17418","targetHints":{"allow":["GET"]}}],"collection":[{"href":"https:\/\/www.fjpremium.com\/pt\/wp-json\/wp\/v2\/product"}],"about":[{"href":"https:\/\/www.fjpremium.com\/pt\/wp-json\/wp\/v2\/types\/product"}],"wp:featuredmedia":[{"embeddable":true,"href":"https:\/\/www.fjpremium.com\/pt\/wp-json\/wp\/v2\/media\/17419"}],"wp:attachment":[{"href":"https:\/\/www.fjpremium.com\/pt\/wp-json\/wp\/v2\/media?parent=17418"}],"wp:term":[{"taxonomy":"product_brand","embeddable":true,"href":"https:\/\/www.fjpremium.com\/pt\/wp-json\/wp\/v2\/product_brand?post=17418"},{"taxonomy":"product_cat","embeddable":true,"href":"https:\/\/www.fjpremium.com\/pt\/wp-json\/wp\/v2\/product_cat?post=17418"},{"taxonomy":"product_tag","embeddable":true,"href":"https:\/\/www.fjpremium.com\/pt\/wp-json\/wp\/v2\/product_tag?post=17418"}],"curies":[{"name":"wp","href":"https:\/\/api.w.org\/{rel}","templated":true}]}}