{"id":17400,"date":"2021-03-10T16:01:15","date_gmt":"2021-03-10T08:01:15","guid":{"rendered":"https:\/\/www.fjpremium.com\/?post_type=product&#038;p=17400"},"modified":"2023-12-14T13:58:50","modified_gmt":"2023-12-14T05:58:50","slug":"superspeed-usb-3-0-type-a-male-to-type-a-male-cable-5gbps","status":"publish","type":"product","link":"https:\/\/www.fjpremium.com\/pt\/product\/superspeed-usb-3-0-type-a-male-to-type-a-male-cable-5gbps\/","title":{"rendered":"Cabo SuperSpeed USB 3.0 Tipo A Macho para Tipo A Macho, 5Gbps"},"content":{"rendered":"<p>Perfeito para ligar teclados, ratos, modems e outros perif\u00e9ricos USB, este cabo vers\u00e1til oferece uma taxa de transfer\u00eancia espantosa de at\u00e9 5 Gbps, o que o torna um divisor de \u00e1guas na transmiss\u00e3o de dados.<\/p>\n<p>Maravilhe-se com o seu design elegante, resultado de uma intrincada blindagem de folha e tran\u00e7a que garante total imunidade \u00e0 interfer\u00eancia EMI\/RFI.<\/p>\n<p>Impressiona ainda mais com a sua constru\u00e7\u00e3o de par entran\u00e7ado, diminuindo a diafonia e assegurando uma transfer\u00eancia de dados sem erros.<\/p>\n<p>Um revestimento robusto em PVC encapsula o cabo de alta velocidade, salvaguardando a sua longevidade. Compat\u00edvel com vers\u00f5es anteriores de USB 2.0 e USB 1.1, oferece dez vezes a capacidade de USB 2.0.<\/p>\n<p>As suas especifica\u00e7\u00f5es:<\/p>\n<ul>\n<li>Contacto banhado a ouro, concha banhada a n\u00edquel<\/li>\n<li>Condutor do cabo: Cobre nu<\/li>\n<li>Isolamento: Espuma de PE SKIN\/HDPE<\/li>\n<li>Bitola do fio: 24\/28\/28AWG<\/li>\n<li>Carca\u00e7a: Molde de inje\u00e7\u00e3o<\/li>\n<li>Chip: N\/M<\/li>\n<li>Di\u00e2metro exterior: 5,5\u00b10,2mm<\/li>\n<li>Conformidade: RoHS, REACH<\/li>\n<\/ul>\n<p>Al\u00e9m disso, \u00e9 apoiado por uma garantia tranquilizadora de 2 anos. Por isso, potencie o seu projeto com tecnologia superior e experimente a diferen\u00e7a.<\/p>","protected":false},"excerpt":{"rendered":"<p>Desbloqueie um mundo de conectividade de alta velocidade com o cabo supervelocidade USB 3.0 da Farsince, oferecendo 10x a velocidade do USB 2.0 e garantindo transfer\u00eancia de dados sem erros.<\/p>","protected":false},"featured_media":17401,"template":"","meta":{"_acf_changed":false,"_seopress_robots_primary_cat":"","_seopress_titles_title":"USB 3.0 Type A Male to Type A Male SuperSpeed Cable - Farsince","_seopress_titles_desc":"","_seopress_robots_index":"","site-sidebar-layout":"default","site-content-layout":"default","ast-site-content-layout":"default","site-content-style":"default","site-sidebar-style":"default","ast-global-header-display":"","ast-banner-title-visibility":"","ast-main-header-display":"","ast-hfb-above-header-display":"","ast-hfb-below-header-display":"","ast-hfb-mobile-header-display":"","site-post-title":"","ast-breadcrumbs-content":"","ast-featured-img":"","footer-sml-layout":"","ast-disable-related-posts":"","theme-transparent-header-meta":"default","adv-header-id-meta":"","stick-header-meta":"","header-above-stick-meta":"","header-main-stick-meta":"","header-below-stick-meta":"","astra-migrate-meta-layouts":"set","ast-page-background-enabled":"default","ast-page-background-meta":{"desktop":{"background-color":"","background-image":"","background-repeat":"repeat","background-position":"center center","background-size":"auto","background-attachment":"scroll","background-type":"","background-media":"","overlay-type":"","overlay-color":"","overlay-opacity":"","overlay-gradient":""},"tablet":{"background-color":"","background-image":"","background-repeat":"repeat","background-position":"center center","background-size":"auto","background-attachment":"scroll","background-type":"","background-media":"","overlay-type":"","overlay-color":"","overlay-opacity":"","overlay-gradient":""},"mobile":{"background-color":"","background-image":"","background-repeat":"repeat","background-position":"center center","background-size":"auto","background-attachment":"scroll","background-type":"","background-media":"","overlay-type":"","overlay-color":"","overlay-opacity":"","overlay-gradient":""}},"ast-content-background-meta":{"desktop":{"background-color":"var(--ast-global-color-5)","background-image":"","background-repeat":"repeat","background-position":"center center","background-size":"auto","background-attachment":"scroll","background-type":"","background-media":"","overlay-type":"","overlay-color":"","overlay-opacity":"","overlay-gradient":""},"tablet":{"background-color":"var(--ast-global-color-5)","background-image":"","background-repeat":"repeat","background-position":"center center","background-size":"auto","background-attachment":"scroll","background-type":"","background-media":"","overlay-type":"","overlay-color":"","overlay-opacity":"","overlay-gradient":""},"mobile":{"background-color":"var(--ast-global-color-5)","background-image":"","background-repeat":"repeat","background-position":"center center","background-size":"auto","background-attachment":"scroll","background-type":"","background-media":"","overlay-type":"","overlay-color":"","overlay-opacity":"","overlay-gradient":""}},"iawp_total_views":5},"product_brand":[],"product_cat":[632,636],"product_tag":[],"class_list":{"0":"post-17400","1":"product","2":"type-product","3":"status-publish","4":"has-post-thumbnail","6":"product_cat-usb","7":"product_cat-usb-2-0-cables","8":"desktop-align-left","9":"tablet-align-left","10":"mobile-align-left","12":"first","13":"instock","14":"shipping-taxable","15":"purchasable","16":"product-type-simple"},"acf":[],"_links":{"self":[{"href":"https:\/\/www.fjpremium.com\/pt\/wp-json\/wp\/v2\/product\/17400","targetHints":{"allow":["GET"]}}],"collection":[{"href":"https:\/\/www.fjpremium.com\/pt\/wp-json\/wp\/v2\/product"}],"about":[{"href":"https:\/\/www.fjpremium.com\/pt\/wp-json\/wp\/v2\/types\/product"}],"wp:featuredmedia":[{"embeddable":true,"href":"https:\/\/www.fjpremium.com\/pt\/wp-json\/wp\/v2\/media\/17401"}],"wp:attachment":[{"href":"https:\/\/www.fjpremium.com\/pt\/wp-json\/wp\/v2\/media?parent=17400"}],"wp:term":[{"taxonomy":"product_brand","embeddable":true,"href":"https:\/\/www.fjpremium.com\/pt\/wp-json\/wp\/v2\/product_brand?post=17400"},{"taxonomy":"product_cat","embeddable":true,"href":"https:\/\/www.fjpremium.com\/pt\/wp-json\/wp\/v2\/product_cat?post=17400"},{"taxonomy":"product_tag","embeddable":true,"href":"https:\/\/www.fjpremium.com\/pt\/wp-json\/wp\/v2\/product_tag?post=17400"}],"curies":[{"name":"wp","href":"https:\/\/api.w.org\/{rel}","templated":true}]}}