{"id":17378,"date":"2021-03-10T15:53:34","date_gmt":"2021-03-10T07:53:34","guid":{"rendered":"https:\/\/www.fjpremium.com\/?post_type=product&#038;p=17378"},"modified":"2023-12-14T13:58:51","modified_gmt":"2023-12-14T05:58:51","slug":"high-speed-usb-2-0-type-a-male-to-mini-b-male-cable-480mbps","status":"publish","type":"product","link":"https:\/\/www.fjpremium.com\/pt\/product\/high-speed-usb-2-0-type-a-male-to-mini-b-male-cable-480mbps\/","title":{"rendered":"Cabo USB 2.0 Tipo A para Mini B de alta velocidade, macho para macho, 480 Mbps"},"content":{"rendered":"<p>Esta maravilha da tecnologia harmoniza-se na perfei\u00e7\u00e3o com os seus dispositivos, quer se trate de um telem\u00f3vel, MP3, MP4, disco r\u00edgido externo, GPS, controlador de jogos, c\u00e2mara digital, c\u00e2mara de v\u00eddeo ou quaisquer outros perif\u00e9ricos USB equipados com uma porta USB 2.0 Mini-B.<\/p>\n<p>E oferece uma taxa de transfer\u00eancia de at\u00e9 480 Mbps, tornando as suas interac\u00e7\u00f5es digitais r\u00e1pidas e eficientes.<\/p>\n<p>O cabo tipo A para mini B \u00e9 revestido por uma capa de PVC flex\u00edvel, garantindo durabilidade e acrescentando um toque de sofistica\u00e7\u00e3o ao seu conjunto digital.<\/p>\n<p>A sua blindagem de folha e tran\u00e7a bloqueia eficazmente a interfer\u00eancia EMI\/RFI, enquanto a constru\u00e7\u00e3o de par entran\u00e7ado reduz habilmente a diafonia, prometendo uma transfer\u00eancia de dados de alta velocidade e sem erros.<\/p>\n<p>As suas especifica\u00e7\u00f5es:<\/p>\n<ul>\n<li>Contacto banhado a ouro, concha banhada a n\u00edquel<\/li>\n<li>Condutor do cabo: Cobre nu<\/li>\n<li>Isolamento: Espuma de PE SKIN\/HDPE<\/li>\n<li>Bitola do fio: 28\/28AWG<\/li>\n<li>Carca\u00e7a: Molde de inje\u00e7\u00e3o<\/li>\n<li>Chip: N\/M<\/li>\n<li>Di\u00e2metro exterior: 4,2\u00b10,2mm<\/li>\n<li>Conformidade: RoHS, REACH<\/li>\n<\/ul>\n<p>Al\u00e9m disso, pode confiar no nosso selo de qualidade, apoiado por uma garantia de 2 anos. Em resumo, contacte-nos hoje mesmo e invista nele.<\/p>","protected":false},"excerpt":{"rendered":"<p>Deleite-se com a versatilidade ilimitada do cabo USB 2.0 tipo A para mini B de alta velocidade da Farsince, garantindo taxas de transfer\u00eancia de dados r\u00e1pidas e desempenho incompar\u00e1vel.<\/p>","protected":false},"featured_media":17379,"template":"","meta":{"_acf_changed":false,"_seopress_robots_primary_cat":"","_seopress_titles_title":"","_seopress_titles_desc":"","_seopress_robots_index":"","site-sidebar-layout":"default","site-content-layout":"default","ast-site-content-layout":"default","site-content-style":"default","site-sidebar-style":"default","ast-global-header-display":"","ast-banner-title-visibility":"","ast-main-header-display":"","ast-hfb-above-header-display":"","ast-hfb-below-header-display":"","ast-hfb-mobile-header-display":"","site-post-title":"","ast-breadcrumbs-content":"","ast-featured-img":"","footer-sml-layout":"","ast-disable-related-posts":"","theme-transparent-header-meta":"default","adv-header-id-meta":"","stick-header-meta":"","header-above-stick-meta":"","header-main-stick-meta":"","header-below-stick-meta":"","astra-migrate-meta-layouts":"default","ast-page-background-enabled":"default","ast-page-background-meta":{"desktop":{"background-color":"","background-image":"","background-repeat":"repeat","background-position":"center center","background-size":"auto","background-attachment":"scroll","background-type":"","background-media":"","overlay-type":"","overlay-color":"","overlay-opacity":"","overlay-gradient":""},"tablet":{"background-color":"","background-image":"","background-repeat":"repeat","background-position":"center center","background-size":"auto","background-attachment":"scroll","background-type":"","background-media":"","overlay-type":"","overlay-color":"","overlay-opacity":"","overlay-gradient":""},"mobile":{"background-color":"","background-image":"","background-repeat":"repeat","background-position":"center center","background-size":"auto","background-attachment":"scroll","background-type":"","background-media":"","overlay-type":"","overlay-color":"","overlay-opacity":"","overlay-gradient":""}},"ast-content-background-meta":{"desktop":{"background-color":"var(--ast-global-color-5)","background-image":"","background-repeat":"repeat","background-position":"center center","background-size":"auto","background-attachment":"scroll","background-type":"","background-media":"","overlay-type":"","overlay-color":"","overlay-opacity":"","overlay-gradient":""},"tablet":{"background-color":"var(--ast-global-color-5)","background-image":"","background-repeat":"repeat","background-position":"center center","background-size":"auto","background-attachment":"scroll","background-type":"","background-media":"","overlay-type":"","overlay-color":"","overlay-opacity":"","overlay-gradient":""},"mobile":{"background-color":"var(--ast-global-color-5)","background-image":"","background-repeat":"repeat","background-position":"center center","background-size":"auto","background-attachment":"scroll","background-type":"","background-media":"","overlay-type":"","overlay-color":"","overlay-opacity":"","overlay-gradient":""}},"iawp_total_views":10},"product_brand":[],"product_cat":[632,636],"product_tag":[],"class_list":{"0":"post-17378","1":"product","2":"type-product","3":"status-publish","4":"has-post-thumbnail","6":"product_cat-usb","7":"product_cat-usb-2-0-cables","8":"desktop-align-left","9":"tablet-align-left","10":"mobile-align-left","12":"first","13":"instock","14":"shipping-taxable","15":"purchasable","16":"product-type-simple"},"acf":[],"_links":{"self":[{"href":"https:\/\/www.fjpremium.com\/pt\/wp-json\/wp\/v2\/product\/17378","targetHints":{"allow":["GET"]}}],"collection":[{"href":"https:\/\/www.fjpremium.com\/pt\/wp-json\/wp\/v2\/product"}],"about":[{"href":"https:\/\/www.fjpremium.com\/pt\/wp-json\/wp\/v2\/types\/product"}],"wp:featuredmedia":[{"embeddable":true,"href":"https:\/\/www.fjpremium.com\/pt\/wp-json\/wp\/v2\/media\/17379"}],"wp:attachment":[{"href":"https:\/\/www.fjpremium.com\/pt\/wp-json\/wp\/v2\/media?parent=17378"}],"wp:term":[{"taxonomy":"product_brand","embeddable":true,"href":"https:\/\/www.fjpremium.com\/pt\/wp-json\/wp\/v2\/product_brand?post=17378"},{"taxonomy":"product_cat","embeddable":true,"href":"https:\/\/www.fjpremium.com\/pt\/wp-json\/wp\/v2\/product_cat?post=17378"},{"taxonomy":"product_tag","embeddable":true,"href":"https:\/\/www.fjpremium.com\/pt\/wp-json\/wp\/v2\/product_tag?post=17378"}],"curies":[{"name":"wp","href":"https:\/\/api.w.org\/{rel}","templated":true}]}}