{"id":17362,"date":"2021-03-10T15:49:15","date_gmt":"2021-03-10T07:49:15","guid":{"rendered":"https:\/\/www.fjpremium.com\/?post_type=product&#038;p=17362"},"modified":"2023-12-14T13:58:53","modified_gmt":"2023-12-14T05:58:53","slug":"usb-2-0-a-male-to-a-female-repeater-active-extension-cable-up-to-30m-480mbps","status":"publish","type":"product","link":"https:\/\/www.fjpremium.com\/pt\/product\/usb-2-0-a-male-to-a-female-repeater-active-extension-cable-up-to-30m-480mbps\/","title":{"rendered":"Cabo de extens\u00e3o USB 2.0 A macho para A f\u00eamea com repetidor ativo de 30M, 480Mbps"},"content":{"rendered":"<p>O nosso cabo leva-o para al\u00e9m do normal com um chip incorporado de alta qualidade concebido para aplica\u00e7\u00f5es de longa dist\u00e2ncia at\u00e9 30 m.<\/p>\n<p>Excelentemente adaptado aos seus teclados, ratos, modems, impressoras e outros perif\u00e9ricos USB equipados com uma porta USB 2.0 A, alarga o seu alcance sem comprometer a qualidade.<\/p>\n<p>Este cabo de extens\u00e3o de 30 M ultrapassa os limites com uma taxa de transfer\u00eancia de at\u00e9 480 Mbps, garantindo que a dist\u00e2ncia n\u00e3o impede a velocidade ou a efici\u00eancia.<\/p>\n<p>A sua robusta blindagem de folha e tran\u00e7a contraria a interfer\u00eancia EMI\/RFI, e a sua constru\u00e7\u00e3o de par entran\u00e7ado diminui a diafonia, abrindo caminho para uma transfer\u00eancia de dados de alta velocidade e sem erros.<\/p>\n<p>As suas especifica\u00e7\u00f5es:<\/p>\n<ul>\n<li>Contacto banhado a ouro, concha banhada a n\u00edquel<\/li>\n<li>Condutor do cabo: Cobre nu<\/li>\n<li>Isolamento: Espuma de PE SKIN\/HDPE<\/li>\n<li>Bitola do fio: 28\/28AWG<\/li>\n<li>Carca\u00e7a: Molde de inje\u00e7\u00e3o<\/li>\n<li>Chip: N\/M<\/li>\n<li>Di\u00e2metro exterior: 4,2\u00b10,2mm<\/li>\n<li>Conformidade: RoHS, REACH<\/li>\n<\/ul>\n<p>Al\u00e9m disso, revestido por uma capa de PVC flex\u00edvel, cumpre as normas da ind\u00fastria e tem uma garantia de 2 anos da Farsince. Em suma, contacte-nos hoje mesmo e opte pelo cabo.<\/p>","protected":false},"excerpt":{"rendered":"<p>Aumente o seu alcance digital com o cabo de extens\u00e3o ativo 30M repetidor USB 2.0 A macho para A f\u00eamea da Farsince, concebido para aplica\u00e7\u00f5es de longa dist\u00e2ncia.<\/p>","protected":false},"featured_media":17363,"template":"","meta":{"_acf_changed":false,"_seopress_robots_primary_cat":"","_seopress_titles_title":"USB 2.0 A Male to A Female Repeater Active 30m Extension Cable - Farsince","_seopress_titles_desc":"Extend your USB connection with FarSince&#039;s USB 2.0 A Male to A Female Repeater Active 30m Extension Cable. Our cable supports high-speed data transfer up to 480Mbps and can extend your USB connection up to 30m. ","_seopress_robots_index":"","site-sidebar-layout":"default","site-content-layout":"default","ast-site-content-layout":"default","site-content-style":"default","site-sidebar-style":"default","ast-global-header-display":"","ast-banner-title-visibility":"","ast-main-header-display":"","ast-hfb-above-header-display":"","ast-hfb-below-header-display":"","ast-hfb-mobile-header-display":"","site-post-title":"","ast-breadcrumbs-content":"","ast-featured-img":"","footer-sml-layout":"","ast-disable-related-posts":"","theme-transparent-header-meta":"default","adv-header-id-meta":"","stick-header-meta":"","header-above-stick-meta":"","header-main-stick-meta":"","header-below-stick-meta":"","astra-migrate-meta-layouts":"set","ast-page-background-enabled":"default","ast-page-background-meta":{"desktop":{"background-color":"","background-image":"","background-repeat":"repeat","background-position":"center center","background-size":"auto","background-attachment":"scroll","background-type":"","background-media":"","overlay-type":"","overlay-color":"","overlay-opacity":"","overlay-gradient":""},"tablet":{"background-color":"","background-image":"","background-repeat":"repeat","background-position":"center center","background-size":"auto","background-attachment":"scroll","background-type":"","background-media":"","overlay-type":"","overlay-color":"","overlay-opacity":"","overlay-gradient":""},"mobile":{"background-color":"","background-image":"","background-repeat":"repeat","background-position":"center center","background-size":"auto","background-attachment":"scroll","background-type":"","background-media":"","overlay-type":"","overlay-color":"","overlay-opacity":"","overlay-gradient":""}},"ast-content-background-meta":{"desktop":{"background-color":"var(--ast-global-color-5)","background-image":"","background-repeat":"repeat","background-position":"center center","background-size":"auto","background-attachment":"scroll","background-type":"","background-media":"","overlay-type":"","overlay-color":"","overlay-opacity":"","overlay-gradient":""},"tablet":{"background-color":"var(--ast-global-color-5)","background-image":"","background-repeat":"repeat","background-position":"center center","background-size":"auto","background-attachment":"scroll","background-type":"","background-media":"","overlay-type":"","overlay-color":"","overlay-opacity":"","overlay-gradient":""},"mobile":{"background-color":"var(--ast-global-color-5)","background-image":"","background-repeat":"repeat","background-position":"center center","background-size":"auto","background-attachment":"scroll","background-type":"","background-media":"","overlay-type":"","overlay-color":"","overlay-opacity":"","overlay-gradient":""}},"iawp_total_views":4},"product_brand":[],"product_cat":[632,636],"product_tag":[],"class_list":{"0":"post-17362","1":"product","2":"type-product","3":"status-publish","4":"has-post-thumbnail","6":"product_cat-usb","7":"product_cat-usb-2-0-cables","8":"desktop-align-left","9":"tablet-align-left","10":"mobile-align-left","12":"first","13":"instock","14":"shipping-taxable","15":"purchasable","16":"product-type-simple"},"acf":[],"_links":{"self":[{"href":"https:\/\/www.fjpremium.com\/pt\/wp-json\/wp\/v2\/product\/17362","targetHints":{"allow":["GET"]}}],"collection":[{"href":"https:\/\/www.fjpremium.com\/pt\/wp-json\/wp\/v2\/product"}],"about":[{"href":"https:\/\/www.fjpremium.com\/pt\/wp-json\/wp\/v2\/types\/product"}],"wp:featuredmedia":[{"embeddable":true,"href":"https:\/\/www.fjpremium.com\/pt\/wp-json\/wp\/v2\/media\/17363"}],"wp:attachment":[{"href":"https:\/\/www.fjpremium.com\/pt\/wp-json\/wp\/v2\/media?parent=17362"}],"wp:term":[{"taxonomy":"product_brand","embeddable":true,"href":"https:\/\/www.fjpremium.com\/pt\/wp-json\/wp\/v2\/product_brand?post=17362"},{"taxonomy":"product_cat","embeddable":true,"href":"https:\/\/www.fjpremium.com\/pt\/wp-json\/wp\/v2\/product_cat?post=17362"},{"taxonomy":"product_tag","embeddable":true,"href":"https:\/\/www.fjpremium.com\/pt\/wp-json\/wp\/v2\/product_tag?post=17362"}],"curies":[{"name":"wp","href":"https:\/\/api.w.org\/{rel}","templated":true}]}}