{"id":17355,"date":"2021-03-10T15:47:28","date_gmt":"2021-03-10T07:47:28","guid":{"rendered":"https:\/\/www.fjpremium.com\/?post_type=product&#038;p=17355"},"modified":"2023-12-14T13:58:53","modified_gmt":"2023-12-14T05:58:53","slug":"high-speed-usb-2-0-type-a-male-to-type-a-female-extension-cable-480mbps","status":"publish","type":"product","link":"https:\/\/www.fjpremium.com\/pt\/product\/high-speed-usb-2-0-type-a-male-to-type-a-female-extension-cable-480mbps\/","title":{"rendered":"Cabo USB 2.0 de alta velocidade Cabo de extens\u00e3o Tipo A macho para Tipo A f\u00eamea, 480 Mbps"},"content":{"rendered":"<p>Criado para o profissional moderno, este cabo de alta velocidade garante que a dist\u00e2ncia deixa de ser uma barreira entre os seus dispositivos.<\/p>\n<p>Quer esteja a trabalhar com teclados, ratos, impressoras ou qualquer perif\u00e9rico equipado com uma porta USB 2.0 A, oferece a extens\u00e3o de que necessita sem comprometer a qualidade do sinal.<\/p>\n<p>Al\u00e9m disso, com uma impressionante taxa de transfer\u00eancia de 480 Mbps, os dados circulam rapidamente e sem erros.<\/p>\n<p>Gra\u00e7as ao design meticuloso do cabo USB 2.0 de alta velocidade com blindagem de folha e tran\u00e7a, tem a garantia de imunidade contra interfer\u00eancias EMI\/RFI.<\/p>\n<p>A constru\u00e7\u00e3o em par entran\u00e7ado reduz ainda mais a diafonia, assegurando uma transfer\u00eancia de dados sem falhas.<\/p>\n<p>As suas especifica\u00e7\u00f5es:<\/p>\n<ul>\n<li>Contacto banhado a ouro, concha banhada a n\u00edquel<\/li>\n<li>Condutor do cabo: Cobre nu<\/li>\n<li>Isolamento: Espuma de PE SKIN\/HDPE<\/li>\n<li>Bitola do fio: 28\/28AWG<\/li>\n<li>Blindagem: 32#\/0,12mm AL-MG tran\u00e7ado<\/li>\n<li>Carca\u00e7a: Molde de inje\u00e7\u00e3o<\/li>\n<li>Chip: N\/M<\/li>\n<li>Revestimento: PVC<\/li>\n<li>Di\u00e2metro exterior: 4,2\u00b10,2mm<\/li>\n<li>Conformidade: RoHS, REACH<\/li>\n<\/ul>\n<p>Para al\u00e9m da sua fun\u00e7\u00e3o, tem tamb\u00e9m uma grande durabilidade, apoiada pela confian\u00e7a e promessa da garantia de 2 anos da Farsince. Assim, contacte-nos hoje mesmo e encomende-o.<\/p>","protected":false},"excerpt":{"rendered":"<p>Experimente a conetividade como nunca antes com o cabo USB 2.0 de alta velocidade da Farsince, que consegue transfer\u00eancias r\u00e1pidas de 480 Mbps e uma integridade de sinal excecional.<\/p>","protected":false},"featured_media":17356,"template":"","meta":{"_acf_changed":false,"_seopress_robots_primary_cat":"","_seopress_titles_title":"Best High Speed USB 2.0 Cable - Farsince","_seopress_titles_desc":"","_seopress_robots_index":"","site-sidebar-layout":"default","site-content-layout":"default","ast-site-content-layout":"default","site-content-style":"default","site-sidebar-style":"default","ast-global-header-display":"","ast-banner-title-visibility":"","ast-main-header-display":"","ast-hfb-above-header-display":"","ast-hfb-below-header-display":"","ast-hfb-mobile-header-display":"","site-post-title":"","ast-breadcrumbs-content":"","ast-featured-img":"","footer-sml-layout":"","ast-disable-related-posts":"","theme-transparent-header-meta":"default","adv-header-id-meta":"","stick-header-meta":"","header-above-stick-meta":"","header-main-stick-meta":"","header-below-stick-meta":"","astra-migrate-meta-layouts":"set","ast-page-background-enabled":"default","ast-page-background-meta":{"desktop":{"background-color":"","background-image":"","background-repeat":"repeat","background-position":"center center","background-size":"auto","background-attachment":"scroll","background-type":"","background-media":"","overlay-type":"","overlay-color":"","overlay-opacity":"","overlay-gradient":""},"tablet":{"background-color":"","background-image":"","background-repeat":"repeat","background-position":"center center","background-size":"auto","background-attachment":"scroll","background-type":"","background-media":"","overlay-type":"","overlay-color":"","overlay-opacity":"","overlay-gradient":""},"mobile":{"background-color":"","background-image":"","background-repeat":"repeat","background-position":"center center","background-size":"auto","background-attachment":"scroll","background-type":"","background-media":"","overlay-type":"","overlay-color":"","overlay-opacity":"","overlay-gradient":""}},"ast-content-background-meta":{"desktop":{"background-color":"var(--ast-global-color-5)","background-image":"","background-repeat":"repeat","background-position":"center center","background-size":"auto","background-attachment":"scroll","background-type":"","background-media":"","overlay-type":"","overlay-color":"","overlay-opacity":"","overlay-gradient":""},"tablet":{"background-color":"var(--ast-global-color-5)","background-image":"","background-repeat":"repeat","background-position":"center center","background-size":"auto","background-attachment":"scroll","background-type":"","background-media":"","overlay-type":"","overlay-color":"","overlay-opacity":"","overlay-gradient":""},"mobile":{"background-color":"var(--ast-global-color-5)","background-image":"","background-repeat":"repeat","background-position":"center center","background-size":"auto","background-attachment":"scroll","background-type":"","background-media":"","overlay-type":"","overlay-color":"","overlay-opacity":"","overlay-gradient":""}},"iawp_total_views":7},"product_brand":[],"product_cat":[632,636],"product_tag":[],"class_list":{"0":"post-17355","1":"product","2":"type-product","3":"status-publish","4":"has-post-thumbnail","6":"product_cat-usb","7":"product_cat-usb-2-0-cables","8":"desktop-align-left","9":"tablet-align-left","10":"mobile-align-left","12":"first","13":"instock","14":"shipping-taxable","15":"purchasable","16":"product-type-simple"},"acf":[],"_links":{"self":[{"href":"https:\/\/www.fjpremium.com\/pt\/wp-json\/wp\/v2\/product\/17355","targetHints":{"allow":["GET"]}}],"collection":[{"href":"https:\/\/www.fjpremium.com\/pt\/wp-json\/wp\/v2\/product"}],"about":[{"href":"https:\/\/www.fjpremium.com\/pt\/wp-json\/wp\/v2\/types\/product"}],"wp:featuredmedia":[{"embeddable":true,"href":"https:\/\/www.fjpremium.com\/pt\/wp-json\/wp\/v2\/media\/17356"}],"wp:attachment":[{"href":"https:\/\/www.fjpremium.com\/pt\/wp-json\/wp\/v2\/media?parent=17355"}],"wp:term":[{"taxonomy":"product_brand","embeddable":true,"href":"https:\/\/www.fjpremium.com\/pt\/wp-json\/wp\/v2\/product_brand?post=17355"},{"taxonomy":"product_cat","embeddable":true,"href":"https:\/\/www.fjpremium.com\/pt\/wp-json\/wp\/v2\/product_cat?post=17355"},{"taxonomy":"product_tag","embeddable":true,"href":"https:\/\/www.fjpremium.com\/pt\/wp-json\/wp\/v2\/product_tag?post=17355"}],"curies":[{"name":"wp","href":"https:\/\/api.w.org\/{rel}","templated":true}]}}