{"id":17323,"date":"2021-03-10T15:37:09","date_gmt":"2021-03-10T07:37:09","guid":{"rendered":"https:\/\/www.fjpremium.com\/?post_type=product&#038;p=17323"},"modified":"2023-06-27T10:56:36","modified_gmt":"2023-06-27T02:56:36","slug":"usb-3-1-type-c-male-to-female-extension-cable-2","status":"publish","type":"product","link":"https:\/\/www.fjpremium.com\/pt\/product\/usb-3-1-type-c-male-to-female-extension-cable-2\/","title":{"rendered":"Cabo de extens\u00e3o tipo C USB 3.1 macho para f\u00eamea"},"content":{"rendered":"<p>Este cabo suporta uma transfer\u00eancia de dados de alta velocidade at\u00e9 10 Gbps, permitindo uma partilha de ficheiros r\u00e1pida e eficiente.<\/p>\n<p>Os seus conectores USB-C revers\u00edveis permitem uma liga\u00e7\u00e3o f\u00e1cil em qualquer orienta\u00e7\u00e3o.<\/p>\n<p>Al\u00e9m disso, suporta resolu\u00e7\u00e3o de v\u00eddeo 4Kx2K a 60Hz, o que o torna uma escolha conveniente para configura\u00e7\u00f5es multim\u00e9dia.<\/p>\n<p>O nosso cabo de extens\u00e3o USB 3.1 macho-f\u00eamea suporta carregamento r\u00e1pido a 20V e 3A, garantindo que os seus dispositivos carregam de forma r\u00e1pida e segura.<\/p>\n<p>O seu chipset marcado eletronicamente (E-Marker) facilita o fornecimento est\u00e1vel de energia.<\/p>\n<p>As suas especifica\u00e7\u00f5es:<\/p>\n<ul>\n<li>Conector 1: USB tipo C macho<\/li>\n<li>Conector 2: USB tipo C f\u00eamea<\/li>\n<li>Contacto banhado a ouro, concha banhada a n\u00edquel<\/li>\n<li>Condutor do cabo: Cobre estanhado<\/li>\n<li>Isolamento: Espuma de PE SKIN\/HDPE<\/li>\n<li>Bitola do fio: 32\/32\/26AWG<\/li>\n<li>Carca\u00e7a: Moldagem por inje\u00e7\u00e3o<\/li>\n<li>Di\u00e2metro exterior: 4,5\u00b10,2 mm<\/li>\n<\/ul>\n<p>Al\u00e9m disso, o design robusto do cabo inclui um revestimento de PVC flex\u00edvel, blindagem de folha e tran\u00e7a e constru\u00e7\u00e3o de par entran\u00e7ado para um desempenho e durabilidade superiores.<\/p>\n<p>Al\u00e9m disso, est\u00e1 em conformidade com as normas RoHS, REACH e CE e \u00e9 apoiado por uma garantia de 2 anos, prometendo qualidade e paz de esp\u00edrito.<\/p>\n<p>Por isso, contacte-nos hoje mesmo e invista no nosso cabo de extens\u00e3o USB 3.1 macho para f\u00eamea.<\/p>","protected":false},"excerpt":{"rendered":"<p>Amplie suas conex\u00f5es USB Tipo C com o cabo de extens\u00e3o Tipo C USB 3.1 macho para f\u00eamea de alta velocidade da Farsince. Experimente transfer\u00eancia r\u00e1pida de dados, resolu\u00e7\u00e3o de v\u00eddeo 4K e suporte para carregamento r\u00e1pido.<\/p>","protected":false},"featured_media":17339,"template":"","meta":{"_acf_changed":false,"_seopress_robots_primary_cat":"","_seopress_titles_title":"Type C USB 3.1 Male to Female Extension Cable - FARSINCE","_seopress_titles_desc":"Extend your USB Type C connections with Farsince&#039;s high-speed Type C USB 3.1  male to female extension cable. Experience swift data transfer.","_seopress_robots_index":"","site-sidebar-layout":"default","site-content-layout":"default","ast-site-content-layout":"default","site-content-style":"default","site-sidebar-style":"default","ast-global-header-display":"","ast-banner-title-visibility":"","ast-main-header-display":"","ast-hfb-above-header-display":"","ast-hfb-below-header-display":"","ast-hfb-mobile-header-display":"","site-post-title":"","ast-breadcrumbs-content":"","ast-featured-img":"","footer-sml-layout":"","ast-disable-related-posts":"","theme-transparent-header-meta":"default","adv-header-id-meta":"","stick-header-meta":"","header-above-stick-meta":"","header-main-stick-meta":"","header-below-stick-meta":"","astra-migrate-meta-layouts":"default","ast-page-background-enabled":"default","ast-page-background-meta":{"desktop":{"background-color":"","background-image":"","background-repeat":"repeat","background-position":"center center","background-size":"auto","background-attachment":"scroll","background-type":"","background-media":"","overlay-type":"","overlay-color":"","overlay-opacity":"","overlay-gradient":""},"tablet":{"background-color":"","background-image":"","background-repeat":"repeat","background-position":"center center","background-size":"auto","background-attachment":"scroll","background-type":"","background-media":"","overlay-type":"","overlay-color":"","overlay-opacity":"","overlay-gradient":""},"mobile":{"background-color":"","background-image":"","background-repeat":"repeat","background-position":"center center","background-size":"auto","background-attachment":"scroll","background-type":"","background-media":"","overlay-type":"","overlay-color":"","overlay-opacity":"","overlay-gradient":""}},"ast-content-background-meta":{"desktop":{"background-color":"var(--ast-global-color-5)","background-image":"","background-repeat":"repeat","background-position":"center center","background-size":"auto","background-attachment":"scroll","background-type":"","background-media":"","overlay-type":"","overlay-color":"","overlay-opacity":"","overlay-gradient":""},"tablet":{"background-color":"var(--ast-global-color-5)","background-image":"","background-repeat":"repeat","background-position":"center center","background-size":"auto","background-attachment":"scroll","background-type":"","background-media":"","overlay-type":"","overlay-color":"","overlay-opacity":"","overlay-gradient":""},"mobile":{"background-color":"var(--ast-global-color-5)","background-image":"","background-repeat":"repeat","background-position":"center center","background-size":"auto","background-attachment":"scroll","background-type":"","background-media":"","overlay-type":"","overlay-color":"","overlay-opacity":"","overlay-gradient":""}},"iawp_total_views":5},"product_brand":[],"product_cat":[222],"product_tag":[],"class_list":{"0":"post-17323","1":"product","2":"type-product","3":"status-publish","4":"has-post-thumbnail","6":"product_cat-usb-c-cables","7":"desktop-align-left","8":"tablet-align-left","9":"mobile-align-left","11":"first","12":"instock","13":"shipping-taxable","14":"purchasable","15":"product-type-simple"},"acf":[],"_links":{"self":[{"href":"https:\/\/www.fjpremium.com\/pt\/wp-json\/wp\/v2\/product\/17323","targetHints":{"allow":["GET"]}}],"collection":[{"href":"https:\/\/www.fjpremium.com\/pt\/wp-json\/wp\/v2\/product"}],"about":[{"href":"https:\/\/www.fjpremium.com\/pt\/wp-json\/wp\/v2\/types\/product"}],"wp:featuredmedia":[{"embeddable":true,"href":"https:\/\/www.fjpremium.com\/pt\/wp-json\/wp\/v2\/media\/17339"}],"wp:attachment":[{"href":"https:\/\/www.fjpremium.com\/pt\/wp-json\/wp\/v2\/media?parent=17323"}],"wp:term":[{"taxonomy":"product_brand","embeddable":true,"href":"https:\/\/www.fjpremium.com\/pt\/wp-json\/wp\/v2\/product_brand?post=17323"},{"taxonomy":"product_cat","embeddable":true,"href":"https:\/\/www.fjpremium.com\/pt\/wp-json\/wp\/v2\/product_cat?post=17323"},{"taxonomy":"product_tag","embeddable":true,"href":"https:\/\/www.fjpremium.com\/pt\/wp-json\/wp\/v2\/product_tag?post=17323"}],"curies":[{"name":"wp","href":"https:\/\/api.w.org\/{rel}","templated":true}]}}