{"id":17322,"date":"2021-03-10T15:36:55","date_gmt":"2021-03-10T07:36:55","guid":{"rendered":"https:\/\/www.fjpremium.com\/?post_type=product&#038;p=17322"},"modified":"2023-06-27T10:58:58","modified_gmt":"2023-06-27T02:58:58","slug":"usb-3-0-type-c-male-to-type-a-female-adapter-cable-2","status":"publish","type":"product","link":"https:\/\/www.fjpremium.com\/pt\/product\/usb-3-0-type-c-male-to-type-a-female-adapter-cable-2\/","title":{"rendered":"Cabo adaptador USB 3.0 macho tipo C para f\u00eamea tipo A"},"content":{"rendered":"<p>Este cabo adaptador USB 3.0 proporciona uma taxa de transfer\u00eancia de dados de at\u00e9 5 Gbps, oferecendo uma partilha de ficheiros r\u00e1pida e sem problemas.<\/p>\n<p>O conetor USB-C sim\u00e9trico permite a liga\u00e7\u00e3o de qualquer forma para m\u00e1xima comodidade.<\/p>\n<p>Al\u00e9m disso, suporta a tecnologia de carregamento r\u00e1pido com um fornecimento de at\u00e9 5V e 2,4A, carregando os seus dispositivos de forma r\u00e1pida e segura.<\/p>\n<p>O cabo \u00e9 fornecido com uma caixa em ABS de alta qualidade para maior durabilidade.<\/p>\n<p>Um revestimento de PVC flex\u00edvel, blindagem de folha e tran\u00e7a e constru\u00e7\u00e3o de par entran\u00e7ado asseguram um desempenho \u00f3timo e a redu\u00e7\u00e3o de interfer\u00eancias.<\/p>\n<p>As suas especifica\u00e7\u00f5es:<\/p>\n<ul>\n<li>Conector 1: USB tipo C macho<\/li>\n<li>Conector 2: USB tipo A f\u00eamea<\/li>\n<li>Contacto banhado a ouro, concha banhada a n\u00edquel<\/li>\n<li>Condutor do cabo: Cobre estanhado<\/li>\n<li>Isolamento: Espuma de PE SKIN\/HDPE<\/li>\n<li>Bitola do fio: 30\/24AWG<\/li>\n<li>Carca\u00e7a: Moldagem por inje\u00e7\u00e3o<\/li>\n<li>Di\u00e2metro exterior: 4,5\u00b10,2 mm<\/li>\n<\/ul>\n<p>Al\u00e9m disso, em conformidade com as normas RoHS, REACH e CE, inclui uma garantia de 2 anos da Farsince para assegurar a qualidade.<\/p>\n<p>Em conclus\u00e3o, contacte-nos hoje mesmo e encomende o cabo adaptador USB 3.0.<\/p>","protected":false},"excerpt":{"rendered":"<p>Melhore as liga\u00e7\u00f5es dos seus dispositivos USB Tipo C e Tipo A com o nosso cabo adaptador USB 3.0 de alta velocidade, com suporte de carregamento r\u00e1pido e desempenho superior.<\/p>","protected":false},"featured_media":17333,"template":"","meta":{"_acf_changed":false,"_seopress_robots_primary_cat":"","_seopress_titles_title":"Best USB 3.0 Adapter Cable - FARSINCE","_seopress_titles_desc":"","_seopress_robots_index":"","site-sidebar-layout":"default","site-content-layout":"default","ast-site-content-layout":"default","site-content-style":"default","site-sidebar-style":"default","ast-global-header-display":"","ast-banner-title-visibility":"","ast-main-header-display":"","ast-hfb-above-header-display":"","ast-hfb-below-header-display":"","ast-hfb-mobile-header-display":"","site-post-title":"","ast-breadcrumbs-content":"","ast-featured-img":"","footer-sml-layout":"","ast-disable-related-posts":"","theme-transparent-header-meta":"default","adv-header-id-meta":"","stick-header-meta":"","header-above-stick-meta":"","header-main-stick-meta":"","header-below-stick-meta":"","astra-migrate-meta-layouts":"default","ast-page-background-enabled":"default","ast-page-background-meta":{"desktop":{"background-color":"","background-image":"","background-repeat":"repeat","background-position":"center center","background-size":"auto","background-attachment":"scroll","background-type":"","background-media":"","overlay-type":"","overlay-color":"","overlay-opacity":"","overlay-gradient":""},"tablet":{"background-color":"","background-image":"","background-repeat":"repeat","background-position":"center center","background-size":"auto","background-attachment":"scroll","background-type":"","background-media":"","overlay-type":"","overlay-color":"","overlay-opacity":"","overlay-gradient":""},"mobile":{"background-color":"","background-image":"","background-repeat":"repeat","background-position":"center center","background-size":"auto","background-attachment":"scroll","background-type":"","background-media":"","overlay-type":"","overlay-color":"","overlay-opacity":"","overlay-gradient":""}},"ast-content-background-meta":{"desktop":{"background-color":"var(--ast-global-color-5)","background-image":"","background-repeat":"repeat","background-position":"center center","background-size":"auto","background-attachment":"scroll","background-type":"","background-media":"","overlay-type":"","overlay-color":"","overlay-opacity":"","overlay-gradient":""},"tablet":{"background-color":"var(--ast-global-color-5)","background-image":"","background-repeat":"repeat","background-position":"center center","background-size":"auto","background-attachment":"scroll","background-type":"","background-media":"","overlay-type":"","overlay-color":"","overlay-opacity":"","overlay-gradient":""},"mobile":{"background-color":"var(--ast-global-color-5)","background-image":"","background-repeat":"repeat","background-position":"center center","background-size":"auto","background-attachment":"scroll","background-type":"","background-media":"","overlay-type":"","overlay-color":"","overlay-opacity":"","overlay-gradient":""}},"iawp_total_views":5},"product_brand":[],"product_cat":[222],"product_tag":[],"class_list":{"0":"post-17322","1":"product","2":"type-product","3":"status-publish","4":"has-post-thumbnail","6":"product_cat-usb-c-cables","7":"desktop-align-left","8":"tablet-align-left","9":"mobile-align-left","11":"first","12":"instock","13":"shipping-taxable","14":"purchasable","15":"product-type-simple"},"acf":[],"_links":{"self":[{"href":"https:\/\/www.fjpremium.com\/pt\/wp-json\/wp\/v2\/product\/17322","targetHints":{"allow":["GET"]}}],"collection":[{"href":"https:\/\/www.fjpremium.com\/pt\/wp-json\/wp\/v2\/product"}],"about":[{"href":"https:\/\/www.fjpremium.com\/pt\/wp-json\/wp\/v2\/types\/product"}],"wp:featuredmedia":[{"embeddable":true,"href":"https:\/\/www.fjpremium.com\/pt\/wp-json\/wp\/v2\/media\/17333"}],"wp:attachment":[{"href":"https:\/\/www.fjpremium.com\/pt\/wp-json\/wp\/v2\/media?parent=17322"}],"wp:term":[{"taxonomy":"product_brand","embeddable":true,"href":"https:\/\/www.fjpremium.com\/pt\/wp-json\/wp\/v2\/product_brand?post=17322"},{"taxonomy":"product_cat","embeddable":true,"href":"https:\/\/www.fjpremium.com\/pt\/wp-json\/wp\/v2\/product_cat?post=17322"},{"taxonomy":"product_tag","embeddable":true,"href":"https:\/\/www.fjpremium.com\/pt\/wp-json\/wp\/v2\/product_tag?post=17322"}],"curies":[{"name":"wp","href":"https:\/\/api.w.org\/{rel}","templated":true}]}}