{"id":17321,"date":"2021-03-10T15:36:50","date_gmt":"2021-03-10T07:36:50","guid":{"rendered":"https:\/\/www.fjpremium.com\/?post_type=product&#038;p=17321"},"modified":"2023-06-27T11:00:35","modified_gmt":"2023-06-27T03:00:35","slug":"usb-3-0-type-c-male-to-type-a-female-adapter-cable","status":"publish","type":"product","link":"https:\/\/www.fjpremium.com\/pt\/product\/usb-3-0-type-c-male-to-type-a-female-adapter-cable\/","title":{"rendered":"Adaptador de cabo Ethernet USB 3.0 macho para f\u00eamea para computador port\u00e1til"},"content":{"rendered":"<p>O nosso cabo adaptador USB 3.0 Tipo C para Tipo A \u00e9 uma solu\u00e7\u00e3o robusta e de elevado desempenho para ligar os seus dispositivos USB-C, como smartphones ou tablets, a perif\u00e9ricos USB Tipo A, como hubs USB, unidades flash, teclados ou ratos.<\/p>\n<p>Com uma taxa de transfer\u00eancia de at\u00e9 5 Gbps, assegura uma transmiss\u00e3o de dados r\u00e1pida e sem erros.<\/p>\n<p>O cabo suporta a tecnologia de carregamento r\u00e1pido, fornecendo at\u00e9 5V e 2,4A. O seu conetor USB-C sim\u00e9trico e revers\u00edvel torna-o f\u00e1cil de utilizar.<\/p>\n<p>Para um desempenho superior e uma interfer\u00eancia minimizada, possui um revestimento de PVC flex\u00edvel, blindagem de folha e tran\u00e7a e constru\u00e7\u00e3o de par entran\u00e7ado.<\/p>\n<p>As suas especifica\u00e7\u00f5es:<\/p>\n<ul>\n<li>Conector 1: USB tipo C macho<\/li>\n<li>Conector 2: USB tipo A f\u00eamea<\/li>\n<li>Condutor do cabo: Cobre estanhado<\/li>\n<li>Isolamento: Espuma de PE SKIN\/HDPE<\/li>\n<li>Bitola do fio: 30\/24AWG<\/li>\n<li>Blindagem tripla: par entran\u00e7ado Folha de alum\u00ednio, folha de alum\u00ednio geral, entran\u00e7ado<\/li>\n<li>Carca\u00e7a: Moldagem por inje\u00e7\u00e3o<\/li>\n<li>Revestimento: PVC<\/li>\n<li>Di\u00e2metro exterior: 4,5\u00b10,2 mm<\/li>\n<\/ul>\n<p>Al\u00e9m disso, os contactos dourados e niquelados deste cabo de alta qualidade garantem durabilidade e uma transfer\u00eancia de sinal \u00f3ptima.<\/p>\n<p>Al\u00e9m disso, est\u00e1 em conformidade com as normas RoHS, REACH e CE e \u00e9 fornecido com uma garantia Farsince de 2 anos. Em geral, contacte-nos hoje mesmo e encomende o adaptador de cabo Ethernet para computador port\u00e1til.<\/p>","protected":false},"excerpt":{"rendered":"<p>Melhore a conetividade do seu dispositivo com o adaptador de cabo Ethernet Farsince para computador port\u00e1til, que proporciona transfer\u00eancia de dados a alta velocidade e tecnologia de carregamento r\u00e1pido.<\/p>","protected":false},"featured_media":17325,"template":"","meta":{"_acf_changed":false,"_seopress_robots_primary_cat":"","_seopress_titles_title":"Best Ethernet Cable Adapter For Laptop - FARSINCE","_seopress_titles_desc":"","_seopress_robots_index":"","site-sidebar-layout":"default","site-content-layout":"default","ast-site-content-layout":"default","site-content-style":"default","site-sidebar-style":"default","ast-global-header-display":"","ast-banner-title-visibility":"","ast-main-header-display":"","ast-hfb-above-header-display":"","ast-hfb-below-header-display":"","ast-hfb-mobile-header-display":"","site-post-title":"","ast-breadcrumbs-content":"","ast-featured-img":"","footer-sml-layout":"","ast-disable-related-posts":"","theme-transparent-header-meta":"default","adv-header-id-meta":"","stick-header-meta":"","header-above-stick-meta":"","header-main-stick-meta":"","header-below-stick-meta":"","astra-migrate-meta-layouts":"default","ast-page-background-enabled":"default","ast-page-background-meta":{"desktop":{"background-color":"","background-image":"","background-repeat":"repeat","background-position":"center center","background-size":"auto","background-attachment":"scroll","background-type":"","background-media":"","overlay-type":"","overlay-color":"","overlay-opacity":"","overlay-gradient":""},"tablet":{"background-color":"","background-image":"","background-repeat":"repeat","background-position":"center center","background-size":"auto","background-attachment":"scroll","background-type":"","background-media":"","overlay-type":"","overlay-color":"","overlay-opacity":"","overlay-gradient":""},"mobile":{"background-color":"","background-image":"","background-repeat":"repeat","background-position":"center center","background-size":"auto","background-attachment":"scroll","background-type":"","background-media":"","overlay-type":"","overlay-color":"","overlay-opacity":"","overlay-gradient":""}},"ast-content-background-meta":{"desktop":{"background-color":"var(--ast-global-color-5)","background-image":"","background-repeat":"repeat","background-position":"center center","background-size":"auto","background-attachment":"scroll","background-type":"","background-media":"","overlay-type":"","overlay-color":"","overlay-opacity":"","overlay-gradient":""},"tablet":{"background-color":"var(--ast-global-color-5)","background-image":"","background-repeat":"repeat","background-position":"center center","background-size":"auto","background-attachment":"scroll","background-type":"","background-media":"","overlay-type":"","overlay-color":"","overlay-opacity":"","overlay-gradient":""},"mobile":{"background-color":"var(--ast-global-color-5)","background-image":"","background-repeat":"repeat","background-position":"center center","background-size":"auto","background-attachment":"scroll","background-type":"","background-media":"","overlay-type":"","overlay-color":"","overlay-opacity":"","overlay-gradient":""}},"iawp_total_views":5},"product_brand":[],"product_cat":[222],"product_tag":[],"class_list":{"0":"post-17321","1":"product","2":"type-product","3":"status-publish","4":"has-post-thumbnail","6":"product_cat-usb-c-cables","7":"desktop-align-left","8":"tablet-align-left","9":"mobile-align-left","11":"first","12":"instock","13":"shipping-taxable","14":"purchasable","15":"product-type-simple"},"acf":[],"_links":{"self":[{"href":"https:\/\/www.fjpremium.com\/pt\/wp-json\/wp\/v2\/product\/17321","targetHints":{"allow":["GET"]}}],"collection":[{"href":"https:\/\/www.fjpremium.com\/pt\/wp-json\/wp\/v2\/product"}],"about":[{"href":"https:\/\/www.fjpremium.com\/pt\/wp-json\/wp\/v2\/types\/product"}],"wp:featuredmedia":[{"embeddable":true,"href":"https:\/\/www.fjpremium.com\/pt\/wp-json\/wp\/v2\/media\/17325"}],"wp:attachment":[{"href":"https:\/\/www.fjpremium.com\/pt\/wp-json\/wp\/v2\/media?parent=17321"}],"wp:term":[{"taxonomy":"product_brand","embeddable":true,"href":"https:\/\/www.fjpremium.com\/pt\/wp-json\/wp\/v2\/product_brand?post=17321"},{"taxonomy":"product_cat","embeddable":true,"href":"https:\/\/www.fjpremium.com\/pt\/wp-json\/wp\/v2\/product_cat?post=17321"},{"taxonomy":"product_tag","embeddable":true,"href":"https:\/\/www.fjpremium.com\/pt\/wp-json\/wp\/v2\/product_tag?post=17321"}],"curies":[{"name":"wp","href":"https:\/\/api.w.org\/{rel}","templated":true}]}}