{"id":17318,"date":"2021-03-10T15:33:20","date_gmt":"2021-03-10T07:33:20","guid":{"rendered":"https:\/\/www.fjpremium.com\/?post_type=product&#038;p=17318"},"modified":"2023-06-16T15:38:34","modified_gmt":"2023-06-16T07:38:34","slug":"usb-c-to-dual-hdmi-displayport-mst-ssl-hub-2-in-1-4k-adapter-3","status":"publish","type":"product","link":"https:\/\/www.fjpremium.com\/pt\/product\/usb-c-to-dual-hdmi-displayport-mst-ssl-hub-2-in-1-4k-adapter-3\/","title":{"rendered":"Adaptador MST SSL Hub 2 em 1 4K Displayport para HDMI"},"content":{"rendered":"<p>O nosso adaptador USB 3.1 Tipo C para HDMI\/DisplayPort duplo permite partilhar facilmente o seu ecr\u00e3, projectando conte\u00fado UHD do seu dispositivo USB-C para ecr\u00e3s equipados com HDMI ou DisplayPort, como HDTVs ou projectores.<\/p>\n<p>Com suporte para uma resolu\u00e7\u00e3o at\u00e9 4K (3840\u00d72160 a 60 Hz), a qualidade de v\u00eddeo mant\u00e9m-se excecional.<\/p>\n<p>Este adaptador DisplayPort 4K para HDMI compacto \u00e9 plug-and-play, n\u00e3o necessitando de controladores adicionais. Compat\u00edvel com MAC OS, Windows, Android e Linux, suporta os modos Mirror (SST) e Extend (MST, apenas Windows).<\/p>\n<p>No entanto, \u00e9 crucial verificar a sa\u00edda de v\u00eddeo do seu dispositivo ou a compatibilidade com o modo DP Alt antes da compra.<\/p>\n<p>As suas especifica\u00e7\u00f5es:<\/p>\n<ul>\n<li>Conector 1: USB tipo C macho<\/li>\n<li>Conector 2: 2xHDMI f\u00eamea\/ 2xDisplayPort f\u00eamea\/ HDMI f\u00eamea+DisplayPort f\u00eamea<\/li>\n<li>Condutor do cabo: Cobre estanhado<\/li>\n<li>Isolamento: Espuma de PE SKIN\/HDPE<\/li>\n<li>Bitola do fio: 32\/32\/26AWG<\/li>\n<li>Caixa: Carca\u00e7a de alum\u00ednio<\/li>\n<li>Chip: LT8712EXI ou STDP4320+VL100+SN75149<\/li>\n<li>Revestimento: PVC<\/li>\n<li>Di\u00e2metro exterior: 4,2\u00b10,2 mm<\/li>\n<li>Conformidade: RoHS, REACH, CE<\/li>\n<\/ul>\n<p>Al\u00e9m disso, o design robusto do adaptador inclui contactos banhados a ouro, um inv\u00f3lucro de alum\u00ednio e cablagem com blindagem tripla para um desempenho ideal.<\/p>\n<p>Por isso, contacte-nos hoje mesmo e encomende este adaptador DisplayPort 4K para HDMI.<\/p>","protected":false},"excerpt":{"rendered":"<p>Descubra o adaptador MST SSL hub 2 em 1 4K displayport para HDMI da Farsince, compacto, plug-and-play e vers\u00e1til em todos os sistemas operativos.<\/p>","protected":false},"featured_media":0,"template":"","meta":{"_acf_changed":false,"_seopress_robots_primary_cat":"","_seopress_titles_title":"","_seopress_titles_desc":"","_seopress_robots_index":"","site-sidebar-layout":"default","site-content-layout":"default","ast-site-content-layout":"default","site-content-style":"default","site-sidebar-style":"default","ast-global-header-display":"","ast-banner-title-visibility":"","ast-main-header-display":"","ast-hfb-above-header-display":"","ast-hfb-below-header-display":"","ast-hfb-mobile-header-display":"","site-post-title":"","ast-breadcrumbs-content":"","ast-featured-img":"","footer-sml-layout":"","ast-disable-related-posts":"","theme-transparent-header-meta":"default","adv-header-id-meta":"","stick-header-meta":"","header-above-stick-meta":"","header-main-stick-meta":"","header-below-stick-meta":"","astra-migrate-meta-layouts":"default","ast-page-background-enabled":"default","ast-page-background-meta":{"desktop":{"background-color":"","background-image":"","background-repeat":"repeat","background-position":"center center","background-size":"auto","background-attachment":"scroll","background-type":"","background-media":"","overlay-type":"","overlay-color":"","overlay-opacity":"","overlay-gradient":""},"tablet":{"background-color":"","background-image":"","background-repeat":"repeat","background-position":"center center","background-size":"auto","background-attachment":"scroll","background-type":"","background-media":"","overlay-type":"","overlay-color":"","overlay-opacity":"","overlay-gradient":""},"mobile":{"background-color":"","background-image":"","background-repeat":"repeat","background-position":"center center","background-size":"auto","background-attachment":"scroll","background-type":"","background-media":"","overlay-type":"","overlay-color":"","overlay-opacity":"","overlay-gradient":""}},"ast-content-background-meta":{"desktop":{"background-color":"var(--ast-global-color-5)","background-image":"","background-repeat":"repeat","background-position":"center center","background-size":"auto","background-attachment":"scroll","background-type":"","background-media":"","overlay-type":"","overlay-color":"","overlay-opacity":"","overlay-gradient":""},"tablet":{"background-color":"var(--ast-global-color-5)","background-image":"","background-repeat":"repeat","background-position":"center center","background-size":"auto","background-attachment":"scroll","background-type":"","background-media":"","overlay-type":"","overlay-color":"","overlay-opacity":"","overlay-gradient":""},"mobile":{"background-color":"var(--ast-global-color-5)","background-image":"","background-repeat":"repeat","background-position":"center center","background-size":"auto","background-attachment":"scroll","background-type":"","background-media":"","overlay-type":"","overlay-color":"","overlay-opacity":"","overlay-gradient":""}},"iawp_total_views":5},"product_brand":[],"product_cat":[222],"product_tag":[],"class_list":{"0":"post-17318","1":"product","2":"type-product","3":"status-publish","5":"product_cat-usb-c-cables","6":"desktop-align-left","7":"tablet-align-left","8":"mobile-align-left","10":"first","11":"instock","12":"shipping-taxable","13":"purchasable","14":"product-type-simple"},"acf":[],"_links":{"self":[{"href":"https:\/\/www.fjpremium.com\/pt\/wp-json\/wp\/v2\/product\/17318","targetHints":{"allow":["GET"]}}],"collection":[{"href":"https:\/\/www.fjpremium.com\/pt\/wp-json\/wp\/v2\/product"}],"about":[{"href":"https:\/\/www.fjpremium.com\/pt\/wp-json\/wp\/v2\/types\/product"}],"wp:attachment":[{"href":"https:\/\/www.fjpremium.com\/pt\/wp-json\/wp\/v2\/media?parent=17318"}],"wp:term":[{"taxonomy":"product_brand","embeddable":true,"href":"https:\/\/www.fjpremium.com\/pt\/wp-json\/wp\/v2\/product_brand?post=17318"},{"taxonomy":"product_cat","embeddable":true,"href":"https:\/\/www.fjpremium.com\/pt\/wp-json\/wp\/v2\/product_cat?post=17318"},{"taxonomy":"product_tag","embeddable":true,"href":"https:\/\/www.fjpremium.com\/pt\/wp-json\/wp\/v2\/product_tag?post=17318"}],"curies":[{"name":"wp","href":"https:\/\/api.w.org\/{rel}","templated":true}]}}