{"id":17317,"date":"2021-03-10T15:33:19","date_gmt":"2021-03-10T07:33:19","guid":{"rendered":"https:\/\/www.fjpremium.com\/?post_type=product&#038;p=17317"},"modified":"2023-06-27T11:04:11","modified_gmt":"2023-06-27T03:04:11","slug":"usb-c-to-dual-hdmi-displayport-mst-ssl-hub-2-in-1-4k-adapter-2","status":"publish","type":"product","link":"https:\/\/www.fjpremium.com\/pt\/product\/usb-c-to-dual-hdmi-displayport-mst-ssl-hub-2-in-1-4k-adapter-2\/","title":{"rendered":"MST SSL hub 2 em 1 USB C para adaptador HDMI duplo 4K"},"content":{"rendered":"<p>O adaptador USB 3.1 Tipo C para HDMI duplo proporciona uma experi\u00eancia perfeita de proje\u00e7\u00e3o do conte\u00fado do seu computador port\u00e1til em dispositivos HDMI, como HDTVs ou projectores.<\/p>\n<p>Perfeito para desfrutar de v\u00eddeos ou imagens UHD num ecr\u00e3 maior, suporta uma resolu\u00e7\u00e3o at\u00e9 4K (3840\u00d72160 @ 60Hz) para uma \u00fanica porta HDMI e 4K@30Hz para portas duplas, prometendo uma sa\u00edda de v\u00eddeo de alta qualidade.<\/p>\n<p>E \u00e9 compat\u00edvel com MAC OS, Windows, Android e Linux, suportando os modos Mirror e Extend (apenas Windows).<\/p>\n<p>Este adaptador USB C para HDMI duplo 4K plug-and-play n\u00e3o requer drivers adicionais, mas certifique-se de que o seu dispositivo suporta sa\u00edda de v\u00eddeo ou DP Alt Mode antes de comprar.<\/p>\n<p>As suas especifica\u00e7\u00f5es:<\/p>\n<ul>\n<li>Conector 1: USB tipo C macho<\/li>\n<li>Conector 2: 2xHDMI f\u00eamea\/ 2xDisplayPort f\u00eamea\/ HDMI f\u00eamea+DisplayPort f\u00eamea<\/li>\n<li>Contacto banhado a ouro, concha banhada a ouro<\/li>\n<li>Condutor do cabo: Cobre estanhado<\/li>\n<li>Isolamento: Espuma de PE SKIN\/HDPE<\/li>\n<li>Bitola do fio: 32\/32\/26AWG<\/li>\n<li>Chip: LT8712EXI ou STDP4320+VL100+SN75149<\/li>\n<li>Revestimento: PVC<\/li>\n<li>Di\u00e2metro exterior: 4,2\u00b10,2 mm<\/li>\n<li>Conformidade: RoHS, REACH, CE<\/li>\n<\/ul>\n<p>Al\u00e9m disso, o seu design robusto inclui contactos banhados a ouro, um inv\u00f3lucro de alum\u00ednio e um cabo com blindagem tripla para um desempenho ideal. Consequentemente, contacte-nos hoje e encomende o nosso adaptador USB C para HDMI duplo 4K.<\/p>","protected":false},"excerpt":{"rendered":"<p>Melhore a sua experi\u00eancia visual com o adaptador USB C para HDMI duplo 4K da Farsince. Garantindo uma sa\u00edda 4K excecional, \u00e9 a sua solu\u00e7\u00e3o plug-and-play para ecr\u00e3s maiores.<\/p>","protected":false},"featured_media":0,"template":"","meta":{"_acf_changed":false,"_seopress_robots_primary_cat":"","_seopress_titles_title":" Best 2 in 1 USB C to Dual HDMI Adapter 4K - FARSINCE","_seopress_titles_desc":"Elevate your visual experience with Farsince USB C to dual HDMI adapter 4K. Ensuring exceptional 4K output, it&#039;s your plug-and-play solution for larger screens.","_seopress_robots_index":"","site-sidebar-layout":"default","site-content-layout":"default","ast-site-content-layout":"default","site-content-style":"default","site-sidebar-style":"default","ast-global-header-display":"","ast-banner-title-visibility":"","ast-main-header-display":"","ast-hfb-above-header-display":"","ast-hfb-below-header-display":"","ast-hfb-mobile-header-display":"","site-post-title":"","ast-breadcrumbs-content":"","ast-featured-img":"","footer-sml-layout":"","ast-disable-related-posts":"","theme-transparent-header-meta":"default","adv-header-id-meta":"","stick-header-meta":"","header-above-stick-meta":"","header-main-stick-meta":"","header-below-stick-meta":"","astra-migrate-meta-layouts":"default","ast-page-background-enabled":"default","ast-page-background-meta":{"desktop":{"background-color":"","background-image":"","background-repeat":"repeat","background-position":"center center","background-size":"auto","background-attachment":"scroll","background-type":"","background-media":"","overlay-type":"","overlay-color":"","overlay-opacity":"","overlay-gradient":""},"tablet":{"background-color":"","background-image":"","background-repeat":"repeat","background-position":"center center","background-size":"auto","background-attachment":"scroll","background-type":"","background-media":"","overlay-type":"","overlay-color":"","overlay-opacity":"","overlay-gradient":""},"mobile":{"background-color":"","background-image":"","background-repeat":"repeat","background-position":"center center","background-size":"auto","background-attachment":"scroll","background-type":"","background-media":"","overlay-type":"","overlay-color":"","overlay-opacity":"","overlay-gradient":""}},"ast-content-background-meta":{"desktop":{"background-color":"var(--ast-global-color-5)","background-image":"","background-repeat":"repeat","background-position":"center center","background-size":"auto","background-attachment":"scroll","background-type":"","background-media":"","overlay-type":"","overlay-color":"","overlay-opacity":"","overlay-gradient":""},"tablet":{"background-color":"var(--ast-global-color-5)","background-image":"","background-repeat":"repeat","background-position":"center center","background-size":"auto","background-attachment":"scroll","background-type":"","background-media":"","overlay-type":"","overlay-color":"","overlay-opacity":"","overlay-gradient":""},"mobile":{"background-color":"var(--ast-global-color-5)","background-image":"","background-repeat":"repeat","background-position":"center center","background-size":"auto","background-attachment":"scroll","background-type":"","background-media":"","overlay-type":"","overlay-color":"","overlay-opacity":"","overlay-gradient":""}},"iawp_total_views":7},"product_brand":[],"product_cat":[222],"product_tag":[],"class_list":{"0":"post-17317","1":"product","2":"type-product","3":"status-publish","5":"product_cat-usb-c-cables","6":"desktop-align-left","7":"tablet-align-left","8":"mobile-align-left","10":"first","11":"instock","12":"shipping-taxable","13":"purchasable","14":"product-type-simple"},"acf":[],"_links":{"self":[{"href":"https:\/\/www.fjpremium.com\/pt\/wp-json\/wp\/v2\/product\/17317","targetHints":{"allow":["GET"]}}],"collection":[{"href":"https:\/\/www.fjpremium.com\/pt\/wp-json\/wp\/v2\/product"}],"about":[{"href":"https:\/\/www.fjpremium.com\/pt\/wp-json\/wp\/v2\/types\/product"}],"wp:attachment":[{"href":"https:\/\/www.fjpremium.com\/pt\/wp-json\/wp\/v2\/media?parent=17317"}],"wp:term":[{"taxonomy":"product_brand","embeddable":true,"href":"https:\/\/www.fjpremium.com\/pt\/wp-json\/wp\/v2\/product_brand?post=17317"},{"taxonomy":"product_cat","embeddable":true,"href":"https:\/\/www.fjpremium.com\/pt\/wp-json\/wp\/v2\/product_cat?post=17317"},{"taxonomy":"product_tag","embeddable":true,"href":"https:\/\/www.fjpremium.com\/pt\/wp-json\/wp\/v2\/product_tag?post=17317"}],"curies":[{"name":"wp","href":"https:\/\/api.w.org\/{rel}","templated":true}]}}