{"id":17308,"date":"2021-03-10T15:31:34","date_gmt":"2021-03-10T07:31:34","guid":{"rendered":"https:\/\/www.fjpremium.com\/?post_type=product&#038;p=17308"},"modified":"2023-06-27T11:05:31","modified_gmt":"2023-06-27T03:05:31","slug":"usb-c-to-hdmi-vga-2-in-1-hub-adapter","status":"publish","type":"product","link":"https:\/\/www.fjpremium.com\/pt\/product\/usb-c-to-hdmi-vga-2-in-1-hub-adapter\/","title":{"rendered":"Adaptador de hub 2 em 1 VGA HDMI para USB C"},"content":{"rendered":"<p>O nosso adaptador de hub 2 em 1 HDMI VGA USB C utiliza uma liga\u00e7\u00e3o USB 3.1 Tipo C para permitir que dispositivos como smartphones, tablets ou computadores fa\u00e7am interface com uma HDTV, um projetor ou um monitor.<\/p>\n<p>A sa\u00edda HDMI suporta a resolu\u00e7\u00e3o 4K (3840\u00d72160 a 30 Hz), enquanto a VGA suporta at\u00e9 1080P (1920\u00d71080 a 60 Hz), assegurando a transmiss\u00e3o de imagens de alta qualidade para o seu ecr\u00e3.<\/p>\n<p>O formato compacto do adaptador e o conetor USB tipo C sim\u00e9trico tornam-no numa solu\u00e7\u00e3o ideal e f\u00e1cil de utilizar para ambientes \"Traga o seu pr\u00f3prio dispositivo\" na educa\u00e7\u00e3o ou na empresa.<\/p>\n<p>\u00c9 um dispositivo \"plug-and-play\" sem necessidade de controladores adicionais e vem com uma garantia de dois anos da Farsince.<\/p>\n<p>As suas especifica\u00e7\u00f5es:<\/p>\n<ul>\n<li>Conector 1: USB tipo C macho<\/li>\n<li>Conector 2: HDMI 19 pinos f\u00eamea\/ VGA HD15 f\u00eamea<\/li>\n<li>Condutor do cabo: Cobre estanhado<\/li>\n<li>Isolamento: Espuma de PE SKIN\/HDPE<\/li>\n<li>Bitola do fio: 34\/32\/26AWG<\/li>\n<li>Caixa: ABS ou concha de alum\u00ednio<\/li>\n<li>Chipset: AG9320 ou IET6562<\/li>\n<li>Revestimento: PVC<\/li>\n<li>Di\u00e2metro exterior: 4,2\u00b10,2 mm<\/li>\n<li>Conformidade: RoHS, REACH, CE<\/li>\n<\/ul>\n<p>Al\u00e9m disso, fabricado com precis\u00e3o, o nosso adaptador de concentrador USB C possui contactos banhados a ouro e um cabo com blindagem tripla para garantir um desempenho \u00f3timo. Por conseguinte, contacte-nos hoje e invista neste produto.<\/p>","protected":false},"excerpt":{"rendered":"<p>Utilize o adaptador de hub 2 em 1 VGA HDMI para USB C da Farsince para obter uma impressionante sa\u00edda de v\u00eddeo 4K e 1080P. O seu design f\u00e1cil de utilizar e o s\u00f3lido desempenho fazem dele uma escolha privilegiada para aplica\u00e7\u00f5es BYOD.<\/p>","protected":false},"featured_media":17309,"template":"","meta":{"_acf_changed":false,"_seopress_robots_primary_cat":"","_seopress_titles_title":"Best 2 in 1 VGA HDMI To USB C Hub Adapter - FARSINCE","_seopress_titles_desc":"Leverage Farsince&#039;s 2-in-1  VGA HDMI to USB C hub adapter for stunning 4K and 1080P video output, a prime choice for BYOD applications.","_seopress_robots_index":"","site-sidebar-layout":"default","site-content-layout":"default","ast-site-content-layout":"default","site-content-style":"default","site-sidebar-style":"default","ast-global-header-display":"","ast-banner-title-visibility":"","ast-main-header-display":"","ast-hfb-above-header-display":"","ast-hfb-below-header-display":"","ast-hfb-mobile-header-display":"","site-post-title":"","ast-breadcrumbs-content":"","ast-featured-img":"","footer-sml-layout":"","ast-disable-related-posts":"","theme-transparent-header-meta":"default","adv-header-id-meta":"","stick-header-meta":"","header-above-stick-meta":"","header-main-stick-meta":"","header-below-stick-meta":"","astra-migrate-meta-layouts":"default","ast-page-background-enabled":"default","ast-page-background-meta":{"desktop":{"background-color":"","background-image":"","background-repeat":"repeat","background-position":"center center","background-size":"auto","background-attachment":"scroll","background-type":"","background-media":"","overlay-type":"","overlay-color":"","overlay-opacity":"","overlay-gradient":""},"tablet":{"background-color":"","background-image":"","background-repeat":"repeat","background-position":"center center","background-size":"auto","background-attachment":"scroll","background-type":"","background-media":"","overlay-type":"","overlay-color":"","overlay-opacity":"","overlay-gradient":""},"mobile":{"background-color":"","background-image":"","background-repeat":"repeat","background-position":"center center","background-size":"auto","background-attachment":"scroll","background-type":"","background-media":"","overlay-type":"","overlay-color":"","overlay-opacity":"","overlay-gradient":""}},"ast-content-background-meta":{"desktop":{"background-color":"var(--ast-global-color-5)","background-image":"","background-repeat":"repeat","background-position":"center center","background-size":"auto","background-attachment":"scroll","background-type":"","background-media":"","overlay-type":"","overlay-color":"","overlay-opacity":"","overlay-gradient":""},"tablet":{"background-color":"var(--ast-global-color-5)","background-image":"","background-repeat":"repeat","background-position":"center center","background-size":"auto","background-attachment":"scroll","background-type":"","background-media":"","overlay-type":"","overlay-color":"","overlay-opacity":"","overlay-gradient":""},"mobile":{"background-color":"var(--ast-global-color-5)","background-image":"","background-repeat":"repeat","background-position":"center center","background-size":"auto","background-attachment":"scroll","background-type":"","background-media":"","overlay-type":"","overlay-color":"","overlay-opacity":"","overlay-gradient":""}},"iawp_total_views":9},"product_brand":[],"product_cat":[222],"product_tag":[],"class_list":{"0":"post-17308","1":"product","2":"type-product","3":"status-publish","4":"has-post-thumbnail","6":"product_cat-usb-c-cables","7":"desktop-align-left","8":"tablet-align-left","9":"mobile-align-left","11":"first","12":"instock","13":"shipping-taxable","14":"purchasable","15":"product-type-simple"},"acf":[],"_links":{"self":[{"href":"https:\/\/www.fjpremium.com\/pt\/wp-json\/wp\/v2\/product\/17308","targetHints":{"allow":["GET"]}}],"collection":[{"href":"https:\/\/www.fjpremium.com\/pt\/wp-json\/wp\/v2\/product"}],"about":[{"href":"https:\/\/www.fjpremium.com\/pt\/wp-json\/wp\/v2\/types\/product"}],"wp:featuredmedia":[{"embeddable":true,"href":"https:\/\/www.fjpremium.com\/pt\/wp-json\/wp\/v2\/media\/17309"}],"wp:attachment":[{"href":"https:\/\/www.fjpremium.com\/pt\/wp-json\/wp\/v2\/media?parent=17308"}],"wp:term":[{"taxonomy":"product_brand","embeddable":true,"href":"https:\/\/www.fjpremium.com\/pt\/wp-json\/wp\/v2\/product_brand?post=17308"},{"taxonomy":"product_cat","embeddable":true,"href":"https:\/\/www.fjpremium.com\/pt\/wp-json\/wp\/v2\/product_cat?post=17308"},{"taxonomy":"product_tag","embeddable":true,"href":"https:\/\/www.fjpremium.com\/pt\/wp-json\/wp\/v2\/product_tag?post=17308"}],"curies":[{"name":"wp","href":"https:\/\/api.w.org\/{rel}","templated":true}]}}