{"id":17282,"date":"2021-03-10T15:28:28","date_gmt":"2021-03-10T07:28:28","guid":{"rendered":"https:\/\/www.fjpremium.com\/?post_type=product&#038;p=17282"},"modified":"2023-06-27T13:25:26","modified_gmt":"2023-06-27T05:25:26","slug":"usb-c-male-to-vga-usb3-0-pd-3-in-1-multi-port-hub-adapter","status":"publish","type":"product","link":"https:\/\/www.fjpremium.com\/pt\/product\/usb-c-male-to-vga-usb3-0-pd-3-in-1-multi-port-hub-adapter\/","title":{"rendered":"Adaptador multiportas USB-C macho para VGA USB3.0 PD 3 em 1"},"content":{"rendered":"<p>O nosso adaptador multiportas inclui conetividade USB 3.1 Type-C, USB 3.0 e VGA.<\/p>\n<p>Concebida para uso pessoal e profissional, suporta uma resolu\u00e7\u00e3o de at\u00e9 1080P para v\u00eddeo de alta qualidade e permite a transmiss\u00e3o de dados USB 3.0 a alta velocidade.<\/p>\n<p>Este adaptador compacto tamb\u00e9m inclui uma porta USB Tipo C para carregamento simult\u00e2neo de dispositivos, suportando um fornecimento de energia at\u00e9 60 W.<\/p>\n<p>Pode usufruir do seu simples funcionamento \"plug-and-play\", sem necessidade de controlador.<\/p>\n<p>As suas especifica\u00e7\u00f5es:<\/p>\n<ul>\n<li>Conector 1: USB tipo C macho<\/li>\n<li>Conector 2: VGA HD15 f\u00eamea\/ USB 3.0 f\u00eamea\/ USB Tipo C f\u00eamea<\/li>\n<li>Contacto banhado a ouro, concha banhada a n\u00edquel<\/li>\n<li>Condutor do cabo: Cobre estanhado<\/li>\n<li>Isolamento: Espuma de PE SKIN\/HDPE<\/li>\n<li>Bitola do fio: 34\/32\/22AWG<\/li>\n<li>Blindagem tripla: par entran\u00e7ado Folha de alum\u00ednio, folha de alum\u00ednio geral, entran\u00e7ado<\/li>\n<li>Caixa: Concha em ABS<\/li>\n<li>Chipset: FL7102+IT6516<\/li>\n<li>Revestimento: PVC<\/li>\n<li>Di\u00e2metro exterior: 4,2\u00b10,2 mm<\/li>\n<li>Conformidade: RoHS, REACH, CE<\/li>\n<\/ul>\n<p>Al\u00e9m disso, \u00e9 meticulosamente fabricado para um desempenho fi\u00e1vel e tem uma garantia de 2 anos. Em conclus\u00e3o, contacte-nos hoje mesmo e encomende este adaptador multiportas.<\/p>","protected":false},"excerpt":{"rendered":"<p>Descubra o adaptador multiporta 3 em 1 da Farsince, que oferece liga\u00e7\u00f5es USB 3.1 Type-C, USB 3.0 e VGA, suportando uma resolu\u00e7\u00e3o at\u00e9 1080P.<\/p>","protected":false},"featured_media":17291,"template":"","meta":{"_acf_changed":false,"_seopress_robots_primary_cat":"","_seopress_titles_title":"Best 3 in 1 Multi Port Adapter - FARSINCE","_seopress_titles_desc":"","_seopress_robots_index":"","site-sidebar-layout":"default","site-content-layout":"default","ast-site-content-layout":"default","site-content-style":"default","site-sidebar-style":"default","ast-global-header-display":"","ast-banner-title-visibility":"","ast-main-header-display":"","ast-hfb-above-header-display":"","ast-hfb-below-header-display":"","ast-hfb-mobile-header-display":"","site-post-title":"","ast-breadcrumbs-content":"","ast-featured-img":"","footer-sml-layout":"","ast-disable-related-posts":"","theme-transparent-header-meta":"default","adv-header-id-meta":"","stick-header-meta":"","header-above-stick-meta":"","header-main-stick-meta":"","header-below-stick-meta":"","astra-migrate-meta-layouts":"default","ast-page-background-enabled":"default","ast-page-background-meta":{"desktop":{"background-color":"","background-image":"","background-repeat":"repeat","background-position":"center center","background-size":"auto","background-attachment":"scroll","background-type":"","background-media":"","overlay-type":"","overlay-color":"","overlay-opacity":"","overlay-gradient":""},"tablet":{"background-color":"","background-image":"","background-repeat":"repeat","background-position":"center center","background-size":"auto","background-attachment":"scroll","background-type":"","background-media":"","overlay-type":"","overlay-color":"","overlay-opacity":"","overlay-gradient":""},"mobile":{"background-color":"","background-image":"","background-repeat":"repeat","background-position":"center center","background-size":"auto","background-attachment":"scroll","background-type":"","background-media":"","overlay-type":"","overlay-color":"","overlay-opacity":"","overlay-gradient":""}},"ast-content-background-meta":{"desktop":{"background-color":"var(--ast-global-color-5)","background-image":"","background-repeat":"repeat","background-position":"center center","background-size":"auto","background-attachment":"scroll","background-type":"","background-media":"","overlay-type":"","overlay-color":"","overlay-opacity":"","overlay-gradient":""},"tablet":{"background-color":"var(--ast-global-color-5)","background-image":"","background-repeat":"repeat","background-position":"center center","background-size":"auto","background-attachment":"scroll","background-type":"","background-media":"","overlay-type":"","overlay-color":"","overlay-opacity":"","overlay-gradient":""},"mobile":{"background-color":"var(--ast-global-color-5)","background-image":"","background-repeat":"repeat","background-position":"center center","background-size":"auto","background-attachment":"scroll","background-type":"","background-media":"","overlay-type":"","overlay-color":"","overlay-opacity":"","overlay-gradient":""}},"iawp_total_views":5},"product_brand":[],"product_cat":[222],"product_tag":[],"class_list":{"0":"post-17282","1":"product","2":"type-product","3":"status-publish","4":"has-post-thumbnail","6":"product_cat-usb-c-cables","7":"desktop-align-left","8":"tablet-align-left","9":"mobile-align-left","11":"first","12":"instock","13":"shipping-taxable","14":"purchasable","15":"product-type-simple"},"acf":[],"_links":{"self":[{"href":"https:\/\/www.fjpremium.com\/pt\/wp-json\/wp\/v2\/product\/17282","targetHints":{"allow":["GET"]}}],"collection":[{"href":"https:\/\/www.fjpremium.com\/pt\/wp-json\/wp\/v2\/product"}],"about":[{"href":"https:\/\/www.fjpremium.com\/pt\/wp-json\/wp\/v2\/types\/product"}],"wp:featuredmedia":[{"embeddable":true,"href":"https:\/\/www.fjpremium.com\/pt\/wp-json\/wp\/v2\/media\/17291"}],"wp:attachment":[{"href":"https:\/\/www.fjpremium.com\/pt\/wp-json\/wp\/v2\/media?parent=17282"}],"wp:term":[{"taxonomy":"product_brand","embeddable":true,"href":"https:\/\/www.fjpremium.com\/pt\/wp-json\/wp\/v2\/product_brand?post=17282"},{"taxonomy":"product_cat","embeddable":true,"href":"https:\/\/www.fjpremium.com\/pt\/wp-json\/wp\/v2\/product_cat?post=17282"},{"taxonomy":"product_tag","embeddable":true,"href":"https:\/\/www.fjpremium.com\/pt\/wp-json\/wp\/v2\/product_tag?post=17282"}],"curies":[{"name":"wp","href":"https:\/\/api.w.org\/{rel}","templated":true}]}}