{"id":17245,"date":"2021-03-10T15:21:13","date_gmt":"2021-03-10T07:21:13","guid":{"rendered":"https:\/\/www.fjpremium.com\/?post_type=product&#038;p=17245"},"modified":"2023-06-27T14:00:13","modified_gmt":"2023-06-27T06:00:13","slug":"usb-c-male-to-displayport-female-adapter-8k-ready-2","status":"publish","type":"product","link":"https:\/\/www.fjpremium.com\/pt\/product\/usb-c-male-to-displayport-female-adapter-8k-ready-2\/","title":{"rendered":"Adaptador USB 3.1 Tipo C para DisplayPort, preparado para 8K"},"content":{"rendered":"<p>O nosso adaptador foi concebido para ligar qualquer dispositivo compat\u00edvel com USB-C, como smartphones, tablets ou computadores, a HDTVs, monitores, projectores ou qualquer outra unidade de visualiza\u00e7\u00e3o com entrada DisplayPort.<\/p>\n<p>Suporta uma resolu\u00e7\u00e3o superior de 8K@60Hz e assegura imagens de v\u00eddeo de alta qualidade para uma experi\u00eancia de visualiza\u00e7\u00e3o de excel\u00eancia.<\/p>\n<p>Este adaptador aproveita o suporte \u00e1udio\/v\u00eddeo das portas USB-C incorporadas para proporcionar um ecr\u00e3 rico e v\u00edvido na sua HDTV ou projetor com DisplayPort.<\/p>\n<p>Com um design compacto e leve, \u00e9 perfeito para aplica\u00e7\u00f5es BYOD em ambientes educativos ou empresariais.<\/p>\n<p>Al\u00e9m disso, \u00e9 um dispositivo \"plug-and-play\" que n\u00e3o requer controladores adicionais, oferecendo simplicidade e comodidade.<\/p>\n<p>As suas especifica\u00e7\u00f5es:<\/p>\n<ul>\n<li>Conector 1: USB tipo C macho<\/li>\n<li>Conector 2: DisplayPort (DP) f\u00eamea<\/li>\n<li>Contacto banhado a ouro, concha banhada a ouro<\/li>\n<li>Condutor do cabo: Cobre estanhado<\/li>\n<li>Isolamento: Espuma de PE SKIN\/HDPE<\/li>\n<li>Bitola do fio: 32\/32\/26AWG<\/li>\n<li>Blindagem tripla: par entran\u00e7ado de folha de alum\u00ednio, folha de alum\u00ednio geral, entran\u00e7ado<\/li>\n<li>Caixa: Concha em ABS<\/li>\n<li>Chipset: CYPD2119\/ENE363<\/li>\n<li>Revestimento: PVC<\/li>\n<li>Di\u00e2metro exterior: 4,5\u00b10,2mm<\/li>\n<li>Conformidade: RoHS, REACH, CE<\/li>\n<\/ul>\n<p>Al\u00e9m disso, constru\u00eddo de acordo com os mais elevados padr\u00f5es da ind\u00fastria, o adaptador de alta qualidade Tipo C para DisplayPort vem com uma garantia de 2 anos da Farsince, validando a sua fiabilidade e desempenho. Em geral, contacte-nos hoje e invista nele.<\/p>","protected":false},"excerpt":{"rendered":"<p>D\u00ea um salto para uma melhor qualidade de ecr\u00e3 com o adaptador USB 3.1 Tipo C para DisplayPort de alta qualidade da Farsince, que proporciona uma qualidade de imagem superior.<\/p>","protected":false},"featured_media":17254,"template":"","meta":{"_acf_changed":false,"_seopress_robots_primary_cat":"","_seopress_titles_title":"Best USB 3.1 Type C to DisplayPort Adapter - FARSINCE ","_seopress_titles_desc":"","_seopress_robots_index":"","site-sidebar-layout":"default","site-content-layout":"default","ast-site-content-layout":"default","site-content-style":"default","site-sidebar-style":"default","ast-global-header-display":"","ast-banner-title-visibility":"","ast-main-header-display":"","ast-hfb-above-header-display":"","ast-hfb-below-header-display":"","ast-hfb-mobile-header-display":"","site-post-title":"","ast-breadcrumbs-content":"","ast-featured-img":"","footer-sml-layout":"","ast-disable-related-posts":"","theme-transparent-header-meta":"default","adv-header-id-meta":"","stick-header-meta":"","header-above-stick-meta":"","header-main-stick-meta":"","header-below-stick-meta":"","astra-migrate-meta-layouts":"default","ast-page-background-enabled":"default","ast-page-background-meta":{"desktop":{"background-color":"","background-image":"","background-repeat":"repeat","background-position":"center center","background-size":"auto","background-attachment":"scroll","background-type":"","background-media":"","overlay-type":"","overlay-color":"","overlay-opacity":"","overlay-gradient":""},"tablet":{"background-color":"","background-image":"","background-repeat":"repeat","background-position":"center center","background-size":"auto","background-attachment":"scroll","background-type":"","background-media":"","overlay-type":"","overlay-color":"","overlay-opacity":"","overlay-gradient":""},"mobile":{"background-color":"","background-image":"","background-repeat":"repeat","background-position":"center center","background-size":"auto","background-attachment":"scroll","background-type":"","background-media":"","overlay-type":"","overlay-color":"","overlay-opacity":"","overlay-gradient":""}},"ast-content-background-meta":{"desktop":{"background-color":"var(--ast-global-color-5)","background-image":"","background-repeat":"repeat","background-position":"center center","background-size":"auto","background-attachment":"scroll","background-type":"","background-media":"","overlay-type":"","overlay-color":"","overlay-opacity":"","overlay-gradient":""},"tablet":{"background-color":"var(--ast-global-color-5)","background-image":"","background-repeat":"repeat","background-position":"center center","background-size":"auto","background-attachment":"scroll","background-type":"","background-media":"","overlay-type":"","overlay-color":"","overlay-opacity":"","overlay-gradient":""},"mobile":{"background-color":"var(--ast-global-color-5)","background-image":"","background-repeat":"repeat","background-position":"center center","background-size":"auto","background-attachment":"scroll","background-type":"","background-media":"","overlay-type":"","overlay-color":"","overlay-opacity":"","overlay-gradient":""}},"iawp_total_views":3},"product_brand":[],"product_cat":[222],"product_tag":[],"class_list":{"0":"post-17245","1":"product","2":"type-product","3":"status-publish","4":"has-post-thumbnail","6":"product_cat-usb-c-cables","7":"desktop-align-left","8":"tablet-align-left","9":"mobile-align-left","11":"first","12":"instock","13":"shipping-taxable","14":"purchasable","15":"product-type-simple"},"acf":[],"_links":{"self":[{"href":"https:\/\/www.fjpremium.com\/pt\/wp-json\/wp\/v2\/product\/17245","targetHints":{"allow":["GET"]}}],"collection":[{"href":"https:\/\/www.fjpremium.com\/pt\/wp-json\/wp\/v2\/product"}],"about":[{"href":"https:\/\/www.fjpremium.com\/pt\/wp-json\/wp\/v2\/types\/product"}],"wp:featuredmedia":[{"embeddable":true,"href":"https:\/\/www.fjpremium.com\/pt\/wp-json\/wp\/v2\/media\/17254"}],"wp:attachment":[{"href":"https:\/\/www.fjpremium.com\/pt\/wp-json\/wp\/v2\/media?parent=17245"}],"wp:term":[{"taxonomy":"product_brand","embeddable":true,"href":"https:\/\/www.fjpremium.com\/pt\/wp-json\/wp\/v2\/product_brand?post=17245"},{"taxonomy":"product_cat","embeddable":true,"href":"https:\/\/www.fjpremium.com\/pt\/wp-json\/wp\/v2\/product_cat?post=17245"},{"taxonomy":"product_tag","embeddable":true,"href":"https:\/\/www.fjpremium.com\/pt\/wp-json\/wp\/v2\/product_tag?post=17245"}],"curies":[{"name":"wp","href":"https:\/\/api.w.org\/{rel}","templated":true}]}}