{"id":17244,"date":"2021-03-10T15:21:12","date_gmt":"2021-03-10T07:21:12","guid":{"rendered":"https:\/\/www.fjpremium.com\/?post_type=product&#038;p=17244"},"modified":"2023-06-27T14:15:28","modified_gmt":"2023-06-27T06:15:28","slug":"usb-c-male-to-displayport-female-adapter-8k-ready","status":"publish","type":"product","link":"https:\/\/www.fjpremium.com\/pt\/product\/usb-c-male-to-displayport-female-adapter-8k-ready\/","title":{"rendered":"Adaptador USB-C macho para DisplayPort f\u00eamea 8K"},"content":{"rendered":"<p>Este adaptador foi especificamente concebido para ligar os seus dispositivos USB tipo C, como smartphones, tablets ou computadores, a qualquer HDTV, monitor, projetor ou outros dispositivos de visualiza\u00e7\u00e3o equipados com DisplayPort.<\/p>\n<p>Oferece suporte total de \u00e1udio\/v\u00eddeo, fornecendo um sinal excecional a uma HDTV ou projetor DisplayPort.<\/p>\n<p>Com suporte para resolu\u00e7\u00f5es at\u00e9 8K@60Hz, o nosso adaptador 8K garante uma experi\u00eancia visual de alta qualidade.<\/p>\n<p>O design compacto e a funcionalidade plug-and-play fazem dele um acess\u00f3rio conveniente para aplica\u00e7\u00f5es BYOD em ambientes educativos e empresariais.<\/p>\n<p>As suas especifica\u00e7\u00f5es:<\/p>\n<ul>\n<li>Conector 1: USB tipo C macho<\/li>\n<li>Conector 2: DisplayPort (DP) f\u00eamea<\/li>\n<li>Contacto banhado a ouro, concha banhada a ouro<\/li>\n<li>Condutor do cabo: Cobre estanhado<\/li>\n<li>Isolamento: Espuma de PE SKIN\/HDPE<\/li>\n<li>Bitola do fio: 32\/32\/26AWG<\/li>\n<li>Blindagem tripla: par entran\u00e7ado Folha de alum\u00ednio, folha de alum\u00ednio geral, entran\u00e7ado<\/li>\n<li>Caixa: Concha em ABS<\/li>\n<li>Chipset: CYPD2119\/ENE363<\/li>\n<li>Revestimento: PVC<\/li>\n<li>Di\u00e2metro exterior: 4,5\u00b10,2mm<\/li>\n<li>Conformidade: RoHS, REACH, CE<\/li>\n<\/ul>\n<p>Al\u00e9m disso, o adaptador assegura a compatibilidade com o conetor USB tipo C revers\u00edvel, tornando as liga\u00e7\u00f5es sem problemas.<\/p>\n<p>Constru\u00eddo de acordo com as normas da ind\u00fastria, \u00e9 fornecido com uma garantia de 2 anos, o que o torna uma solu\u00e7\u00e3o fi\u00e1vel para as suas necessidades de liga\u00e7\u00e3o.<\/p>\n<p>Assim, contacte-nos hoje mesmo e obtenha um desempenho de visualiza\u00e7\u00e3o superior com o nosso produto.<\/p>","protected":false},"excerpt":{"rendered":"<p>Descubra uma tela de alt\u00edssima resolu\u00e7\u00e3o com nosso adaptador USB-C macho para DisplayPort f\u00eamea 8K, que \u00e9 compacto, f\u00e1cil de usar e de qualidade garantida com garantia de 2 anos.<\/p>","protected":false},"featured_media":17246,"template":"","meta":{"_acf_changed":false,"_seopress_robots_primary_cat":"","_seopress_titles_title":"USB-C Male to DisplayPort Female 8K Adapter - FARSINCE","_seopress_titles_desc":"Discover ultra-high resolution display with our USB-C male to DisplayPort female 8K adapter, which is compact, easy to use, and of assured quality.","_seopress_robots_index":"","site-sidebar-layout":"default","site-content-layout":"default","ast-site-content-layout":"default","site-content-style":"default","site-sidebar-style":"default","ast-global-header-display":"","ast-banner-title-visibility":"","ast-main-header-display":"","ast-hfb-above-header-display":"","ast-hfb-below-header-display":"","ast-hfb-mobile-header-display":"","site-post-title":"","ast-breadcrumbs-content":"","ast-featured-img":"","footer-sml-layout":"","ast-disable-related-posts":"","theme-transparent-header-meta":"default","adv-header-id-meta":"","stick-header-meta":"","header-above-stick-meta":"","header-main-stick-meta":"","header-below-stick-meta":"","astra-migrate-meta-layouts":"default","ast-page-background-enabled":"default","ast-page-background-meta":{"desktop":{"background-color":"","background-image":"","background-repeat":"repeat","background-position":"center center","background-size":"auto","background-attachment":"scroll","background-type":"","background-media":"","overlay-type":"","overlay-color":"","overlay-opacity":"","overlay-gradient":""},"tablet":{"background-color":"","background-image":"","background-repeat":"repeat","background-position":"center center","background-size":"auto","background-attachment":"scroll","background-type":"","background-media":"","overlay-type":"","overlay-color":"","overlay-opacity":"","overlay-gradient":""},"mobile":{"background-color":"","background-image":"","background-repeat":"repeat","background-position":"center center","background-size":"auto","background-attachment":"scroll","background-type":"","background-media":"","overlay-type":"","overlay-color":"","overlay-opacity":"","overlay-gradient":""}},"ast-content-background-meta":{"desktop":{"background-color":"var(--ast-global-color-5)","background-image":"","background-repeat":"repeat","background-position":"center center","background-size":"auto","background-attachment":"scroll","background-type":"","background-media":"","overlay-type":"","overlay-color":"","overlay-opacity":"","overlay-gradient":""},"tablet":{"background-color":"var(--ast-global-color-5)","background-image":"","background-repeat":"repeat","background-position":"center center","background-size":"auto","background-attachment":"scroll","background-type":"","background-media":"","overlay-type":"","overlay-color":"","overlay-opacity":"","overlay-gradient":""},"mobile":{"background-color":"var(--ast-global-color-5)","background-image":"","background-repeat":"repeat","background-position":"center center","background-size":"auto","background-attachment":"scroll","background-type":"","background-media":"","overlay-type":"","overlay-color":"","overlay-opacity":"","overlay-gradient":""}},"iawp_total_views":3},"product_brand":[],"product_cat":[222],"product_tag":[],"class_list":{"0":"post-17244","1":"product","2":"type-product","3":"status-publish","4":"has-post-thumbnail","6":"product_cat-usb-c-cables","7":"desktop-align-left","8":"tablet-align-left","9":"mobile-align-left","11":"first","12":"instock","13":"shipping-taxable","14":"purchasable","15":"product-type-simple"},"acf":[],"_links":{"self":[{"href":"https:\/\/www.fjpremium.com\/pt\/wp-json\/wp\/v2\/product\/17244","targetHints":{"allow":["GET"]}}],"collection":[{"href":"https:\/\/www.fjpremium.com\/pt\/wp-json\/wp\/v2\/product"}],"about":[{"href":"https:\/\/www.fjpremium.com\/pt\/wp-json\/wp\/v2\/types\/product"}],"wp:featuredmedia":[{"embeddable":true,"href":"https:\/\/www.fjpremium.com\/pt\/wp-json\/wp\/v2\/media\/17246"}],"wp:attachment":[{"href":"https:\/\/www.fjpremium.com\/pt\/wp-json\/wp\/v2\/media?parent=17244"}],"wp:term":[{"taxonomy":"product_brand","embeddable":true,"href":"https:\/\/www.fjpremium.com\/pt\/wp-json\/wp\/v2\/product_brand?post=17244"},{"taxonomy":"product_cat","embeddable":true,"href":"https:\/\/www.fjpremium.com\/pt\/wp-json\/wp\/v2\/product_cat?post=17244"},{"taxonomy":"product_tag","embeddable":true,"href":"https:\/\/www.fjpremium.com\/pt\/wp-json\/wp\/v2\/product_tag?post=17244"}],"curies":[{"name":"wp","href":"https:\/\/api.w.org\/{rel}","templated":true}]}}