{"id":17227,"date":"2021-03-10T15:14:11","date_gmt":"2021-03-10T07:14:11","guid":{"rendered":"https:\/\/www.fjpremium.com\/?post_type=product&#038;p=17227"},"modified":"2023-09-20T10:56:33","modified_gmt":"2023-09-20T02:56:33","slug":"usb-c-male-to-displayport-male-adapter-cable","status":"publish","type":"product","link":"https:\/\/www.fjpremium.com\/pt\/product\/usb-c-male-to-displayport-male-adapter-cable\/","title":{"rendered":"Cabo adaptador plug\u00e1vel USB C para DisplayPort"},"content":{"rendered":"<p>Concebido para suportar imagens de alta resolu\u00e7\u00e3o at\u00e9 8K@60Hz, o cabo adaptador \u00e9 a escolha ideal para ligar dispositivos compat\u00edveis com USB tipo C, como smartphones, tablets ou computadores, a HDTVs, monitores ou projectores equipados com DisplayPort.<\/p>\n<p>Aproveita o suporte de \u00e1udio\/v\u00eddeo inerente \u00e0s portas USB Type-C, fornecendo sinais de \u00e1udio e v\u00eddeo de alta qualidade ao seu ecr\u00e3 com DisplayPort.<\/p>\n<p>Al\u00e9m disso, proporciona uma intera\u00e7\u00e3o multim\u00e9dia envolvente, transformando a reprodu\u00e7\u00e3o de v\u00eddeos ou apresenta\u00e7\u00f5es normais em experi\u00eancias visuais ricamente detalhadas.<\/p>\n<p>Concebido para ser port\u00e1til, este cabo adaptador USB C para DisplayPort compacto e leve \u00e9 perfeito para cen\u00e1rios BYOD, adequado tanto para ambientes educativos como para ambientes empresariais.<\/p>\n<p>O conetor USB tipo C sim\u00e9trico aumenta a comodidade do utilizador, permitindo uma liga\u00e7\u00e3o f\u00e1cil sem preocupa\u00e7\u00f5es de orienta\u00e7\u00e3o. E a natureza plug-and-play elimina a necessidade de controladores adicionais, garantindo uma configura\u00e7\u00e3o sem esfor\u00e7o.<\/p>\n<p>As suas especifica\u00e7\u00f5es:<\/p>\n<ul>\n<li>Conector 1: USB tipo C macho<\/li>\n<li>Conector 2: DisplayPort (DP) macho<\/li>\n<li>Condutor do cabo: Cobre estanhado<\/li>\n<li>Isolamento: Espuma de PE SKIN\/HDPE<\/li>\n<li>Bitola do fio: 32\/32\/26AWG<\/li>\n<li>Blindagem tripla: par entran\u00e7ado de folha de alum\u00ednio, folha de alum\u00ednio geral, entran\u00e7ado<\/li>\n<li>Chipset: CYPD2119 ou ENE363<\/li>\n<li>Di\u00e2metro exterior: 4,5\u00b10,2mm<\/li>\n<li>Conformidade: RoHS, REACH, CE, UL<\/li>\n<\/ul>\n<p>Al\u00e9m disso, a garantia de dois anos da Farsince e o cumprimento rigoroso das normas da ind\u00fastria garantem a fiabilidade do nosso adaptador.<\/p>\n<p>Al\u00e9m disso, possui um revestimento robusto em PVC e ABS, conectores banhados a ouro e componentes internos de qualidade testada, prometendo um desempenho duradouro e consistente.<\/p>\n<p>Por isso, contacte-nos hoje mesmo e encomende este cabo adaptador USB C para DisplayPort.<\/p>","protected":false},"excerpt":{"rendered":"<p>Permita a resolu\u00e7\u00e3o de 8K com o cabo adaptador USB C para DisplayPort da Farsince; os visuais de alta qualidade s\u00e3o assegurados sem necessidade de controladores extra.<\/p>","protected":false},"featured_media":17228,"template":"","meta":{"_acf_changed":false,"_seopress_robots_primary_cat":"","_seopress_titles_title":"Plugable USB C to DisplayPort Adapter Cable - FARSINCE","_seopress_titles_desc":"","_seopress_robots_index":"","site-sidebar-layout":"default","site-content-layout":"default","ast-site-content-layout":"default","site-content-style":"default","site-sidebar-style":"default","ast-global-header-display":"","ast-banner-title-visibility":"","ast-main-header-display":"","ast-hfb-above-header-display":"","ast-hfb-below-header-display":"","ast-hfb-mobile-header-display":"","site-post-title":"","ast-breadcrumbs-content":"","ast-featured-img":"","footer-sml-layout":"","ast-disable-related-posts":"","theme-transparent-header-meta":"default","adv-header-id-meta":"","stick-header-meta":"","header-above-stick-meta":"","header-main-stick-meta":"","header-below-stick-meta":"","astra-migrate-meta-layouts":"set","ast-page-background-enabled":"default","ast-page-background-meta":{"desktop":{"background-color":"","background-image":"","background-repeat":"repeat","background-position":"center center","background-size":"auto","background-attachment":"scroll","background-type":"","background-media":"","overlay-type":"","overlay-color":"","overlay-opacity":"","overlay-gradient":""},"tablet":{"background-color":"","background-image":"","background-repeat":"repeat","background-position":"center center","background-size":"auto","background-attachment":"scroll","background-type":"","background-media":"","overlay-type":"","overlay-color":"","overlay-opacity":"","overlay-gradient":""},"mobile":{"background-color":"","background-image":"","background-repeat":"repeat","background-position":"center center","background-size":"auto","background-attachment":"scroll","background-type":"","background-media":"","overlay-type":"","overlay-color":"","overlay-opacity":"","overlay-gradient":""}},"ast-content-background-meta":{"desktop":{"background-color":"var(--ast-global-color-5)","background-image":"","background-repeat":"repeat","background-position":"center center","background-size":"auto","background-attachment":"scroll","background-type":"","background-media":"","overlay-type":"","overlay-color":"","overlay-opacity":"","overlay-gradient":""},"tablet":{"background-color":"var(--ast-global-color-5)","background-image":"","background-repeat":"repeat","background-position":"center center","background-size":"auto","background-attachment":"scroll","background-type":"","background-media":"","overlay-type":"","overlay-color":"","overlay-opacity":"","overlay-gradient":""},"mobile":{"background-color":"var(--ast-global-color-5)","background-image":"","background-repeat":"repeat","background-position":"center center","background-size":"auto","background-attachment":"scroll","background-type":"","background-media":"","overlay-type":"","overlay-color":"","overlay-opacity":"","overlay-gradient":""}},"iawp_total_views":3},"product_brand":[],"product_cat":[222],"product_tag":[],"class_list":{"0":"post-17227","1":"product","2":"type-product","3":"status-publish","4":"has-post-thumbnail","6":"product_cat-usb-c-cables","7":"desktop-align-left","8":"tablet-align-left","9":"mobile-align-left","11":"first","12":"instock","13":"shipping-taxable","14":"purchasable","15":"product-type-simple"},"acf":[],"_links":{"self":[{"href":"https:\/\/www.fjpremium.com\/pt\/wp-json\/wp\/v2\/product\/17227","targetHints":{"allow":["GET"]}}],"collection":[{"href":"https:\/\/www.fjpremium.com\/pt\/wp-json\/wp\/v2\/product"}],"about":[{"href":"https:\/\/www.fjpremium.com\/pt\/wp-json\/wp\/v2\/types\/product"}],"wp:featuredmedia":[{"embeddable":true,"href":"https:\/\/www.fjpremium.com\/pt\/wp-json\/wp\/v2\/media\/17228"}],"wp:attachment":[{"href":"https:\/\/www.fjpremium.com\/pt\/wp-json\/wp\/v2\/media?parent=17227"}],"wp:term":[{"taxonomy":"product_brand","embeddable":true,"href":"https:\/\/www.fjpremium.com\/pt\/wp-json\/wp\/v2\/product_brand?post=17227"},{"taxonomy":"product_cat","embeddable":true,"href":"https:\/\/www.fjpremium.com\/pt\/wp-json\/wp\/v2\/product_cat?post=17227"},{"taxonomy":"product_tag","embeddable":true,"href":"https:\/\/www.fjpremium.com\/pt\/wp-json\/wp\/v2\/product_tag?post=17227"}],"curies":[{"name":"wp","href":"https:\/\/api.w.org\/{rel}","templated":true}]}}