{"id":17226,"date":"2021-03-10T15:14:10","date_gmt":"2021-03-10T07:14:10","guid":{"rendered":"https:\/\/www.fjpremium.com\/?post_type=product&#038;p=17226"},"modified":"2023-09-20T10:55:04","modified_gmt":"2023-09-20T02:55:04","slug":"usb-c-male-to-displayport-male-adapter-cable-2","status":"publish","type":"product","link":"https:\/\/www.fjpremium.com\/pt\/product\/usb-c-male-to-displayport-male-adapter-cable-2\/","title":{"rendered":"Melhor cabo adaptador USB C para DisplayPort"},"content":{"rendered":"<p>Concebido para facilitar liga\u00e7\u00f5es superiores de dispositivos compat\u00edveis com USB-C, como smartphones, tablets ou computadores, a ecr\u00e3s compat\u00edveis com DisplayPort, o melhor cabo adaptador USB C para DisplayPort destaca-se por proporcionar um desempenho inigual\u00e1vel.<\/p>\n<p>Canaliza eficazmente o suporte de \u00e1udio\/v\u00eddeo integrado a partir de portas USB Tipo C, produzindo uma sa\u00edda de sinal de alta qualidade para uma HDTV, monitor ou projetor.<\/p>\n<p>Al\u00e9m disso, suporta resolu\u00e7\u00f5es at\u00e9 4K@60Hz ou 8K@60Hz, garantindo uma qualidade de v\u00eddeo de topo no seu ecr\u00e3 ligado.<\/p>\n<p>A facilidade de utiliza\u00e7\u00e3o \u00e9 inerente ao design revers\u00edvel e sim\u00e9trico do conetor USB tipo C, permitindo liga\u00e7\u00f5es sem problemas.<\/p>\n<p>A natureza compacta e leve deste cabo adaptador torna-o um acess\u00f3rio f\u00e1cil de transportar.<\/p>\n<p>E n\u00e3o h\u00e1 necessidade de controladores adicionais; o seu atributo plug-and-play garante uma configura\u00e7\u00e3o r\u00e1pida e f\u00e1cil.<\/p>\n<p>As suas especifica\u00e7\u00f5es:<\/p>\n<ul>\n<li>Conector 1: USB tipo C macho<\/li>\n<li>Conector 2: DisplayPort (DP) macho<\/li>\n<li>Condutor do cabo: Cobre estanhado<\/li>\n<li>Isolamento: Espuma de PE SKIN\/HDPE<\/li>\n<li>Bitola do fio: 32\/32\/26AWG<\/li>\n<li>Blindagem tripla: par entran\u00e7ado Folha de alum\u00ednio, folha de alum\u00ednio geral, entran\u00e7ado<\/li>\n<li>Caixa: Concha em ABS<\/li>\n<li>Chipset: CYPD2119 ou ENE363<\/li>\n<li>Di\u00e2metro exterior: 4,5\u00b10,2mm<\/li>\n<\/ul>\n<p>Al\u00e9m disso, com a garantia de dois anos da Farsince, o nosso robusto cabo adaptador \u00e9 fi\u00e1vel, oferecendo-lhe tranquilidade. A conformidade com as normas RoHS, REACH, CE e UL \u00e9 um testemunho da sua qualidade.<\/p>\n<p>E os seus conectores banhados a ouro, um revestimento de PVC dur\u00e1vel e um cabo bem isolado completam as caracter\u00edsticas superiores. Consequentemente, contacte-nos hoje e invista no nosso melhor cabo adaptador USB C para DisplayPort.<\/p>","protected":false},"excerpt":{"rendered":"<p>Eleve as solu\u00e7\u00f5es de conetividade com o melhor cabo adaptador USB C para DisplayPort, ideal para smartphones, tablets ou computadores para ecr\u00e3s compat\u00edveis com DisplayPort<\/p>","protected":false},"featured_media":17236,"template":"","meta":{"_acf_changed":false,"_seopress_robots_primary_cat":"","_seopress_titles_title":"Best USB C to DisplayPort Adapter Cable - FARSINCE","_seopress_titles_desc":"","_seopress_robots_index":"","site-sidebar-layout":"default","site-content-layout":"default","ast-site-content-layout":"default","site-content-style":"default","site-sidebar-style":"default","ast-global-header-display":"","ast-banner-title-visibility":"","ast-main-header-display":"","ast-hfb-above-header-display":"","ast-hfb-below-header-display":"","ast-hfb-mobile-header-display":"","site-post-title":"","ast-breadcrumbs-content":"","ast-featured-img":"","footer-sml-layout":"","ast-disable-related-posts":"","theme-transparent-header-meta":"default","adv-header-id-meta":"","stick-header-meta":"","header-above-stick-meta":"","header-main-stick-meta":"","header-below-stick-meta":"","astra-migrate-meta-layouts":"set","ast-page-background-enabled":"default","ast-page-background-meta":{"desktop":{"background-color":"","background-image":"","background-repeat":"repeat","background-position":"center center","background-size":"auto","background-attachment":"scroll","background-type":"","background-media":"","overlay-type":"","overlay-color":"","overlay-opacity":"","overlay-gradient":""},"tablet":{"background-color":"","background-image":"","background-repeat":"repeat","background-position":"center center","background-size":"auto","background-attachment":"scroll","background-type":"","background-media":"","overlay-type":"","overlay-color":"","overlay-opacity":"","overlay-gradient":""},"mobile":{"background-color":"","background-image":"","background-repeat":"repeat","background-position":"center center","background-size":"auto","background-attachment":"scroll","background-type":"","background-media":"","overlay-type":"","overlay-color":"","overlay-opacity":"","overlay-gradient":""}},"ast-content-background-meta":{"desktop":{"background-color":"var(--ast-global-color-5)","background-image":"","background-repeat":"repeat","background-position":"center center","background-size":"auto","background-attachment":"scroll","background-type":"","background-media":"","overlay-type":"","overlay-color":"","overlay-opacity":"","overlay-gradient":""},"tablet":{"background-color":"var(--ast-global-color-5)","background-image":"","background-repeat":"repeat","background-position":"center center","background-size":"auto","background-attachment":"scroll","background-type":"","background-media":"","overlay-type":"","overlay-color":"","overlay-opacity":"","overlay-gradient":""},"mobile":{"background-color":"var(--ast-global-color-5)","background-image":"","background-repeat":"repeat","background-position":"center center","background-size":"auto","background-attachment":"scroll","background-type":"","background-media":"","overlay-type":"","overlay-color":"","overlay-opacity":"","overlay-gradient":""}},"iawp_total_views":7},"product_brand":[],"product_cat":[222],"product_tag":[],"class_list":{"0":"post-17226","1":"product","2":"type-product","3":"status-publish","4":"has-post-thumbnail","6":"product_cat-usb-c-cables","7":"desktop-align-left","8":"tablet-align-left","9":"mobile-align-left","11":"first","12":"instock","13":"shipping-taxable","14":"purchasable","15":"product-type-simple"},"acf":[],"_links":{"self":[{"href":"https:\/\/www.fjpremium.com\/pt\/wp-json\/wp\/v2\/product\/17226","targetHints":{"allow":["GET"]}}],"collection":[{"href":"https:\/\/www.fjpremium.com\/pt\/wp-json\/wp\/v2\/product"}],"about":[{"href":"https:\/\/www.fjpremium.com\/pt\/wp-json\/wp\/v2\/types\/product"}],"wp:featuredmedia":[{"embeddable":true,"href":"https:\/\/www.fjpremium.com\/pt\/wp-json\/wp\/v2\/media\/17236"}],"wp:attachment":[{"href":"https:\/\/www.fjpremium.com\/pt\/wp-json\/wp\/v2\/media?parent=17226"}],"wp:term":[{"taxonomy":"product_brand","embeddable":true,"href":"https:\/\/www.fjpremium.com\/pt\/wp-json\/wp\/v2\/product_brand?post=17226"},{"taxonomy":"product_cat","embeddable":true,"href":"https:\/\/www.fjpremium.com\/pt\/wp-json\/wp\/v2\/product_cat?post=17226"},{"taxonomy":"product_tag","embeddable":true,"href":"https:\/\/www.fjpremium.com\/pt\/wp-json\/wp\/v2\/product_tag?post=17226"}],"curies":[{"name":"wp","href":"https:\/\/api.w.org\/{rel}","templated":true}]}}