{"id":17216,"date":"2021-03-10T15:11:38","date_gmt":"2021-03-10T07:11:38","guid":{"rendered":"https:\/\/www.fjpremium.com\/?post_type=product&#038;p=17216"},"modified":"2023-09-20T10:53:06","modified_gmt":"2023-09-20T02:53:06","slug":"usb-c-male-to-hdmi-male-adapter-cable-up-to-8k60hz-3","status":"publish","type":"product","link":"https:\/\/www.fjpremium.com\/pt\/product\/usb-c-male-to-hdmi-male-adapter-cable-up-to-8k60hz-3\/","title":{"rendered":"Adaptador USB tipo C para cabo HDMI, at\u00e9 8K@60Hz"},"content":{"rendered":"<p>Concebido para o utilizador moderno, o nosso cabo adaptador topo de gama liga dispositivos compat\u00edveis com USB-C, como smartphones, tablets ou computadores, a ecr\u00e3s HDMI, como HDTVs, monitores ou projectores, com absoluta facilidade.<\/p>\n<p>Aproveitando as funcionalidades \u00e1udio\/v\u00eddeo integradas das portas USB Tipo C, fornece sinais \u00e1udio\/v\u00eddeo excepcionais a dispositivos HDMI. E com suporte para uma resolu\u00e7\u00e3o at\u00e9 8K (3840\u00d72160@60Hz), pode esperar uma qualidade de v\u00eddeo superior no seu ecr\u00e3.<\/p>\n<p>O cabo USB tipo C para HDMI possui um conetor USB tipo C revers\u00edvel e sim\u00e9trico para uma conetividade perfeita, enquanto os contactos e a estrutura banhados a ouro garantem um desempenho duradouro.<\/p>\n<p>Al\u00e9m disso, o condutor do cabo de cobre estanhado e a blindagem tripla garantem uma transmiss\u00e3o de sinal sem interrup\u00e7\u00f5es.<\/p>\n<p>As suas especifica\u00e7\u00f5es:<\/p>\n<ul>\n<li>Conector 1: USB tipo C macho<\/li>\n<li>Conector 2: HDMI 19 pinos macho<\/li>\n<li>Isolamento: Espuma de PE SKIN\/HDPE<\/li>\n<li>Bitola do fio: 32\/32\/26AWG<\/li>\n<li>Caixa: ABS\/concha de alum\u00ednio<\/li>\n<li>Chipset: RTD2171U ou AG9310 ou RTD2172U<\/li>\n<li>Revestimento: PVC<\/li>\n<li>Di\u00e2metro exterior: 4,5\u00b10,2mm<\/li>\n<\/ul>\n<p>Al\u00e9m disso, testado de acordo com as normas da ind\u00fastria e apoiado por uma garantia Farsince de dois anos, este cabo USB tipo C para HDMI foi concebido para ser fi\u00e1vel, dur\u00e1vel e estar em conformidade com as normas RoHS, REACH e CE.<\/p>\n<p>Em suma, contacte-nos hoje e invista no cabo.<\/p>","protected":false},"excerpt":{"rendered":"<p>Descubra o auge da conetividade de alta defini\u00e7\u00e3o com o cabo USB Tipo C para HDMI da Farsince, perfeito para ligar smartphones, tablets ou outros dispositivos.<\/p>","protected":false},"featured_media":17217,"template":"","meta":{"_acf_changed":false,"_seopress_robots_primary_cat":"","_seopress_titles_title":"Adapter USB Type C to HDMI Cable, up to 8K@60Hz - FARSINCE","_seopress_titles_desc":"","_seopress_robots_index":"","site-sidebar-layout":"default","site-content-layout":"default","ast-site-content-layout":"default","site-content-style":"default","site-sidebar-style":"default","ast-global-header-display":"","ast-banner-title-visibility":"","ast-main-header-display":"","ast-hfb-above-header-display":"","ast-hfb-below-header-display":"","ast-hfb-mobile-header-display":"","site-post-title":"","ast-breadcrumbs-content":"","ast-featured-img":"","footer-sml-layout":"","ast-disable-related-posts":"","theme-transparent-header-meta":"default","adv-header-id-meta":"","stick-header-meta":"","header-above-stick-meta":"","header-main-stick-meta":"","header-below-stick-meta":"","astra-migrate-meta-layouts":"set","ast-page-background-enabled":"default","ast-page-background-meta":{"desktop":{"background-color":"","background-image":"","background-repeat":"repeat","background-position":"center center","background-size":"auto","background-attachment":"scroll","background-type":"","background-media":"","overlay-type":"","overlay-color":"","overlay-opacity":"","overlay-gradient":""},"tablet":{"background-color":"","background-image":"","background-repeat":"repeat","background-position":"center center","background-size":"auto","background-attachment":"scroll","background-type":"","background-media":"","overlay-type":"","overlay-color":"","overlay-opacity":"","overlay-gradient":""},"mobile":{"background-color":"","background-image":"","background-repeat":"repeat","background-position":"center center","background-size":"auto","background-attachment":"scroll","background-type":"","background-media":"","overlay-type":"","overlay-color":"","overlay-opacity":"","overlay-gradient":""}},"ast-content-background-meta":{"desktop":{"background-color":"var(--ast-global-color-5)","background-image":"","background-repeat":"repeat","background-position":"center center","background-size":"auto","background-attachment":"scroll","background-type":"","background-media":"","overlay-type":"","overlay-color":"","overlay-opacity":"","overlay-gradient":""},"tablet":{"background-color":"var(--ast-global-color-5)","background-image":"","background-repeat":"repeat","background-position":"center center","background-size":"auto","background-attachment":"scroll","background-type":"","background-media":"","overlay-type":"","overlay-color":"","overlay-opacity":"","overlay-gradient":""},"mobile":{"background-color":"var(--ast-global-color-5)","background-image":"","background-repeat":"repeat","background-position":"center center","background-size":"auto","background-attachment":"scroll","background-type":"","background-media":"","overlay-type":"","overlay-color":"","overlay-opacity":"","overlay-gradient":""}},"iawp_total_views":6},"product_brand":[],"product_cat":[222],"product_tag":[],"class_list":{"0":"post-17216","1":"product","2":"type-product","3":"status-publish","4":"has-post-thumbnail","6":"product_cat-usb-c-cables","7":"desktop-align-left","8":"tablet-align-left","9":"mobile-align-left","11":"first","12":"instock","13":"shipping-taxable","14":"purchasable","15":"product-type-simple"},"acf":[],"_links":{"self":[{"href":"https:\/\/www.fjpremium.com\/pt\/wp-json\/wp\/v2\/product\/17216","targetHints":{"allow":["GET"]}}],"collection":[{"href":"https:\/\/www.fjpremium.com\/pt\/wp-json\/wp\/v2\/product"}],"about":[{"href":"https:\/\/www.fjpremium.com\/pt\/wp-json\/wp\/v2\/types\/product"}],"wp:featuredmedia":[{"embeddable":true,"href":"https:\/\/www.fjpremium.com\/pt\/wp-json\/wp\/v2\/media\/17217"}],"wp:attachment":[{"href":"https:\/\/www.fjpremium.com\/pt\/wp-json\/wp\/v2\/media?parent=17216"}],"wp:term":[{"taxonomy":"product_brand","embeddable":true,"href":"https:\/\/www.fjpremium.com\/pt\/wp-json\/wp\/v2\/product_brand?post=17216"},{"taxonomy":"product_cat","embeddable":true,"href":"https:\/\/www.fjpremium.com\/pt\/wp-json\/wp\/v2\/product_cat?post=17216"},{"taxonomy":"product_tag","embeddable":true,"href":"https:\/\/www.fjpremium.com\/pt\/wp-json\/wp\/v2\/product_tag?post=17216"}],"curies":[{"name":"wp","href":"https:\/\/api.w.org\/{rel}","templated":true}]}}