{"id":17191,"date":"2021-03-10T15:05:46","date_gmt":"2021-03-10T07:05:46","guid":{"rendered":"https:\/\/www.fjpremium.com\/?post_type=product&#038;p=17191"},"modified":"2023-09-20T10:54:18","modified_gmt":"2023-09-20T02:54:18","slug":"usb-c-male-to-hdmi-female-adapter4k-ready","status":"publish","type":"product","link":"https:\/\/www.fjpremium.com\/pt\/product\/usb-c-male-to-hdmi-female-adapter4k-ready\/","title":{"rendered":"Adaptador USB C para 4K HDMI"},"content":{"rendered":"<p>O nosso adaptador de topo liga eficazmente dispositivos equipados com USB-C, como smartphones, tablets ou computadores, a ecr\u00e3s compat\u00edveis com HDMI, como HDTVs, monitores ou projectores.<\/p>\n<p>Tirando partido das capacidades de \u00e1udio\/v\u00eddeo inerentes \u00e0s portas USB Tipo C, fornece um sinal de \u00e1udio\/v\u00eddeo impressionante a ecr\u00e3s equipados com HDMI.<\/p>\n<p>Al\u00e9m disso, com suporte para uma resolu\u00e7\u00e3o at\u00e9 4K (3840\u00d72160 @ 60Hz), garante uma qualidade de v\u00eddeo estelar no ecr\u00e3 escolhido.<\/p>\n<p>O tamanho compacto do adaptador complementa as aplica\u00e7\u00f5es BYOD em ambientes educativos e empresariais, enquanto o seu design leve aumenta a portabilidade.<\/p>\n<p>O seu conetor USB tipo C sim\u00e9trico e revers\u00edvel garante uma utiliza\u00e7\u00e3o sem problemas e, com uma funcionalidade plug-and-play, n\u00e3o s\u00e3o necess\u00e1rios controladores adicionais.<\/p>\n<p>As suas especifica\u00e7\u00f5es:<\/p>\n<ul>\n<li>Conector 1: USB tipo C macho<\/li>\n<li>Conector 2: HDMI 19 pinos f\u00eamea<\/li>\n<li>Condutor do cabo: Cobre estanhado<\/li>\n<li>Isolamento: Espuma de PE SKIN\/HDPE<\/li>\n<li>Bitola do fio: 32\/32\/26AWG<\/li>\n<li>Chipset: RTD2171U\/RTD2172U\/AG9310\/LT8711EH<\/li>\n<li>Di\u00e2metro exterior: 4,5\u00b10,2mm<\/li>\n<\/ul>\n<p>Al\u00e9m disso, apoiado por uma garantia Farsince de dois anos, este adaptador USB C para 4K HDMI cumpre as normas da ind\u00fastria e est\u00e1 em conformidade com as normas RoHS, REACH e CE.<\/p>\n<p>E possui conectores banhados a ouro, blindagem tripla, um revestimento de PVC e um inv\u00f3lucro de ABS, todos apontando para sua qualidade e durabilidade premium. Portanto, contacte-nos hoje e encomende o nosso adaptador USB C para 4K HDMI.<\/p>","protected":false},"excerpt":{"rendered":"<p>Tire o m\u00e1ximo partido dos seus dispositivos com o adaptador USB C para 4K HDMI de alta qualidade da Farsince, perfeito para ligar dispositivos equipados com USB-C.<\/p>","protected":false},"featured_media":17192,"template":"","meta":{"_acf_changed":false,"_seopress_robots_primary_cat":"","_seopress_titles_title":"Best USB C to 4K HDMI Adapter - FARSINCE","_seopress_titles_desc":"","_seopress_robots_index":"","site-sidebar-layout":"default","site-content-layout":"default","ast-site-content-layout":"default","site-content-style":"default","site-sidebar-style":"default","ast-global-header-display":"","ast-banner-title-visibility":"","ast-main-header-display":"","ast-hfb-above-header-display":"","ast-hfb-below-header-display":"","ast-hfb-mobile-header-display":"","site-post-title":"","ast-breadcrumbs-content":"","ast-featured-img":"","footer-sml-layout":"","ast-disable-related-posts":"","theme-transparent-header-meta":"default","adv-header-id-meta":"","stick-header-meta":"","header-above-stick-meta":"","header-main-stick-meta":"","header-below-stick-meta":"","astra-migrate-meta-layouts":"set","ast-page-background-enabled":"default","ast-page-background-meta":{"desktop":{"background-color":"","background-image":"","background-repeat":"repeat","background-position":"center center","background-size":"auto","background-attachment":"scroll","background-type":"","background-media":"","overlay-type":"","overlay-color":"","overlay-opacity":"","overlay-gradient":""},"tablet":{"background-color":"","background-image":"","background-repeat":"repeat","background-position":"center center","background-size":"auto","background-attachment":"scroll","background-type":"","background-media":"","overlay-type":"","overlay-color":"","overlay-opacity":"","overlay-gradient":""},"mobile":{"background-color":"","background-image":"","background-repeat":"repeat","background-position":"center center","background-size":"auto","background-attachment":"scroll","background-type":"","background-media":"","overlay-type":"","overlay-color":"","overlay-opacity":"","overlay-gradient":""}},"ast-content-background-meta":{"desktop":{"background-color":"var(--ast-global-color-5)","background-image":"","background-repeat":"repeat","background-position":"center center","background-size":"auto","background-attachment":"scroll","background-type":"","background-media":"","overlay-type":"","overlay-color":"","overlay-opacity":"","overlay-gradient":""},"tablet":{"background-color":"var(--ast-global-color-5)","background-image":"","background-repeat":"repeat","background-position":"center center","background-size":"auto","background-attachment":"scroll","background-type":"","background-media":"","overlay-type":"","overlay-color":"","overlay-opacity":"","overlay-gradient":""},"mobile":{"background-color":"var(--ast-global-color-5)","background-image":"","background-repeat":"repeat","background-position":"center center","background-size":"auto","background-attachment":"scroll","background-type":"","background-media":"","overlay-type":"","overlay-color":"","overlay-opacity":"","overlay-gradient":""}},"iawp_total_views":7},"product_brand":[],"product_cat":[222],"product_tag":[],"class_list":{"0":"post-17191","1":"product","2":"type-product","3":"status-publish","4":"has-post-thumbnail","6":"product_cat-usb-c-cables","7":"desktop-align-left","8":"tablet-align-left","9":"mobile-align-left","11":"first","12":"instock","13":"shipping-taxable","14":"purchasable","15":"product-type-simple"},"acf":[],"_links":{"self":[{"href":"https:\/\/www.fjpremium.com\/pt\/wp-json\/wp\/v2\/product\/17191","targetHints":{"allow":["GET"]}}],"collection":[{"href":"https:\/\/www.fjpremium.com\/pt\/wp-json\/wp\/v2\/product"}],"about":[{"href":"https:\/\/www.fjpremium.com\/pt\/wp-json\/wp\/v2\/types\/product"}],"wp:featuredmedia":[{"embeddable":true,"href":"https:\/\/www.fjpremium.com\/pt\/wp-json\/wp\/v2\/media\/17192"}],"wp:attachment":[{"href":"https:\/\/www.fjpremium.com\/pt\/wp-json\/wp\/v2\/media?parent=17191"}],"wp:term":[{"taxonomy":"product_brand","embeddable":true,"href":"https:\/\/www.fjpremium.com\/pt\/wp-json\/wp\/v2\/product_brand?post=17191"},{"taxonomy":"product_cat","embeddable":true,"href":"https:\/\/www.fjpremium.com\/pt\/wp-json\/wp\/v2\/product_cat?post=17191"},{"taxonomy":"product_tag","embeddable":true,"href":"https:\/\/www.fjpremium.com\/pt\/wp-json\/wp\/v2\/product_tag?post=17191"}],"curies":[{"name":"wp","href":"https:\/\/api.w.org\/{rel}","templated":true}]}}