{"id":17189,"date":"2021-03-10T15:05:24","date_gmt":"2021-03-10T07:05:24","guid":{"rendered":"https:\/\/www.fjpremium.com\/?post_type=product&#038;p=17189"},"modified":"2023-09-20T10:50:40","modified_gmt":"2023-09-20T02:50:40","slug":"usb-c-male-to-hdmi-female-adapter4k-ready-3","status":"publish","type":"product","link":"https:\/\/www.fjpremium.com\/pt\/product\/usb-c-male-to-hdmi-female-adapter4k-ready-3\/","title":{"rendered":"Adaptador HDMI f\u00eamea para USB macho, preparado para 4K"},"content":{"rendered":"<p>O nosso adaptador compacto e leve permite-lhe ligar um smartphone, tablet, computador ou qualquer outro dispositivo USB tipo C a um ecr\u00e3 compat\u00edvel com HDMI.<\/p>\n<p>Quer seja uma HDTV, um monitor ou um projetor, suporta at\u00e9 uma impressionante resolu\u00e7\u00e3o 4K a 60 Hz para uma experi\u00eancia de visualiza\u00e7\u00e3o envolvente.<\/p>\n<p>Inclui um conetor USB tipo C revers\u00edvel e sim\u00e9trico que elimina as d\u00favidas, tornando as liga\u00e7\u00f5es mais r\u00e1pidas e f\u00e1ceis.<\/p>\n<p>Al\u00e9m disso, \u00e9 plug-and-play, eliminando a necessidade de controladores adicionais.<\/p>\n<p>A constru\u00e7\u00e3o robusta deste adaptador HDMI f\u00eamea para USB macho inclui um inv\u00f3lucro e um contacto banhados a ouro para uma transmiss\u00e3o \u00f3ptima do sinal, um condutor de cobre estanhado e uma blindagem tripla utilizando folha de alum\u00ednio de par entran\u00e7ado, folha de alum\u00ednio geral e entran\u00e7ado para uma integridade m\u00e1xima do sinal.<\/p>\n<p>Alojado num inv\u00f3lucro em ABS dur\u00e1vel, inclui um chipset RTD2171U\/RTD2172U\/AG9310\/LT8711EH com um revestimento em PVC para maior prote\u00e7\u00e3o.<\/p>\n<p>As suas especifica\u00e7\u00f5es:<\/p>\n<ul>\n<li>Conector 1: USB tipo C macho<\/li>\n<li>Conector 2: HDMI 19 pinos f\u00eamea<\/li>\n<li>Isolamento: Espuma de PE SKIN\/HDPE<\/li>\n<li>Bitola do fio: 32\/32\/26AWG<\/li>\n<li>Di\u00e2metro exterior: 4,5\u00b10,2mm<\/li>\n<\/ul>\n<p>Para al\u00e9m disso, est\u00e1 em conformidade com as normas RoHS, REACH e CE e \u00e9 fornecido com uma garantia de 2 anos da Farsince. Por isso, contacte-nos hoje mesmo e encomende o nosso adaptador HDMI f\u00eamea para USB macho.<\/p>","protected":false},"excerpt":{"rendered":"<p>Experimente a qualidade 4K no seu ecr\u00e3 HDMI com o adaptador Farsince HDMI f\u00eamea para USB macho, plug-and-play, dur\u00e1vel e compacto, perfeito para aplica\u00e7\u00f5es BYOD em ambientes empresariais ou educativos.<\/p>","protected":false},"featured_media":17208,"template":"","meta":{"_acf_changed":false,"_seopress_robots_primary_cat":"","_seopress_titles_title":"HDMI Female to USB Male Adapter,4K ready - FARSINCE","_seopress_titles_desc":"Experience 4K quality on HDMI display with the Farsince HDMI female to USB male adapter, perfect for BYOD applications in corporate or educational environments.","_seopress_robots_index":"","site-sidebar-layout":"default","site-content-layout":"default","ast-site-content-layout":"default","site-content-style":"default","site-sidebar-style":"default","ast-global-header-display":"","ast-banner-title-visibility":"","ast-main-header-display":"","ast-hfb-above-header-display":"","ast-hfb-below-header-display":"","ast-hfb-mobile-header-display":"","site-post-title":"","ast-breadcrumbs-content":"","ast-featured-img":"","footer-sml-layout":"","ast-disable-related-posts":"","theme-transparent-header-meta":"default","adv-header-id-meta":"","stick-header-meta":"","header-above-stick-meta":"","header-main-stick-meta":"","header-below-stick-meta":"","astra-migrate-meta-layouts":"set","ast-page-background-enabled":"default","ast-page-background-meta":{"desktop":{"background-color":"","background-image":"","background-repeat":"repeat","background-position":"center center","background-size":"auto","background-attachment":"scroll","background-type":"","background-media":"","overlay-type":"","overlay-color":"","overlay-opacity":"","overlay-gradient":""},"tablet":{"background-color":"","background-image":"","background-repeat":"repeat","background-position":"center center","background-size":"auto","background-attachment":"scroll","background-type":"","background-media":"","overlay-type":"","overlay-color":"","overlay-opacity":"","overlay-gradient":""},"mobile":{"background-color":"","background-image":"","background-repeat":"repeat","background-position":"center center","background-size":"auto","background-attachment":"scroll","background-type":"","background-media":"","overlay-type":"","overlay-color":"","overlay-opacity":"","overlay-gradient":""}},"ast-content-background-meta":{"desktop":{"background-color":"var(--ast-global-color-5)","background-image":"","background-repeat":"repeat","background-position":"center center","background-size":"auto","background-attachment":"scroll","background-type":"","background-media":"","overlay-type":"","overlay-color":"","overlay-opacity":"","overlay-gradient":""},"tablet":{"background-color":"var(--ast-global-color-5)","background-image":"","background-repeat":"repeat","background-position":"center center","background-size":"auto","background-attachment":"scroll","background-type":"","background-media":"","overlay-type":"","overlay-color":"","overlay-opacity":"","overlay-gradient":""},"mobile":{"background-color":"var(--ast-global-color-5)","background-image":"","background-repeat":"repeat","background-position":"center center","background-size":"auto","background-attachment":"scroll","background-type":"","background-media":"","overlay-type":"","overlay-color":"","overlay-opacity":"","overlay-gradient":""}},"iawp_total_views":8},"product_brand":[],"product_cat":[222],"product_tag":[],"class_list":{"0":"post-17189","1":"product","2":"type-product","3":"status-publish","4":"has-post-thumbnail","6":"product_cat-usb-c-cables","7":"desktop-align-left","8":"tablet-align-left","9":"mobile-align-left","11":"first","12":"instock","13":"shipping-taxable","14":"purchasable","15":"product-type-simple"},"acf":[],"_links":{"self":[{"href":"https:\/\/www.fjpremium.com\/pt\/wp-json\/wp\/v2\/product\/17189","targetHints":{"allow":["GET"]}}],"collection":[{"href":"https:\/\/www.fjpremium.com\/pt\/wp-json\/wp\/v2\/product"}],"about":[{"href":"https:\/\/www.fjpremium.com\/pt\/wp-json\/wp\/v2\/types\/product"}],"wp:featuredmedia":[{"embeddable":true,"href":"https:\/\/www.fjpremium.com\/pt\/wp-json\/wp\/v2\/media\/17208"}],"wp:attachment":[{"href":"https:\/\/www.fjpremium.com\/pt\/wp-json\/wp\/v2\/media?parent=17189"}],"wp:term":[{"taxonomy":"product_brand","embeddable":true,"href":"https:\/\/www.fjpremium.com\/pt\/wp-json\/wp\/v2\/product_brand?post=17189"},{"taxonomy":"product_cat","embeddable":true,"href":"https:\/\/www.fjpremium.com\/pt\/wp-json\/wp\/v2\/product_cat?post=17189"},{"taxonomy":"product_tag","embeddable":true,"href":"https:\/\/www.fjpremium.com\/pt\/wp-json\/wp\/v2\/product_tag?post=17189"}],"curies":[{"name":"wp","href":"https:\/\/api.w.org\/{rel}","templated":true}]}}