{"id":17174,"date":"2021-03-10T15:02:25","date_gmt":"2021-03-10T07:02:25","guid":{"rendered":"https:\/\/www.fjpremium.com\/?post_type=product&#038;p=17174"},"modified":"2023-09-18T15:47:09","modified_gmt":"2023-09-18T07:47:09","slug":"usb-c-male-to-hdmi-male-adapter-cable-up-to-8k60hz","status":"publish","type":"product","link":"https:\/\/www.fjpremium.com\/pt\/product\/usb-c-male-to-hdmi-male-adapter-cable-up-to-8k60hz\/","title":{"rendered":"Cabo adaptador HDMI macho para macho USB tipo C, at\u00e9 8K@60Hz"},"content":{"rendered":"<p>Este cabo proporciona uma liga\u00e7\u00e3o fi\u00e1vel e de alta qualidade de dispositivos equipados com portas USB tipo C a ecr\u00e3s compat\u00edveis com HDMI, como HDTVs, monitores ou projectores.<\/p>\n<p>Com suporte para uma impressionante resolu\u00e7\u00e3o de 8K@60Hz, garante uma fidelidade visual excecional. Al\u00e9m disso, os seus dispositivos compat\u00edveis incluem smartphones, tablets e computadores.<\/p>\n<p>O cabo possui contactos e concha banhados a ouro e um conetor USB Type-C revers\u00edvel e sim\u00e9trico para uma utiliza\u00e7\u00e3o f\u00e1cil.<\/p>\n<p>Destaca-se tamb\u00e9m a sua constru\u00e7\u00e3o robusta, incluindo um condutor de cobre estanhado e blindagem tripla.<\/p>\n<p>As suas especifica\u00e7\u00f5es:<\/p>\n<ul>\n<li>Conector 1: USB tipo C macho<\/li>\n<li>Conector 2: HDMI 19 pinos macho<\/li>\n<li>Isolamento: Espuma de PE SKIN\/HDPE<\/li>\n<li>Bitola do fio: 32\/32\/26AWG<\/li>\n<li>Caixa: ABS\/concha de alum\u00ednio<\/li>\n<li>Chipset: RTD2171U ou AG9310 ou RTD2172U<\/li>\n<li>Revestimento: PVC<\/li>\n<li>Di\u00e2metro exterior: 4,5\u00b10,2 mm<\/li>\n<\/ul>\n<p>Al\u00e9m disso, todas estas caracter\u00edsticas s\u00e3o fornecidas numa embalagem que cumpre as normas RoHS, REACH e CE, refor\u00e7ando a sua qualidade superior.<\/p>\n<p>Assim, contacte-nos hoje mesmo e invista no nosso cabo adaptador HDMI USB tipo C.<\/p>","protected":false},"excerpt":{"rendered":"<p>Apresentamos o nosso cabo adaptador HDMI USB tipo C, que garante uma \u00f3ptima qualidade de v\u00eddeo at\u00e9 8K@60Hz, perfeito para dispositivos com uma porta USB-C para liga\u00e7\u00e3o a ecr\u00e3s HDMI.<\/p>","protected":false},"featured_media":17176,"template":"","meta":{"_acf_changed":false,"_seopress_robots_primary_cat":"","_seopress_titles_title":"Best Male to Male USB Type C HDMI Adapter Cable - Farsince","_seopress_titles_desc":"","_seopress_robots_index":"","site-sidebar-layout":"default","site-content-layout":"default","ast-site-content-layout":"default","site-content-style":"default","site-sidebar-style":"default","ast-global-header-display":"","ast-banner-title-visibility":"","ast-main-header-display":"","ast-hfb-above-header-display":"","ast-hfb-below-header-display":"","ast-hfb-mobile-header-display":"","site-post-title":"","ast-breadcrumbs-content":"","ast-featured-img":"","footer-sml-layout":"","ast-disable-related-posts":"","theme-transparent-header-meta":"default","adv-header-id-meta":"","stick-header-meta":"","header-above-stick-meta":"","header-main-stick-meta":"","header-below-stick-meta":"","astra-migrate-meta-layouts":"set","ast-page-background-enabled":"default","ast-page-background-meta":{"desktop":{"background-color":"","background-image":"","background-repeat":"repeat","background-position":"center center","background-size":"auto","background-attachment":"scroll","background-type":"","background-media":"","overlay-type":"","overlay-color":"","overlay-opacity":"","overlay-gradient":""},"tablet":{"background-color":"","background-image":"","background-repeat":"repeat","background-position":"center center","background-size":"auto","background-attachment":"scroll","background-type":"","background-media":"","overlay-type":"","overlay-color":"","overlay-opacity":"","overlay-gradient":""},"mobile":{"background-color":"","background-image":"","background-repeat":"repeat","background-position":"center center","background-size":"auto","background-attachment":"scroll","background-type":"","background-media":"","overlay-type":"","overlay-color":"","overlay-opacity":"","overlay-gradient":""}},"ast-content-background-meta":{"desktop":{"background-color":"var(--ast-global-color-5)","background-image":"","background-repeat":"repeat","background-position":"center center","background-size":"auto","background-attachment":"scroll","background-type":"","background-media":"","overlay-type":"","overlay-color":"","overlay-opacity":"","overlay-gradient":""},"tablet":{"background-color":"var(--ast-global-color-5)","background-image":"","background-repeat":"repeat","background-position":"center center","background-size":"auto","background-attachment":"scroll","background-type":"","background-media":"","overlay-type":"","overlay-color":"","overlay-opacity":"","overlay-gradient":""},"mobile":{"background-color":"var(--ast-global-color-5)","background-image":"","background-repeat":"repeat","background-position":"center center","background-size":"auto","background-attachment":"scroll","background-type":"","background-media":"","overlay-type":"","overlay-color":"","overlay-opacity":"","overlay-gradient":""}},"iawp_total_views":10},"product_brand":[],"product_cat":[222],"product_tag":[],"class_list":{"0":"post-17174","1":"product","2":"type-product","3":"status-publish","4":"has-post-thumbnail","6":"product_cat-usb-c-cables","7":"desktop-align-left","8":"tablet-align-left","9":"mobile-align-left","11":"first","12":"instock","13":"shipping-taxable","14":"purchasable","15":"product-type-simple"},"acf":[],"_links":{"self":[{"href":"https:\/\/www.fjpremium.com\/pt\/wp-json\/wp\/v2\/product\/17174","targetHints":{"allow":["GET"]}}],"collection":[{"href":"https:\/\/www.fjpremium.com\/pt\/wp-json\/wp\/v2\/product"}],"about":[{"href":"https:\/\/www.fjpremium.com\/pt\/wp-json\/wp\/v2\/types\/product"}],"wp:featuredmedia":[{"embeddable":true,"href":"https:\/\/www.fjpremium.com\/pt\/wp-json\/wp\/v2\/media\/17176"}],"wp:attachment":[{"href":"https:\/\/www.fjpremium.com\/pt\/wp-json\/wp\/v2\/media?parent=17174"}],"wp:term":[{"taxonomy":"product_brand","embeddable":true,"href":"https:\/\/www.fjpremium.com\/pt\/wp-json\/wp\/v2\/product_brand?post=17174"},{"taxonomy":"product_cat","embeddable":true,"href":"https:\/\/www.fjpremium.com\/pt\/wp-json\/wp\/v2\/product_cat?post=17174"},{"taxonomy":"product_tag","embeddable":true,"href":"https:\/\/www.fjpremium.com\/pt\/wp-json\/wp\/v2\/product_tag?post=17174"}],"curies":[{"name":"wp","href":"https:\/\/api.w.org\/{rel}","templated":true}]}}