{"id":17160,"date":"2021-03-10T14:57:56","date_gmt":"2021-03-10T06:57:56","guid":{"rendered":"https:\/\/www.fjpremium.com\/?post_type=product&#038;p=17160"},"modified":"2023-09-18T15:41:07","modified_gmt":"2023-09-18T07:41:07","slug":"usb-type-c-11-in-1-hub-usb-c-to-hdmi-3usb-3-0-gigabit-lan-vga-displayport-or-mini-displayport-sd-tf-3-5mm-audio-and-pd-adapter","status":"publish","type":"product","link":"https:\/\/www.fjpremium.com\/pt\/product\/usb-type-c-11-in-1-hub-usb-c-to-hdmi-3usb-3-0-gigabit-lan-vga-displayport-or-mini-displayport-sd-tf-3-5mm-audio-and-pd-adapter\/","title":{"rendered":"Hub USB tipo C 11 em 1 USB C para HDMI 3USB 3.0 Gigabit Lan VGA, DisplayPort\/ou Mini DisplayPort SD TF 3,5 mm \u00c1udio e Adaptador PD"},"content":{"rendered":"<p>O hub permite que o seu dispositivo alargue as suas op\u00e7\u00f5es de conetividade com uma infinidade de portas, incluindo HDMI, VGA, 3USB 3.0s, uma LAN Gigabit, DisplayPort\/Mini DisplayPort, SD, TF, \u00e1udio de 3,5 mm e um adaptador USB-C PD.<\/p>\n<p>Pode desfrutar de uma resolu\u00e7\u00e3o de topo com HDMI at\u00e9 4K@30Hz e VGA at\u00e9 1080P@60Hz, ou transferir dados rapidamente com USB 3.0, atingindo velocidades at\u00e9 5Gbps.<\/p>\n<p>Os leitores de cart\u00f5es SD e TF podem processar transfer\u00eancias at\u00e9 100M\/s, enquanto a porta Gigabit Ethernet permite liga\u00e7\u00f5es r\u00e1pidas com fios.<\/p>\n<p>O nosso hub tem sempre uma pot\u00eancia elevada com uma porta de carregamento PD que suporta at\u00e9 87 W.<\/p>\n<p>As suas especifica\u00e7\u00f5es:<\/p>\n<ul>\n<li>Contacto banhado a ouro; inv\u00f3lucro banhado a ouro<\/li>\n<li>Condutor do cabo: Cobre estanhado<\/li>\n<li>Isolamento: Espuma de PE SKIN\/HDPE<\/li>\n<li>Bitola do fio: 32\/32\/26AWG<\/li>\n<li>Blindagem tripla: par entran\u00e7ado de folha de alum\u00ednio, folha de alum\u00ednio geral, entran\u00e7ado<\/li>\n<li>Caixa: Carca\u00e7a de alum\u00ednio<\/li>\n<li>Chip: Opcional<\/li>\n<li>Revestimento: PVC<\/li>\n<li>Di\u00e2metro exterior: 4,2\u00b10,2mm<\/li>\n<li>Conformidade: RoHS, REACH, CE<\/li>\n<\/ul>\n<p>Al\u00e9m disso, n\u00e3o s\u00e3o necess\u00e1rios controladores, basta ligar e utilizar. Por isso, contacte-nos hoje mesmo e encomende este concentrador Tipo C 11 em 1.<\/p>","protected":false},"excerpt":{"rendered":"<p>Experimente a m\u00e1xima conetividade e desempenho com o hub Tipo C 11 em 1 da Farsince, que inclui portas para HDMI, VGA, USB 3.0, Gigabit LAN e muito mais.<\/p>","protected":false},"featured_media":17161,"template":"","meta":{"_acf_changed":false,"_seopress_robots_primary_cat":"","_seopress_titles_title":"USB Type C 11 in 1 Hub USB C to HDMI 3USB 3.0 Gigabit Lan VGA - Farsince","_seopress_titles_desc":"","_seopress_robots_index":"","site-sidebar-layout":"default","site-content-layout":"default","ast-site-content-layout":"default","site-content-style":"default","site-sidebar-style":"default","ast-global-header-display":"","ast-banner-title-visibility":"","ast-main-header-display":"","ast-hfb-above-header-display":"","ast-hfb-below-header-display":"","ast-hfb-mobile-header-display":"","site-post-title":"","ast-breadcrumbs-content":"","ast-featured-img":"","footer-sml-layout":"","ast-disable-related-posts":"","theme-transparent-header-meta":"default","adv-header-id-meta":"","stick-header-meta":"","header-above-stick-meta":"","header-main-stick-meta":"","header-below-stick-meta":"","astra-migrate-meta-layouts":"set","ast-page-background-enabled":"default","ast-page-background-meta":{"desktop":{"background-color":"","background-image":"","background-repeat":"repeat","background-position":"center center","background-size":"auto","background-attachment":"scroll","background-type":"","background-media":"","overlay-type":"","overlay-color":"","overlay-opacity":"","overlay-gradient":""},"tablet":{"background-color":"","background-image":"","background-repeat":"repeat","background-position":"center center","background-size":"auto","background-attachment":"scroll","background-type":"","background-media":"","overlay-type":"","overlay-color":"","overlay-opacity":"","overlay-gradient":""},"mobile":{"background-color":"","background-image":"","background-repeat":"repeat","background-position":"center center","background-size":"auto","background-attachment":"scroll","background-type":"","background-media":"","overlay-type":"","overlay-color":"","overlay-opacity":"","overlay-gradient":""}},"ast-content-background-meta":{"desktop":{"background-color":"var(--ast-global-color-5)","background-image":"","background-repeat":"repeat","background-position":"center center","background-size":"auto","background-attachment":"scroll","background-type":"","background-media":"","overlay-type":"","overlay-color":"","overlay-opacity":"","overlay-gradient":""},"tablet":{"background-color":"var(--ast-global-color-5)","background-image":"","background-repeat":"repeat","background-position":"center center","background-size":"auto","background-attachment":"scroll","background-type":"","background-media":"","overlay-type":"","overlay-color":"","overlay-opacity":"","overlay-gradient":""},"mobile":{"background-color":"var(--ast-global-color-5)","background-image":"","background-repeat":"repeat","background-position":"center center","background-size":"auto","background-attachment":"scroll","background-type":"","background-media":"","overlay-type":"","overlay-color":"","overlay-opacity":"","overlay-gradient":""}},"iawp_total_views":3},"product_brand":[],"product_cat":[222],"product_tag":[],"class_list":{"0":"post-17160","1":"product","2":"type-product","3":"status-publish","4":"has-post-thumbnail","6":"product_cat-usb-c-cables","7":"desktop-align-left","8":"tablet-align-left","9":"mobile-align-left","11":"first","12":"instock","13":"shipping-taxable","14":"purchasable","15":"product-type-simple"},"acf":[],"_links":{"self":[{"href":"https:\/\/www.fjpremium.com\/pt\/wp-json\/wp\/v2\/product\/17160","targetHints":{"allow":["GET"]}}],"collection":[{"href":"https:\/\/www.fjpremium.com\/pt\/wp-json\/wp\/v2\/product"}],"about":[{"href":"https:\/\/www.fjpremium.com\/pt\/wp-json\/wp\/v2\/types\/product"}],"wp:featuredmedia":[{"embeddable":true,"href":"https:\/\/www.fjpremium.com\/pt\/wp-json\/wp\/v2\/media\/17161"}],"wp:attachment":[{"href":"https:\/\/www.fjpremium.com\/pt\/wp-json\/wp\/v2\/media?parent=17160"}],"wp:term":[{"taxonomy":"product_brand","embeddable":true,"href":"https:\/\/www.fjpremium.com\/pt\/wp-json\/wp\/v2\/product_brand?post=17160"},{"taxonomy":"product_cat","embeddable":true,"href":"https:\/\/www.fjpremium.com\/pt\/wp-json\/wp\/v2\/product_cat?post=17160"},{"taxonomy":"product_tag","embeddable":true,"href":"https:\/\/www.fjpremium.com\/pt\/wp-json\/wp\/v2\/product_tag?post=17160"}],"curies":[{"name":"wp","href":"https:\/\/api.w.org\/{rel}","templated":true}]}}