{"id":17157,"date":"2021-03-10T14:57:10","date_gmt":"2021-03-10T06:57:10","guid":{"rendered":"https:\/\/www.fjpremium.com\/?post_type=product&#038;p=17157"},"modified":"2023-09-18T15:39:25","modified_gmt":"2023-09-18T07:39:25","slug":"usb-type-c-10-in-1-hub-usb-c-to-hdmi-3usb-3-0-gigabit-ethernet-vga-sd-tf-audio-and-pd-adapter-2","status":"publish","type":"product","link":"https:\/\/www.fjpremium.com\/pt\/product\/usb-type-c-10-in-1-hub-usb-c-to-hdmi-3usb-3-0-gigabit-ethernet-vga-sd-tf-audio-and-pd-adapter-2\/","title":{"rendered":"Concentrador USB tipo C 10 em 1 USB C para HDMI 3USB 3.0, Ethernet Gigabit, VGA, SD, TF, \u00e1udio e adaptador PD"},"content":{"rendered":"<p>O nosso hub permite-lhe fazer tudo, desde a partilha de ecr\u00e3 \u00e0 transfer\u00eancia de dados.<\/p>\n<p>Pode aumentar as capacidades do seu dispositivo com HDMI, VGA, 3 portas USB 3.0, um leitor de cart\u00f5es SD e TF, \u00e1udio de 3,5 mm, Gigabit Ethernet e um adaptador PD.<\/p>\n<p>E pode apresentar o seu trabalho num ecr\u00e3 maior com as capacidades HDMI 4K@30Hz e VGA 1080P@60Hz.<\/p>\n<p>As portas USB 3.0 oferecem uma transfer\u00eancia de dados de alta velocidade at\u00e9 5Gbps, enquanto as ranhuras para cart\u00f5es SD e TF oferecem velocidades at\u00e9 100M\/s.<\/p>\n<p>Este hub mant\u00e9m-se ligado com a porta Gigabit Ethernet e mant\u00e9m o seu dispositivo carregado com o adaptador PD de 87 W.<\/p>\n<p>As suas especifica\u00e7\u00f5es:<\/p>\n<ul>\n<li>Contacto banhado a ouro; inv\u00f3lucro banhado a ouro<\/li>\n<li>Condutor do cabo: Cobre estanhado<\/li>\n<li>Isolamento: Espuma de PE SKIN\/HDPE<\/li>\n<li>Bitola do fio: 32\/32\/26AWG<\/li>\n<li>Blindagem tripla: par entran\u00e7ado de folha de alum\u00ednio, folha de alum\u00ednio geral, entran\u00e7ado<\/li>\n<li>Caixa: Carca\u00e7a de alum\u00ednio<\/li>\n<li>Chip: Opcional<\/li>\n<li>Revestimento: PVC<\/li>\n<li>Di\u00e2metro exterior: 4,2\u00b10,2 mm<\/li>\n<li>Conformidade: RoHS, REACH, CE<\/li>\n<\/ul>\n<p>Al\u00e9m disso, est\u00e1 pronto para a a\u00e7\u00e3o plug-and-play, sem necessidade de controladores adicionais. Por conseguinte, contacte-nos hoje mesmo e encomende o hub Tipo C 10 em 1.<\/p>","protected":false},"excerpt":{"rendered":"<p>A experi\u00eancia tecnol\u00f3gica \u00e9 refor\u00e7ada com o hub Tipo C 10 em 1 da Farsince, que oferece uma r\u00e1pida transfer\u00eancia de dados e capacidades de visualiza\u00e7\u00e3o n\u00edtidas, pronto a ligar e utilizar para sua conveni\u00eancia.<\/p>","protected":false},"featured_media":17158,"template":"","meta":{"_acf_changed":false,"_seopress_robots_primary_cat":"","_seopress_titles_title":"Best USB Type C 10 in 1 hub USB C to HDMI 3USB 3.0 - Farsince","_seopress_titles_desc":"","_seopress_robots_index":"","site-sidebar-layout":"default","site-content-layout":"default","ast-site-content-layout":"default","site-content-style":"default","site-sidebar-style":"default","ast-global-header-display":"","ast-banner-title-visibility":"","ast-main-header-display":"","ast-hfb-above-header-display":"","ast-hfb-below-header-display":"","ast-hfb-mobile-header-display":"","site-post-title":"","ast-breadcrumbs-content":"","ast-featured-img":"","footer-sml-layout":"","ast-disable-related-posts":"","theme-transparent-header-meta":"default","adv-header-id-meta":"","stick-header-meta":"","header-above-stick-meta":"","header-main-stick-meta":"","header-below-stick-meta":"","astra-migrate-meta-layouts":"set","ast-page-background-enabled":"default","ast-page-background-meta":{"desktop":{"background-color":"","background-image":"","background-repeat":"repeat","background-position":"center center","background-size":"auto","background-attachment":"scroll","background-type":"","background-media":"","overlay-type":"","overlay-color":"","overlay-opacity":"","overlay-gradient":""},"tablet":{"background-color":"","background-image":"","background-repeat":"repeat","background-position":"center center","background-size":"auto","background-attachment":"scroll","background-type":"","background-media":"","overlay-type":"","overlay-color":"","overlay-opacity":"","overlay-gradient":""},"mobile":{"background-color":"","background-image":"","background-repeat":"repeat","background-position":"center center","background-size":"auto","background-attachment":"scroll","background-type":"","background-media":"","overlay-type":"","overlay-color":"","overlay-opacity":"","overlay-gradient":""}},"ast-content-background-meta":{"desktop":{"background-color":"var(--ast-global-color-5)","background-image":"","background-repeat":"repeat","background-position":"center center","background-size":"auto","background-attachment":"scroll","background-type":"","background-media":"","overlay-type":"","overlay-color":"","overlay-opacity":"","overlay-gradient":""},"tablet":{"background-color":"var(--ast-global-color-5)","background-image":"","background-repeat":"repeat","background-position":"center center","background-size":"auto","background-attachment":"scroll","background-type":"","background-media":"","overlay-type":"","overlay-color":"","overlay-opacity":"","overlay-gradient":""},"mobile":{"background-color":"var(--ast-global-color-5)","background-image":"","background-repeat":"repeat","background-position":"center center","background-size":"auto","background-attachment":"scroll","background-type":"","background-media":"","overlay-type":"","overlay-color":"","overlay-opacity":"","overlay-gradient":""}},"iawp_total_views":12},"product_brand":[],"product_cat":[222],"product_tag":[],"class_list":{"0":"post-17157","1":"product","2":"type-product","3":"status-publish","4":"has-post-thumbnail","6":"product_cat-usb-c-cables","7":"desktop-align-left","8":"tablet-align-left","9":"mobile-align-left","11":"first","12":"instock","13":"shipping-taxable","14":"purchasable","15":"product-type-simple"},"acf":[],"_links":{"self":[{"href":"https:\/\/www.fjpremium.com\/pt\/wp-json\/wp\/v2\/product\/17157","targetHints":{"allow":["GET"]}}],"collection":[{"href":"https:\/\/www.fjpremium.com\/pt\/wp-json\/wp\/v2\/product"}],"about":[{"href":"https:\/\/www.fjpremium.com\/pt\/wp-json\/wp\/v2\/types\/product"}],"wp:featuredmedia":[{"embeddable":true,"href":"https:\/\/www.fjpremium.com\/pt\/wp-json\/wp\/v2\/media\/17158"}],"wp:attachment":[{"href":"https:\/\/www.fjpremium.com\/pt\/wp-json\/wp\/v2\/media?parent=17157"}],"wp:term":[{"taxonomy":"product_brand","embeddable":true,"href":"https:\/\/www.fjpremium.com\/pt\/wp-json\/wp\/v2\/product_brand?post=17157"},{"taxonomy":"product_cat","embeddable":true,"href":"https:\/\/www.fjpremium.com\/pt\/wp-json\/wp\/v2\/product_cat?post=17157"},{"taxonomy":"product_tag","embeddable":true,"href":"https:\/\/www.fjpremium.com\/pt\/wp-json\/wp\/v2\/product_tag?post=17157"}],"curies":[{"name":"wp","href":"https:\/\/api.w.org\/{rel}","templated":true}]}}