{"id":17148,"date":"2021-03-10T14:54:26","date_gmt":"2021-03-10T06:54:26","guid":{"rendered":"https:\/\/www.fjpremium.com\/?post_type=product&#038;p=17148"},"modified":"2023-09-18T15:35:30","modified_gmt":"2023-09-18T07:35:30","slug":"usb-type-c-10-in-1-hub-usb-c-to-hdmi-3usb-3-0-gigabit-ethernet-vga-sd-tf-audio-and-pd-adapter","status":"publish","type":"product","link":"https:\/\/www.fjpremium.com\/pt\/product\/usb-type-c-10-in-1-hub-usb-c-to-hdmi-3usb-3-0-gigabit-ethernet-vga-sd-tf-audio-and-pd-adapter\/","title":{"rendered":"Hub 10 em 1 USB C para HDMI 3USB 3.0, Gigabit Ethernet, VGA, SD, TF, \u00e1udio e adaptador PD"},"content":{"rendered":"<p>As 3 portas USB 3.0 do nosso hub fornecem uma taxa de transfer\u00eancia de dados de alta velocidade de at\u00e9 5 Gbps, ideal para perif\u00e9ricos como teclados, ratos e unidades flash.<\/p>\n<p>As ranhuras para cart\u00f5es SD e TF facilitam a transfer\u00eancia r\u00e1pida de ficheiros a velocidades at\u00e9 100M\/s, enquanto a porta Gigabit Ethernet assegura uma liga\u00e7\u00e3o de rede com fios est\u00e1vel.<\/p>\n<p>E pode obter imagens impressionantes de 4K@30Hz atrav\u00e9s de HDMI e 1080P@60Hz com VGA.<\/p>\n<p>Este concentrador mant\u00e9m o seu dispositivo alimentado com o adaptador PD que suporta um carregamento r\u00e1pido at\u00e9 87 W.<\/p>\n<p>As suas especifica\u00e7\u00f5es:<\/p>\n<ul>\n<li>Contacto banhado a ouro; inv\u00f3lucro banhado a ouro<\/li>\n<li>Condutor do cabo: Cobre estanhado<\/li>\n<li>Isolamento: Espuma de PE SKIN\/HDPE<\/li>\n<li>Bitola do fio: 32\/32\/26AWG<\/li>\n<li>Blindagem tripla: par entran\u00e7ado de folha de alum\u00ednio, folha de alum\u00ednio geral, entran\u00e7ado<\/li>\n<li>Chip: Opcional<\/li>\n<li>Revestimento: PVC<\/li>\n<li>Di\u00e2metro exterior: 4,2\u00b10,2 mm<\/li>\n<li>Conformidade: RoHS, REACH, CE<\/li>\n<\/ul>\n<p>Al\u00e9m disso, plug-and-play, est\u00e1 inclu\u00eddo num inv\u00f3lucro de alum\u00ednio compacto e leve e \u00e9 o companheiro digital perfeito para o seu computador port\u00e1til, computador, tablet ou telem\u00f3vel.<\/p>\n<p>Por isso, contacte-nos hoje mesmo e invista no nosso Hub USB C para HDMI 10 em 1.<\/p>","protected":false},"excerpt":{"rendered":"<p>Experimente uma conetividade sem paralelo com o Hub USB C para HDMI 10 em 1 da Farsince, concebido para otimizar as necessidades digitais dos seus dispositivos.<\/p>","protected":false},"featured_media":17149,"template":"","meta":{"_acf_changed":false,"_seopress_robots_primary_cat":"","_seopress_titles_title":"Best 10 in 1 Hub USB C to HDMI 3USB 3.0 - Farsince","_seopress_titles_desc":"","_seopress_robots_index":"","site-sidebar-layout":"default","site-content-layout":"default","ast-site-content-layout":"default","site-content-style":"default","site-sidebar-style":"default","ast-global-header-display":"","ast-banner-title-visibility":"","ast-main-header-display":"","ast-hfb-above-header-display":"","ast-hfb-below-header-display":"","ast-hfb-mobile-header-display":"","site-post-title":"","ast-breadcrumbs-content":"","ast-featured-img":"","footer-sml-layout":"","ast-disable-related-posts":"","theme-transparent-header-meta":"default","adv-header-id-meta":"","stick-header-meta":"","header-above-stick-meta":"","header-main-stick-meta":"","header-below-stick-meta":"","astra-migrate-meta-layouts":"set","ast-page-background-enabled":"default","ast-page-background-meta":{"desktop":{"background-color":"","background-image":"","background-repeat":"repeat","background-position":"center center","background-size":"auto","background-attachment":"scroll","background-type":"","background-media":"","overlay-type":"","overlay-color":"","overlay-opacity":"","overlay-gradient":""},"tablet":{"background-color":"","background-image":"","background-repeat":"repeat","background-position":"center center","background-size":"auto","background-attachment":"scroll","background-type":"","background-media":"","overlay-type":"","overlay-color":"","overlay-opacity":"","overlay-gradient":""},"mobile":{"background-color":"","background-image":"","background-repeat":"repeat","background-position":"center center","background-size":"auto","background-attachment":"scroll","background-type":"","background-media":"","overlay-type":"","overlay-color":"","overlay-opacity":"","overlay-gradient":""}},"ast-content-background-meta":{"desktop":{"background-color":"var(--ast-global-color-5)","background-image":"","background-repeat":"repeat","background-position":"center center","background-size":"auto","background-attachment":"scroll","background-type":"","background-media":"","overlay-type":"","overlay-color":"","overlay-opacity":"","overlay-gradient":""},"tablet":{"background-color":"var(--ast-global-color-5)","background-image":"","background-repeat":"repeat","background-position":"center center","background-size":"auto","background-attachment":"scroll","background-type":"","background-media":"","overlay-type":"","overlay-color":"","overlay-opacity":"","overlay-gradient":""},"mobile":{"background-color":"var(--ast-global-color-5)","background-image":"","background-repeat":"repeat","background-position":"center center","background-size":"auto","background-attachment":"scroll","background-type":"","background-media":"","overlay-type":"","overlay-color":"","overlay-opacity":"","overlay-gradient":""}},"iawp_total_views":12},"product_brand":[],"product_cat":[222],"product_tag":[],"class_list":{"0":"post-17148","1":"product","2":"type-product","3":"status-publish","4":"has-post-thumbnail","6":"product_cat-usb-c-cables","7":"desktop-align-left","8":"tablet-align-left","9":"mobile-align-left","11":"first","12":"instock","13":"shipping-taxable","14":"purchasable","15":"product-type-simple"},"acf":[],"_links":{"self":[{"href":"https:\/\/www.fjpremium.com\/pt\/wp-json\/wp\/v2\/product\/17148","targetHints":{"allow":["GET"]}}],"collection":[{"href":"https:\/\/www.fjpremium.com\/pt\/wp-json\/wp\/v2\/product"}],"about":[{"href":"https:\/\/www.fjpremium.com\/pt\/wp-json\/wp\/v2\/types\/product"}],"wp:featuredmedia":[{"embeddable":true,"href":"https:\/\/www.fjpremium.com\/pt\/wp-json\/wp\/v2\/media\/17149"}],"wp:attachment":[{"href":"https:\/\/www.fjpremium.com\/pt\/wp-json\/wp\/v2\/media?parent=17148"}],"wp:term":[{"taxonomy":"product_brand","embeddable":true,"href":"https:\/\/www.fjpremium.com\/pt\/wp-json\/wp\/v2\/product_brand?post=17148"},{"taxonomy":"product_cat","embeddable":true,"href":"https:\/\/www.fjpremium.com\/pt\/wp-json\/wp\/v2\/product_cat?post=17148"},{"taxonomy":"product_tag","embeddable":true,"href":"https:\/\/www.fjpremium.com\/pt\/wp-json\/wp\/v2\/product_tag?post=17148"}],"curies":[{"name":"wp","href":"https:\/\/api.w.org\/{rel}","templated":true}]}}