{"id":17124,"date":"2021-03-10T14:48:50","date_gmt":"2021-03-10T06:48:50","guid":{"rendered":"https:\/\/www.fjpremium.com\/?post_type=product&#038;p=17124"},"modified":"2023-09-18T15:10:05","modified_gmt":"2023-09-18T07:10:05","slug":"usb-type-c-to-hdm-gigabit-ethernet-2usb3-0-sd-tf-and-pd-7-in-1-usb-c-hub-adapter","status":"publish","type":"product","link":"https:\/\/www.fjpremium.com\/pt\/product\/usb-type-c-to-hdm-gigabit-ethernet-2usb3-0-sd-tf-and-pd-7-in-1-usb-c-hub-adapter\/","title":{"rendered":"Adaptador de concentrador USB C 7 em 1, USB tipo C para HDM Gigabit Ethernet 2USB3.0 SD TF e PD"},"content":{"rendered":"<p>Com o seu desempenho sem paralelo, o nosso adaptador de concentrador compacto suporta ecr\u00e3s HDMI de alta defini\u00e7\u00e3o at\u00e9 4K@30Hz, velocidades de transfer\u00eancia USB 3.0 extremamente r\u00e1pidas de 5Gbps e transmiss\u00e3o r\u00e1pida de dados de cart\u00f5es SD\/TF a uns impressionantes 100M\/s.<\/p>\n<p>Mant\u00e9m-se perfeitamente ligado com uma porta Gigabit Ethernet, prometendo uma rede 10\/100\/1000Mbps est\u00e1vel. Al\u00e9m disso, a sua funcionalidade PD garante um carregamento r\u00e1pido at\u00e9 uns colossais 87 W, eliminando o receio de falhas de energia em momentos cr\u00edticos.<\/p>\n<p>Este hub tamb\u00e9m \u00e9 pr\u00e1tico e f\u00e1cil de ligar e utilizar, n\u00e3o sendo necess\u00e1rios controladores adicionais.<\/p>\n<p>As suas especifica\u00e7\u00f5es:<\/p>\n<ul>\n<li>Contacto banhado a ouro; inv\u00f3lucro banhado a ouro<\/li>\n<li>Condutor do cabo: Cobre estanhado<\/li>\n<li>Isolamento: Espuma de PE SKIN\/HDPE<\/li>\n<li>Bitola do fio: 32\/32\/26AWG<\/li>\n<li>Blindagem tripla: par entran\u00e7ado de folha de alum\u00ednio, folha de alum\u00ednio geral, entran\u00e7ado<\/li>\n<li>Chip: Opcional<\/li>\n<li>Revestimento: PVC<\/li>\n<li>Di\u00e2metro exterior: 4,2\u00b10,2 mm<\/li>\n<li>Conformidade: RoHS, REACH, CE<\/li>\n<\/ul>\n<p>E o seu design elegante e economizador de espa\u00e7o, envolto num elegante alum\u00ednio cinzento espacial. Em conclus\u00e3o, contacte-nos hoje mesmo e invista no adaptador de concentrador USB C 7 em 1.<\/p>","protected":false},"excerpt":{"rendered":"<p>Aumente a efici\u00eancia com o adaptador de concentrador USB C 7 em 1 da Farsince. Experimente um ecr\u00e3 HDMI 4K sem paralelo, USB 3.0 ultrarr\u00e1pido e transfer\u00eancias r\u00e1pidas de cart\u00f5es SD\/TF.<\/p>","protected":false},"featured_media":17125,"template":"","meta":{"_acf_changed":false,"_seopress_robots_primary_cat":"","_seopress_titles_title":"Best 7 in 1 USB C Hub Adapter - Farsince","_seopress_titles_desc":"","_seopress_robots_index":"","site-sidebar-layout":"default","site-content-layout":"default","ast-site-content-layout":"default","site-content-style":"default","site-sidebar-style":"default","ast-global-header-display":"","ast-banner-title-visibility":"","ast-main-header-display":"","ast-hfb-above-header-display":"","ast-hfb-below-header-display":"","ast-hfb-mobile-header-display":"","site-post-title":"","ast-breadcrumbs-content":"","ast-featured-img":"","footer-sml-layout":"","ast-disable-related-posts":"","theme-transparent-header-meta":"default","adv-header-id-meta":"","stick-header-meta":"","header-above-stick-meta":"","header-main-stick-meta":"","header-below-stick-meta":"","astra-migrate-meta-layouts":"set","ast-page-background-enabled":"default","ast-page-background-meta":{"desktop":{"background-color":"","background-image":"","background-repeat":"repeat","background-position":"center center","background-size":"auto","background-attachment":"scroll","background-type":"","background-media":"","overlay-type":"","overlay-color":"","overlay-opacity":"","overlay-gradient":""},"tablet":{"background-color":"","background-image":"","background-repeat":"repeat","background-position":"center center","background-size":"auto","background-attachment":"scroll","background-type":"","background-media":"","overlay-type":"","overlay-color":"","overlay-opacity":"","overlay-gradient":""},"mobile":{"background-color":"","background-image":"","background-repeat":"repeat","background-position":"center center","background-size":"auto","background-attachment":"scroll","background-type":"","background-media":"","overlay-type":"","overlay-color":"","overlay-opacity":"","overlay-gradient":""}},"ast-content-background-meta":{"desktop":{"background-color":"var(--ast-global-color-5)","background-image":"","background-repeat":"repeat","background-position":"center center","background-size":"auto","background-attachment":"scroll","background-type":"","background-media":"","overlay-type":"","overlay-color":"","overlay-opacity":"","overlay-gradient":""},"tablet":{"background-color":"var(--ast-global-color-5)","background-image":"","background-repeat":"repeat","background-position":"center center","background-size":"auto","background-attachment":"scroll","background-type":"","background-media":"","overlay-type":"","overlay-color":"","overlay-opacity":"","overlay-gradient":""},"mobile":{"background-color":"var(--ast-global-color-5)","background-image":"","background-repeat":"repeat","background-position":"center center","background-size":"auto","background-attachment":"scroll","background-type":"","background-media":"","overlay-type":"","overlay-color":"","overlay-opacity":"","overlay-gradient":""}},"iawp_total_views":8},"product_brand":[],"product_cat":[222],"product_tag":[],"class_list":{"0":"post-17124","1":"product","2":"type-product","3":"status-publish","4":"has-post-thumbnail","6":"product_cat-usb-c-cables","7":"desktop-align-left","8":"tablet-align-left","9":"mobile-align-left","11":"first","12":"instock","13":"shipping-taxable","14":"purchasable","15":"product-type-simple"},"acf":[],"_links":{"self":[{"href":"https:\/\/www.fjpremium.com\/pt\/wp-json\/wp\/v2\/product\/17124","targetHints":{"allow":["GET"]}}],"collection":[{"href":"https:\/\/www.fjpremium.com\/pt\/wp-json\/wp\/v2\/product"}],"about":[{"href":"https:\/\/www.fjpremium.com\/pt\/wp-json\/wp\/v2\/types\/product"}],"wp:featuredmedia":[{"embeddable":true,"href":"https:\/\/www.fjpremium.com\/pt\/wp-json\/wp\/v2\/media\/17125"}],"wp:attachment":[{"href":"https:\/\/www.fjpremium.com\/pt\/wp-json\/wp\/v2\/media?parent=17124"}],"wp:term":[{"taxonomy":"product_brand","embeddable":true,"href":"https:\/\/www.fjpremium.com\/pt\/wp-json\/wp\/v2\/product_brand?post=17124"},{"taxonomy":"product_cat","embeddable":true,"href":"https:\/\/www.fjpremium.com\/pt\/wp-json\/wp\/v2\/product_cat?post=17124"},{"taxonomy":"product_tag","embeddable":true,"href":"https:\/\/www.fjpremium.com\/pt\/wp-json\/wp\/v2\/product_tag?post=17124"}],"curies":[{"name":"wp","href":"https:\/\/api.w.org\/{rel}","templated":true}]}}