{"id":17090,"date":"2021-03-10T14:42:24","date_gmt":"2021-03-10T06:42:24","guid":{"rendered":"https:\/\/www.fjpremium.com\/?post_type=product&#038;p=17090"},"modified":"2023-09-18T15:00:19","modified_gmt":"2023-09-18T07:00:19","slug":"usb-c-to-hdm-gigabit-ethernet-3-usb3-0-and-pd-6-in-1-hub-adapter","status":"publish","type":"product","link":"https:\/\/www.fjpremium.com\/pt\/product\/usb-c-to-hdm-gigabit-ethernet-3-usb3-0-and-pd-6-in-1-hub-adapter\/","title":{"rendered":"Adaptador Ethernet Gigabit USB 3.0 USB C para HDMI"},"content":{"rendered":"<p>Concebido para um desempenho de topo, este dispositivo suporta um ecr\u00e3 HDMI a 4K@30Hz e Gigabit Ethernet atrav\u00e9s da porta RJ45 para uma conetividade r\u00e1pida e est\u00e1vel.<\/p>\n<p>As suas tr\u00eas portas USB 3.0 asseguram transfer\u00eancias de dados de alta velocidade a 5 Gbps, acomodando uma variedade de dispositivos.<\/p>\n<p>O hub possui uma porta PD que alimenta at\u00e9 uns impressionantes 87 W para manter os seus aparelhos operacionais durante todo o dia. E a sua funcionalidade plug-and-play torna redundantes os controladores adicionais, oferecendo uma utiliza\u00e7\u00e3o sem falhas.<\/p>\n<p>As suas especifica\u00e7\u00f5es:<\/p>\n<ul>\n<li>Contacto banhado a ouro; inv\u00f3lucro banhado a ouro<\/li>\n<li>Condutor do cabo: Cobre estanhado<\/li>\n<li>Isolamento: Espuma de PE SKIN\/HDPE<\/li>\n<li>Bitola do fio: 32\/32\/26AWG<\/li>\n<li>Blindagem tripla: par entran\u00e7ado de folha de alum\u00ednio, folha de alum\u00ednio geral, entran\u00e7ado<\/li>\n<li>Chip: Opcional<\/li>\n<li>Revestimento: PVC<\/li>\n<li>Di\u00e2metro exterior: 4,2\u00b10,2 mm<\/li>\n<li>Conformidade: RoHS, REACH, CE<\/li>\n<\/ul>\n<p>Al\u00e9m disso, compacto, leve e envolto num elegante alum\u00ednio cinzento-espacial, \u00e9 o aliado perfeito para si. Por conseguinte, contacte-nos hoje mesmo e encomende o nosso adaptador USB 3.0 Gigabit Ethernet.<\/p>","protected":false},"excerpt":{"rendered":"<p>Melhore o seu projeto tecnol\u00f3gico com o adaptador USB 3.0 Gigabit Ethernet, que oferece um ecr\u00e3 HDMI 4K, Gigabit Ethernet e transfer\u00eancias de dados USB 3.0 r\u00e1pidas.<\/p>","protected":false},"featured_media":17098,"template":"","meta":{"_acf_changed":false,"_seopress_robots_primary_cat":"","_seopress_titles_title":"Best USB 3.0 Gigabit Ethernet Adapter USB C to HDMI - FARSINCE","_seopress_titles_desc":"","_seopress_robots_index":"","site-sidebar-layout":"default","site-content-layout":"default","ast-site-content-layout":"default","site-content-style":"default","site-sidebar-style":"default","ast-global-header-display":"","ast-banner-title-visibility":"","ast-main-header-display":"","ast-hfb-above-header-display":"","ast-hfb-below-header-display":"","ast-hfb-mobile-header-display":"","site-post-title":"","ast-breadcrumbs-content":"","ast-featured-img":"","footer-sml-layout":"","ast-disable-related-posts":"","theme-transparent-header-meta":"default","adv-header-id-meta":"","stick-header-meta":"","header-above-stick-meta":"","header-main-stick-meta":"","header-below-stick-meta":"","astra-migrate-meta-layouts":"set","ast-page-background-enabled":"default","ast-page-background-meta":{"desktop":{"background-color":"","background-image":"","background-repeat":"repeat","background-position":"center center","background-size":"auto","background-attachment":"scroll","background-type":"","background-media":"","overlay-type":"","overlay-color":"","overlay-opacity":"","overlay-gradient":""},"tablet":{"background-color":"","background-image":"","background-repeat":"repeat","background-position":"center center","background-size":"auto","background-attachment":"scroll","background-type":"","background-media":"","overlay-type":"","overlay-color":"","overlay-opacity":"","overlay-gradient":""},"mobile":{"background-color":"","background-image":"","background-repeat":"repeat","background-position":"center center","background-size":"auto","background-attachment":"scroll","background-type":"","background-media":"","overlay-type":"","overlay-color":"","overlay-opacity":"","overlay-gradient":""}},"ast-content-background-meta":{"desktop":{"background-color":"var(--ast-global-color-5)","background-image":"","background-repeat":"repeat","background-position":"center center","background-size":"auto","background-attachment":"scroll","background-type":"","background-media":"","overlay-type":"","overlay-color":"","overlay-opacity":"","overlay-gradient":""},"tablet":{"background-color":"var(--ast-global-color-5)","background-image":"","background-repeat":"repeat","background-position":"center center","background-size":"auto","background-attachment":"scroll","background-type":"","background-media":"","overlay-type":"","overlay-color":"","overlay-opacity":"","overlay-gradient":""},"mobile":{"background-color":"var(--ast-global-color-5)","background-image":"","background-repeat":"repeat","background-position":"center center","background-size":"auto","background-attachment":"scroll","background-type":"","background-media":"","overlay-type":"","overlay-color":"","overlay-opacity":"","overlay-gradient":""}},"iawp_total_views":4},"product_brand":[],"product_cat":[222],"product_tag":[],"class_list":{"0":"post-17090","1":"product","2":"type-product","3":"status-publish","4":"has-post-thumbnail","6":"product_cat-usb-c-cables","7":"desktop-align-left","8":"tablet-align-left","9":"mobile-align-left","11":"first","12":"instock","13":"shipping-taxable","14":"purchasable","15":"product-type-simple"},"acf":[],"_links":{"self":[{"href":"https:\/\/www.fjpremium.com\/pt\/wp-json\/wp\/v2\/product\/17090","targetHints":{"allow":["GET"]}}],"collection":[{"href":"https:\/\/www.fjpremium.com\/pt\/wp-json\/wp\/v2\/product"}],"about":[{"href":"https:\/\/www.fjpremium.com\/pt\/wp-json\/wp\/v2\/types\/product"}],"wp:featuredmedia":[{"embeddable":true,"href":"https:\/\/www.fjpremium.com\/pt\/wp-json\/wp\/v2\/media\/17098"}],"wp:attachment":[{"href":"https:\/\/www.fjpremium.com\/pt\/wp-json\/wp\/v2\/media?parent=17090"}],"wp:term":[{"taxonomy":"product_brand","embeddable":true,"href":"https:\/\/www.fjpremium.com\/pt\/wp-json\/wp\/v2\/product_brand?post=17090"},{"taxonomy":"product_cat","embeddable":true,"href":"https:\/\/www.fjpremium.com\/pt\/wp-json\/wp\/v2\/product_cat?post=17090"},{"taxonomy":"product_tag","embeddable":true,"href":"https:\/\/www.fjpremium.com\/pt\/wp-json\/wp\/v2\/product_tag?post=17090"}],"curies":[{"name":"wp","href":"https:\/\/api.w.org\/{rel}","templated":true}]}}