{"id":17058,"date":"2021-03-09T10:45:26","date_gmt":"2021-03-09T02:45:26","guid":{"rendered":"https:\/\/www.fjpremium.com\/?post_type=product&#038;p=17058"},"modified":"2023-09-18T14:40:25","modified_gmt":"2023-09-18T06:40:25","slug":"usb-c-to-hdm-vga-usb-3-0-and-pd-4-in-1-adapter-hub","status":"publish","type":"product","link":"https:\/\/www.fjpremium.com\/pt\/product\/usb-c-to-hdm-vga-usb-3-0-and-pd-4-in-1-adapter-hub\/","title":{"rendered":"Hub adaptador 4 em 1 USB C para PD, HDMI, VGA e USB 3.0"},"content":{"rendered":"<p>Concebido para se associar sem problemas a computadores port\u00e1teis, computadores, tablets e telem\u00f3veis, este hub melhora o seu dispositivo fornecendo uma porta HDMI para uma resolu\u00e7\u00e3o de 4K@30Hz e uma porta VGA para imagens n\u00edtidas de 1080P.<\/p>\n<p>A sua porta USB 3.0 com velocidade de transfer\u00eancia de dados de 5 Gbps, enquanto a porta USB-C PD permite carregar at\u00e9 87 W.<\/p>\n<p>O hub \u00e9 plug-and-play, eliminando a necessidade de controladores adicionais.<\/p>\n<p>As suas especifica\u00e7\u00f5es:<\/p>\n<ul>\n<li>Contacto banhado a ouro; inv\u00f3lucro banhado a ouro<\/li>\n<li>Condutor do cabo: Cobre estanhado<\/li>\n<li>Isolamento: Espuma de PE SKIN\/HDPE<\/li>\n<li>Bitola do fio: 32\/32\/26AWG<\/li>\n<li>Blindagem tripla: par entran\u00e7ado de folha de alum\u00ednio, folha de alum\u00ednio geral, entran\u00e7ado<\/li>\n<li>Caixa: Carca\u00e7a de alum\u00ednio<\/li>\n<li>Chip: Opcional<\/li>\n<li>Revestimento: PVC<\/li>\n<li>Di\u00e2metro exterior: 4,2\u00b10,2 mm<\/li>\n<li>Conformidade: RoHS, REACH, CE<\/li>\n<\/ul>\n<p>Al\u00e9m disso, o seu design compacto e leve, fabricado em alum\u00ednio cinzento espacial, oferece estilo e f\u00e1cil portabilidade. Por isso, contacte-nos hoje mesmo e encomende este hub adaptador USB C para PD.<\/p>","protected":false},"excerpt":{"rendered":"<p>Alargue os seus horizontes digitais com o hub adaptador USB C para PD da Farsince, compacto, leve e muito vers\u00e1til, um acess\u00f3rio tecnol\u00f3gico indispens\u00e1vel.<\/p>","protected":false},"featured_media":17059,"template":"","meta":{"_acf_changed":false,"_seopress_robots_primary_cat":"","_seopress_titles_title":"Best 4 in 1 USB C to PD Adapter Hub - Farsince","_seopress_titles_desc":"","_seopress_robots_index":"","site-sidebar-layout":"default","site-content-layout":"default","ast-site-content-layout":"default","site-content-style":"default","site-sidebar-style":"default","ast-global-header-display":"","ast-banner-title-visibility":"","ast-main-header-display":"","ast-hfb-above-header-display":"","ast-hfb-below-header-display":"","ast-hfb-mobile-header-display":"","site-post-title":"","ast-breadcrumbs-content":"","ast-featured-img":"","footer-sml-layout":"","ast-disable-related-posts":"","theme-transparent-header-meta":"default","adv-header-id-meta":"","stick-header-meta":"","header-above-stick-meta":"","header-main-stick-meta":"","header-below-stick-meta":"","astra-migrate-meta-layouts":"set","ast-page-background-enabled":"default","ast-page-background-meta":{"desktop":{"background-color":"","background-image":"","background-repeat":"repeat","background-position":"center center","background-size":"auto","background-attachment":"scroll","background-type":"","background-media":"","overlay-type":"","overlay-color":"","overlay-opacity":"","overlay-gradient":""},"tablet":{"background-color":"","background-image":"","background-repeat":"repeat","background-position":"center center","background-size":"auto","background-attachment":"scroll","background-type":"","background-media":"","overlay-type":"","overlay-color":"","overlay-opacity":"","overlay-gradient":""},"mobile":{"background-color":"","background-image":"","background-repeat":"repeat","background-position":"center center","background-size":"auto","background-attachment":"scroll","background-type":"","background-media":"","overlay-type":"","overlay-color":"","overlay-opacity":"","overlay-gradient":""}},"ast-content-background-meta":{"desktop":{"background-color":"var(--ast-global-color-5)","background-image":"","background-repeat":"repeat","background-position":"center center","background-size":"auto","background-attachment":"scroll","background-type":"","background-media":"","overlay-type":"","overlay-color":"","overlay-opacity":"","overlay-gradient":""},"tablet":{"background-color":"var(--ast-global-color-5)","background-image":"","background-repeat":"repeat","background-position":"center center","background-size":"auto","background-attachment":"scroll","background-type":"","background-media":"","overlay-type":"","overlay-color":"","overlay-opacity":"","overlay-gradient":""},"mobile":{"background-color":"var(--ast-global-color-5)","background-image":"","background-repeat":"repeat","background-position":"center center","background-size":"auto","background-attachment":"scroll","background-type":"","background-media":"","overlay-type":"","overlay-color":"","overlay-opacity":"","overlay-gradient":""}},"iawp_total_views":5},"product_brand":[],"product_cat":[222],"product_tag":[],"class_list":{"0":"post-17058","1":"product","2":"type-product","3":"status-publish","4":"has-post-thumbnail","6":"product_cat-usb-c-cables","7":"desktop-align-left","8":"tablet-align-left","9":"mobile-align-left","11":"first","12":"instock","13":"shipping-taxable","14":"purchasable","15":"product-type-simple"},"acf":[],"_links":{"self":[{"href":"https:\/\/www.fjpremium.com\/pt\/wp-json\/wp\/v2\/product\/17058","targetHints":{"allow":["GET"]}}],"collection":[{"href":"https:\/\/www.fjpremium.com\/pt\/wp-json\/wp\/v2\/product"}],"about":[{"href":"https:\/\/www.fjpremium.com\/pt\/wp-json\/wp\/v2\/types\/product"}],"wp:featuredmedia":[{"embeddable":true,"href":"https:\/\/www.fjpremium.com\/pt\/wp-json\/wp\/v2\/media\/17059"}],"wp:attachment":[{"href":"https:\/\/www.fjpremium.com\/pt\/wp-json\/wp\/v2\/media?parent=17058"}],"wp:term":[{"taxonomy":"product_brand","embeddable":true,"href":"https:\/\/www.fjpremium.com\/pt\/wp-json\/wp\/v2\/product_brand?post=17058"},{"taxonomy":"product_cat","embeddable":true,"href":"https:\/\/www.fjpremium.com\/pt\/wp-json\/wp\/v2\/product_cat?post=17058"},{"taxonomy":"product_tag","embeddable":true,"href":"https:\/\/www.fjpremium.com\/pt\/wp-json\/wp\/v2\/product_tag?post=17058"}],"curies":[{"name":"wp","href":"https:\/\/api.w.org\/{rel}","templated":true}]}}