{"id":17021,"date":"2021-03-09T10:17:40","date_gmt":"2021-03-09T02:17:40","guid":{"rendered":"https:\/\/www.fjpremium.com\/?post_type=product&#038;p=17021"},"modified":"2023-09-18T16:08:51","modified_gmt":"2023-09-18T08:08:51","slug":"usb-c-to-dual-hdmi-displayport-mst-ssl-hub-2-in-1-4k-adapter","status":"publish","type":"product","link":"https:\/\/www.fjpremium.com\/pt\/product\/usb-c-to-dual-hdmi-displayport-mst-ssl-hub-2-in-1-4k-adapter\/","title":{"rendered":"Adaptador MST SSL Hub 2 em 1 4K USB-C para HDMI duplo"},"content":{"rendered":"<p>O nosso dispositivo avan\u00e7ado liga o seu smartphone, tablet ou computador com uma porta USB tipo C a duas HDTVs, monitores, projectores ou outros ecr\u00e3s, libertando imagens de qualidade superior com uma resolu\u00e7\u00e3o at\u00e9 4K (3840\u00d72160 a 60 Hz).<\/p>\n<p>Quer seja um filme ou uma apresenta\u00e7\u00e3o de trabalho, \u00e9 perfeito para aplica\u00e7\u00f5es BYOD em ambientes empresariais ou educativos.<\/p>\n<p>O adaptador USB-C para HDMI duplo suporta o modo Mirror (SST) e o modo Extend (MST) para Windows, garantindo a compatibilidade com os sistemas MAC OS, Windows, Android e Linux.<\/p>\n<p>Tenha em aten\u00e7\u00e3o que o modo MST apenas transmite imagens diferentes no Windows e reflecte a mesma imagem no Mac OS.<\/p>\n<p>Al\u00e9m disso, deve sempre certificar-se de que o seu dispositivo suporta a sa\u00edda de v\u00eddeo ou o modo DP Alt para uma funcionalidade \u00f3ptima.<\/p>\n<p>As suas especifica\u00e7\u00f5es:<\/p>\n<ul>\n<li>Contacto banhado a ouro, concha banhada a ouro<\/li>\n<li>Condutor do cabo: Cobre estanhado<\/li>\n<li>Isolamento: Espuma de PE SKIN\/HDPE<\/li>\n<li>Bitola do fio: 32\/32\/26AWG<\/li>\n<li>Blindagem tripla: par entran\u00e7ado de folha de alum\u00ednio, folha de alum\u00ednio geral, entran\u00e7ado<\/li>\n<li>Caixa: Carca\u00e7a de alum\u00ednio<\/li>\n<li>Chip: LT8712EXI ou STDP4320+VL100+SN75149<\/li>\n<li>Revestimento: PVC<\/li>\n<li>Di\u00e2metro exterior: 4,2\u00b10,2 mm<\/li>\n<li>Conformidade: RoHS, REACH, CE<\/li>\n<\/ul>\n<p>Al\u00e9m disso, com capacidade plug-and-play e sem necessidade de driver extra, o nosso adaptador USB-C para HDMI duplo oferece um funcionamento f\u00e1cil de utilizar.<\/p>\n<p>Em suma, encomende-o e experimente o futuro da conetividade digital hoje mesmo.<\/p>","protected":false},"excerpt":{"rendered":"<p>Experimente o poder visual deste adaptador MST SSL hub 2 em 1 4K USB-C para HDMI duplo, dando vida ao seu entretenimento em v\u00e1rios ecr\u00e3s com uma impressionante resolu\u00e7\u00e3o 4K.<\/p>","protected":false},"featured_media":17022,"template":"","meta":{"_acf_changed":false,"_seopress_robots_primary_cat":"","_seopress_titles_title":"MST SSL Hub 2 in 1 4K USB-C to Dual HDMI Adapter - FARSINCE","_seopress_titles_desc":"Experience the visual power of this USB-C to dual HDMI adapter, bringing your entertainment to life on multiple screens with stunning 4K resolution.","_seopress_robots_index":"","site-sidebar-layout":"default","site-content-layout":"default","ast-site-content-layout":"default","site-content-style":"default","site-sidebar-style":"default","ast-global-header-display":"","ast-banner-title-visibility":"","ast-main-header-display":"","ast-hfb-above-header-display":"","ast-hfb-below-header-display":"","ast-hfb-mobile-header-display":"","site-post-title":"","ast-breadcrumbs-content":"","ast-featured-img":"","footer-sml-layout":"","ast-disable-related-posts":"","theme-transparent-header-meta":"default","adv-header-id-meta":"","stick-header-meta":"","header-above-stick-meta":"","header-main-stick-meta":"","header-below-stick-meta":"","astra-migrate-meta-layouts":"set","ast-page-background-enabled":"default","ast-page-background-meta":{"desktop":{"background-color":"","background-image":"","background-repeat":"repeat","background-position":"center center","background-size":"auto","background-attachment":"scroll","background-type":"","background-media":"","overlay-type":"","overlay-color":"","overlay-opacity":"","overlay-gradient":""},"tablet":{"background-color":"","background-image":"","background-repeat":"repeat","background-position":"center center","background-size":"auto","background-attachment":"scroll","background-type":"","background-media":"","overlay-type":"","overlay-color":"","overlay-opacity":"","overlay-gradient":""},"mobile":{"background-color":"","background-image":"","background-repeat":"repeat","background-position":"center center","background-size":"auto","background-attachment":"scroll","background-type":"","background-media":"","overlay-type":"","overlay-color":"","overlay-opacity":"","overlay-gradient":""}},"ast-content-background-meta":{"desktop":{"background-color":"var(--ast-global-color-5)","background-image":"","background-repeat":"repeat","background-position":"center center","background-size":"auto","background-attachment":"scroll","background-type":"","background-media":"","overlay-type":"","overlay-color":"","overlay-opacity":"","overlay-gradient":""},"tablet":{"background-color":"var(--ast-global-color-5)","background-image":"","background-repeat":"repeat","background-position":"center center","background-size":"auto","background-attachment":"scroll","background-type":"","background-media":"","overlay-type":"","overlay-color":"","overlay-opacity":"","overlay-gradient":""},"mobile":{"background-color":"var(--ast-global-color-5)","background-image":"","background-repeat":"repeat","background-position":"center center","background-size":"auto","background-attachment":"scroll","background-type":"","background-media":"","overlay-type":"","overlay-color":"","overlay-opacity":"","overlay-gradient":""}},"iawp_total_views":10},"product_brand":[],"product_cat":[222],"product_tag":[],"class_list":{"0":"post-17021","1":"product","2":"type-product","3":"status-publish","4":"has-post-thumbnail","6":"product_cat-usb-c-cables","7":"desktop-align-left","8":"tablet-align-left","9":"mobile-align-left","11":"first","12":"instock","13":"shipping-taxable","14":"purchasable","15":"product-type-simple"},"acf":[],"_links":{"self":[{"href":"https:\/\/www.fjpremium.com\/pt\/wp-json\/wp\/v2\/product\/17021","targetHints":{"allow":["GET"]}}],"collection":[{"href":"https:\/\/www.fjpremium.com\/pt\/wp-json\/wp\/v2\/product"}],"about":[{"href":"https:\/\/www.fjpremium.com\/pt\/wp-json\/wp\/v2\/types\/product"}],"wp:featuredmedia":[{"embeddable":true,"href":"https:\/\/www.fjpremium.com\/pt\/wp-json\/wp\/v2\/media\/17022"}],"wp:attachment":[{"href":"https:\/\/www.fjpremium.com\/pt\/wp-json\/wp\/v2\/media?parent=17021"}],"wp:term":[{"taxonomy":"product_brand","embeddable":true,"href":"https:\/\/www.fjpremium.com\/pt\/wp-json\/wp\/v2\/product_brand?post=17021"},{"taxonomy":"product_cat","embeddable":true,"href":"https:\/\/www.fjpremium.com\/pt\/wp-json\/wp\/v2\/product_cat?post=17021"},{"taxonomy":"product_tag","embeddable":true,"href":"https:\/\/www.fjpremium.com\/pt\/wp-json\/wp\/v2\/product_tag?post=17021"}],"curies":[{"name":"wp","href":"https:\/\/api.w.org\/{rel}","templated":true}]}}