{"id":16990,"date":"2021-03-09T09:56:16","date_gmt":"2021-03-09T01:56:16","guid":{"rendered":"https:\/\/www.fjpremium.com\/?post_type=product&#038;p=16990"},"modified":"2023-09-18T16:21:16","modified_gmt":"2023-09-18T08:21:16","slug":"usb-c-male-to-3-5mm-female-stereo-audio-adapter","status":"publish","type":"product","link":"https:\/\/www.fjpremium.com\/pt\/product\/usb-c-male-to-3-5mm-female-stereo-audio-adapter\/","title":{"rendered":"Adaptador de \u00e1udio macho-f\u00eamea USB C para 3,5 mm"},"content":{"rendered":"<p>Esta ferramenta engenhosa permite-lhe ligar qualquer dispositivo equipado com USB-C, como telem\u00f3veis, tablets ou outros dispositivos m\u00f3veis, a uma tomada de 3,5 mm em leitores de CD, sistemas de som para autom\u00f3veis, altifalantes, sintonizadores de PC\/TV e muito mais.<\/p>\n<p>Com um design USB-C sim\u00e9trico, n\u00e3o precisa de se preocupar com a forma correcta de o ligar. Al\u00e9m disso, \u00e9 compat\u00edvel com v\u00e1rios dispositivos, incluindo o novo iPad Pro, Macbook, Google Pixel, Samsung Galaxy e muito mais.<\/p>\n<p>O chip de \u00e1udio original do nosso adaptador assegura uma transmiss\u00e3o est\u00e1vel e sem perdas para uma qualidade de som Hi-Fi.<\/p>\n<p>As suas especifica\u00e7\u00f5es:<\/p>\n<ul>\n<li>Contacto banhado a ouro, concha banhada a ouro<\/li>\n<li>Condutor do cabo: Fio lacado<\/li>\n<li>Isolamento: Espuma de PE SKIN\/HDPE<\/li>\n<li>Bitola do fio: 30AWG 7\/0,10mm<\/li>\n<li>Caixa: ABS\/Alum\u00ednio<\/li>\n<li>Chip: Navio digital<\/li>\n<li>Revestimento: TPE<\/li>\n<li>Di\u00e2metro exterior: 3,2\u00b10,2mm<\/li>\n<li>Conformidade: RoHS, REACH, CE<\/li>\n<\/ul>\n<p>Al\u00e9m disso, envolto num cabo robusto entran\u00e7ado em nylon, oferece a m\u00e1xima durabilidade. Por isso, contacte-nos hoje e encomende o adaptador de \u00e1udio USB C para 3,5 mm.<\/p>","protected":false},"excerpt":{"rendered":"<p>Experimente uma transmiss\u00e3o de m\u00fasica perfeita e durabilidade superior com o adaptador de \u00e1udio USB C para 3,5 mm macho para f\u00eamea da Farsince.<\/p>","protected":false},"featured_media":16991,"template":"","meta":{"_acf_changed":false,"_seopress_robots_primary_cat":"","_seopress_titles_title":"Best Male to Female USB C to 3.5mm Audio Adapter - FARSINCE","_seopress_titles_desc":"","_seopress_robots_index":"","site-sidebar-layout":"default","site-content-layout":"default","ast-site-content-layout":"default","site-content-style":"default","site-sidebar-style":"default","ast-global-header-display":"","ast-banner-title-visibility":"","ast-main-header-display":"","ast-hfb-above-header-display":"","ast-hfb-below-header-display":"","ast-hfb-mobile-header-display":"","site-post-title":"","ast-breadcrumbs-content":"","ast-featured-img":"","footer-sml-layout":"","ast-disable-related-posts":"","theme-transparent-header-meta":"default","adv-header-id-meta":"","stick-header-meta":"","header-above-stick-meta":"","header-main-stick-meta":"","header-below-stick-meta":"","astra-migrate-meta-layouts":"set","ast-page-background-enabled":"default","ast-page-background-meta":{"desktop":{"background-color":"","background-image":"","background-repeat":"repeat","background-position":"center center","background-size":"auto","background-attachment":"scroll","background-type":"","background-media":"","overlay-type":"","overlay-color":"","overlay-opacity":"","overlay-gradient":""},"tablet":{"background-color":"","background-image":"","background-repeat":"repeat","background-position":"center center","background-size":"auto","background-attachment":"scroll","background-type":"","background-media":"","overlay-type":"","overlay-color":"","overlay-opacity":"","overlay-gradient":""},"mobile":{"background-color":"","background-image":"","background-repeat":"repeat","background-position":"center center","background-size":"auto","background-attachment":"scroll","background-type":"","background-media":"","overlay-type":"","overlay-color":"","overlay-opacity":"","overlay-gradient":""}},"ast-content-background-meta":{"desktop":{"background-color":"var(--ast-global-color-5)","background-image":"","background-repeat":"repeat","background-position":"center center","background-size":"auto","background-attachment":"scroll","background-type":"","background-media":"","overlay-type":"","overlay-color":"","overlay-opacity":"","overlay-gradient":""},"tablet":{"background-color":"var(--ast-global-color-5)","background-image":"","background-repeat":"repeat","background-position":"center center","background-size":"auto","background-attachment":"scroll","background-type":"","background-media":"","overlay-type":"","overlay-color":"","overlay-opacity":"","overlay-gradient":""},"mobile":{"background-color":"var(--ast-global-color-5)","background-image":"","background-repeat":"repeat","background-position":"center center","background-size":"auto","background-attachment":"scroll","background-type":"","background-media":"","overlay-type":"","overlay-color":"","overlay-opacity":"","overlay-gradient":""}},"iawp_total_views":3},"product_brand":[],"product_cat":[222],"product_tag":[],"class_list":{"0":"post-16990","1":"product","2":"type-product","3":"status-publish","4":"has-post-thumbnail","6":"product_cat-usb-c-cables","7":"desktop-align-left","8":"tablet-align-left","9":"mobile-align-left","11":"first","12":"instock","13":"shipping-taxable","14":"purchasable","15":"product-type-simple"},"acf":[],"_links":{"self":[{"href":"https:\/\/www.fjpremium.com\/pt\/wp-json\/wp\/v2\/product\/16990","targetHints":{"allow":["GET"]}}],"collection":[{"href":"https:\/\/www.fjpremium.com\/pt\/wp-json\/wp\/v2\/product"}],"about":[{"href":"https:\/\/www.fjpremium.com\/pt\/wp-json\/wp\/v2\/types\/product"}],"wp:featuredmedia":[{"embeddable":true,"href":"https:\/\/www.fjpremium.com\/pt\/wp-json\/wp\/v2\/media\/16991"}],"wp:attachment":[{"href":"https:\/\/www.fjpremium.com\/pt\/wp-json\/wp\/v2\/media?parent=16990"}],"wp:term":[{"taxonomy":"product_brand","embeddable":true,"href":"https:\/\/www.fjpremium.com\/pt\/wp-json\/wp\/v2\/product_brand?post=16990"},{"taxonomy":"product_cat","embeddable":true,"href":"https:\/\/www.fjpremium.com\/pt\/wp-json\/wp\/v2\/product_cat?post=16990"},{"taxonomy":"product_tag","embeddable":true,"href":"https:\/\/www.fjpremium.com\/pt\/wp-json\/wp\/v2\/product_tag?post=16990"}],"curies":[{"name":"wp","href":"https:\/\/api.w.org\/{rel}","templated":true}]}}