{"id":16989,"date":"2021-03-09T09:56:15","date_gmt":"2021-03-09T01:56:15","guid":{"rendered":"https:\/\/www.fjpremium.com\/?post_type=product&#038;p=16989"},"modified":"2023-09-18T16:24:00","modified_gmt":"2023-09-18T08:24:00","slug":"usb-c-male-to-3-5mm-female-stereo-audio-adapter-with-pd-charging","status":"publish","type":"product","link":"https:\/\/www.fjpremium.com\/pt\/product\/usb-c-male-to-3-5mm-female-stereo-audio-adapter-with-pd-charging\/","title":{"rendered":"Adaptador de \u00e1udio USB C macho-f\u00eamea de 3,5 mm com carregamento"},"content":{"rendered":"<p>Concebido para se harmonizar com a maioria dos dispositivos Android, Tipo C ou USB C, o nosso adaptador potencia a sua viagem multim\u00e9dia, garantindo que o seu dispositivo se mant\u00e9m ligado. A funcionalidade de carregamento r\u00e1pido PD fornece uma pot\u00eancia de sa\u00edda at\u00e9 60 W (20 V \/ 3 A).<\/p>\n<p>Ao ligar este adaptador ao seu dispositivo compat\u00edvel com o Tipo C, poder\u00e1 desfrutar de \u00e1udio de qualidade atrav\u00e9s dos seus auscultadores, auriculares, altifalantes ou microfones de 3,5 mm.<\/p>\n<p>As suas especifica\u00e7\u00f5es:<\/p>\n<ul>\n<li>Contacto banhado a ouro, concha banhada a ouro<\/li>\n<li>Condutor do cabo: Fio lacado<\/li>\n<li>Isolamento: Espuma de PE SKIN\/HDPE<\/li>\n<li>Bitola do fio: 30AWG 7\/0,10mm<\/li>\n<li>Caixa: ABS ou alum\u00ednio<\/li>\n<li>Revestimento: TPE<\/li>\n<li>Di\u00e2metro exterior: 3,2\u00b10,2mm<\/li>\n<li>Conformidade: RoHS, REACH, CE<\/li>\n<\/ul>\n<p>Al\u00e9m disso, o avan\u00e7ado chip BES ou Realtek DAC incorporado melhora o som removendo o ru\u00eddo, suportando \u00e1udio de alta resolu\u00e7\u00e3o at\u00e9 32 bits\/384 KHz. E com um conetor USB-C revers\u00edvel, n\u00e3o h\u00e1 forma errada de o ligar.<\/p>\n<p>Por isso, contacte-nos hoje mesmo e encomende o adaptador \u00e1udio USB C com carregamento.<\/p>","protected":false},"excerpt":{"rendered":"<p>Liberte experi\u00eancias de \u00e1udio e carregamento cont\u00ednuos com o adaptador de \u00e1udio USB C macho para f\u00eamea de 3,5 mm da Farsince com carregamento.<\/p>","protected":false},"featured_media":16999,"template":"","meta":{"_acf_changed":false,"_seopress_robots_primary_cat":"","_seopress_titles_title":"Best USB C Audio Adapter with Charging - Farsince","_seopress_titles_desc":"","_seopress_robots_index":"","site-sidebar-layout":"default","site-content-layout":"default","ast-site-content-layout":"default","site-content-style":"default","site-sidebar-style":"default","ast-global-header-display":"","ast-banner-title-visibility":"","ast-main-header-display":"","ast-hfb-above-header-display":"","ast-hfb-below-header-display":"","ast-hfb-mobile-header-display":"","site-post-title":"","ast-breadcrumbs-content":"","ast-featured-img":"","footer-sml-layout":"","ast-disable-related-posts":"","theme-transparent-header-meta":"default","adv-header-id-meta":"","stick-header-meta":"","header-above-stick-meta":"","header-main-stick-meta":"","header-below-stick-meta":"","astra-migrate-meta-layouts":"set","ast-page-background-enabled":"default","ast-page-background-meta":{"desktop":{"background-color":"","background-image":"","background-repeat":"repeat","background-position":"center center","background-size":"auto","background-attachment":"scroll","background-type":"","background-media":"","overlay-type":"","overlay-color":"","overlay-opacity":"","overlay-gradient":""},"tablet":{"background-color":"","background-image":"","background-repeat":"repeat","background-position":"center center","background-size":"auto","background-attachment":"scroll","background-type":"","background-media":"","overlay-type":"","overlay-color":"","overlay-opacity":"","overlay-gradient":""},"mobile":{"background-color":"","background-image":"","background-repeat":"repeat","background-position":"center center","background-size":"auto","background-attachment":"scroll","background-type":"","background-media":"","overlay-type":"","overlay-color":"","overlay-opacity":"","overlay-gradient":""}},"ast-content-background-meta":{"desktop":{"background-color":"var(--ast-global-color-5)","background-image":"","background-repeat":"repeat","background-position":"center center","background-size":"auto","background-attachment":"scroll","background-type":"","background-media":"","overlay-type":"","overlay-color":"","overlay-opacity":"","overlay-gradient":""},"tablet":{"background-color":"var(--ast-global-color-5)","background-image":"","background-repeat":"repeat","background-position":"center center","background-size":"auto","background-attachment":"scroll","background-type":"","background-media":"","overlay-type":"","overlay-color":"","overlay-opacity":"","overlay-gradient":""},"mobile":{"background-color":"var(--ast-global-color-5)","background-image":"","background-repeat":"repeat","background-position":"center center","background-size":"auto","background-attachment":"scroll","background-type":"","background-media":"","overlay-type":"","overlay-color":"","overlay-opacity":"","overlay-gradient":""}},"iawp_total_views":3},"product_brand":[],"product_cat":[222],"product_tag":[],"class_list":{"0":"post-16989","1":"product","2":"type-product","3":"status-publish","4":"has-post-thumbnail","6":"product_cat-usb-c-cables","7":"desktop-align-left","8":"tablet-align-left","9":"mobile-align-left","11":"first","12":"instock","13":"shipping-taxable","14":"purchasable","15":"product-type-simple"},"acf":[],"_links":{"self":[{"href":"https:\/\/www.fjpremium.com\/pt\/wp-json\/wp\/v2\/product\/16989","targetHints":{"allow":["GET"]}}],"collection":[{"href":"https:\/\/www.fjpremium.com\/pt\/wp-json\/wp\/v2\/product"}],"about":[{"href":"https:\/\/www.fjpremium.com\/pt\/wp-json\/wp\/v2\/types\/product"}],"wp:featuredmedia":[{"embeddable":true,"href":"https:\/\/www.fjpremium.com\/pt\/wp-json\/wp\/v2\/media\/16999"}],"wp:attachment":[{"href":"https:\/\/www.fjpremium.com\/pt\/wp-json\/wp\/v2\/media?parent=16989"}],"wp:term":[{"taxonomy":"product_brand","embeddable":true,"href":"https:\/\/www.fjpremium.com\/pt\/wp-json\/wp\/v2\/product_brand?post=16989"},{"taxonomy":"product_cat","embeddable":true,"href":"https:\/\/www.fjpremium.com\/pt\/wp-json\/wp\/v2\/product_cat?post=16989"},{"taxonomy":"product_tag","embeddable":true,"href":"https:\/\/www.fjpremium.com\/pt\/wp-json\/wp\/v2\/product_tag?post=16989"}],"curies":[{"name":"wp","href":"https:\/\/api.w.org\/{rel}","templated":true}]}}