{"id":16988,"date":"2021-03-09T09:56:14","date_gmt":"2021-03-09T01:56:14","guid":{"rendered":"https:\/\/www.fjpremium.com\/?post_type=product&#038;p=16988"},"modified":"2023-09-18T16:45:06","modified_gmt":"2023-09-18T08:45:06","slug":"usb-c-male-to-3-5mm-female-stereo-audio-adapter-with-pd-charging-2","status":"publish","type":"product","link":"https:\/\/www.fjpremium.com\/pt\/product\/usb-c-male-to-3-5mm-female-stereo-audio-adapter-with-pd-charging-2\/","title":{"rendered":"Adaptador de carregamento USB-C macho para 3,5 mm f\u00eamea est\u00e9reo \u00e1udio PD"},"content":{"rendered":"<p>O adaptador est\u00e1 preparado para a maioria dos dispositivos Android, Tipo C ou USB C. Com uma pot\u00eancia de sa\u00edda de at\u00e9 60W (20V\/3A), pode desfrutar de um carregamento r\u00e1pido PD juntamente com experi\u00eancias de \u00e1udio impec\u00e1veis.<\/p>\n<p>E n\u00e3o precisa de se preocupar com o esgotamento da bateria durante sess\u00f5es de jogo intensas ou chamadas telef\u00f3nicas longas.<\/p>\n<p>A compatibilidade do nosso adaptador estende-se a auscultadores, altifalantes ou microfones de \u00e1udio de 3,5 mm. Gra\u00e7as ao avan\u00e7ado chip DAC BES ou Realtek incorporado, tem a garantia de \u00e1udio de alta resolu\u00e7\u00e3o e sem ru\u00eddo at\u00e9 32 bits\/384 KHz.<\/p>\n<p>As suas especifica\u00e7\u00f5es:<\/p>\n<ul>\n<li>Contacto banhado a ouro, concha banhada a ouro<\/li>\n<li>Condutor do cabo: Fio lacado<\/li>\n<li>Isolamento: Espuma de PE SKIN\/HDPE<\/li>\n<li>Bitola do fio: 30AWG 7\/0,10mm<\/li>\n<li>Caixa: ABS ou alum\u00ednio<\/li>\n<li>Revestimento: TPE<\/li>\n<li>Di\u00e2metro exterior: 3,2\u00b10,2mm<\/li>\n<li>Conformidade: RoHS, REACH, CE<\/li>\n<\/ul>\n<p>Al\u00e9m disso, o conetor USB-C revers\u00edvel garante uma liga\u00e7\u00e3o f\u00e1cil. Assim, contacte-nos hoje mesmo e invista neste adaptador de carregamento PD.<\/p>","protected":false},"excerpt":{"rendered":"<p>Experimente m\u00fasica ininterrupta e carregamento r\u00e1pido com o adaptador de carregamento PD de \u00e1udio est\u00e9reo Farsince USB-C macho para f\u00eamea de 3,5 mm, compat\u00edvel com a maioria dos dispositivos Android, Tipo C ou USB-C.<\/p>","protected":false},"featured_media":17005,"template":"","meta":{"_acf_changed":false,"_seopress_robots_primary_cat":"","_seopress_titles_title":"Best Stereo Audio PD Charging Adapter - Farsince","_seopress_titles_desc":"Experience uninterrupted music and fast charging with the Farsince USB-C male to 3.5mm female stereo audio PD charging adapter.","_seopress_robots_index":"","site-sidebar-layout":"default","site-content-layout":"default","ast-site-content-layout":"default","site-content-style":"default","site-sidebar-style":"default","ast-global-header-display":"","ast-banner-title-visibility":"","ast-main-header-display":"","ast-hfb-above-header-display":"","ast-hfb-below-header-display":"","ast-hfb-mobile-header-display":"","site-post-title":"","ast-breadcrumbs-content":"","ast-featured-img":"","footer-sml-layout":"","ast-disable-related-posts":"","theme-transparent-header-meta":"default","adv-header-id-meta":"","stick-header-meta":"","header-above-stick-meta":"","header-main-stick-meta":"","header-below-stick-meta":"","astra-migrate-meta-layouts":"set","ast-page-background-enabled":"default","ast-page-background-meta":{"desktop":{"background-color":"","background-image":"","background-repeat":"repeat","background-position":"center center","background-size":"auto","background-attachment":"scroll","background-type":"","background-media":"","overlay-type":"","overlay-color":"","overlay-opacity":"","overlay-gradient":""},"tablet":{"background-color":"","background-image":"","background-repeat":"repeat","background-position":"center center","background-size":"auto","background-attachment":"scroll","background-type":"","background-media":"","overlay-type":"","overlay-color":"","overlay-opacity":"","overlay-gradient":""},"mobile":{"background-color":"","background-image":"","background-repeat":"repeat","background-position":"center center","background-size":"auto","background-attachment":"scroll","background-type":"","background-media":"","overlay-type":"","overlay-color":"","overlay-opacity":"","overlay-gradient":""}},"ast-content-background-meta":{"desktop":{"background-color":"var(--ast-global-color-5)","background-image":"","background-repeat":"repeat","background-position":"center center","background-size":"auto","background-attachment":"scroll","background-type":"","background-media":"","overlay-type":"","overlay-color":"","overlay-opacity":"","overlay-gradient":""},"tablet":{"background-color":"var(--ast-global-color-5)","background-image":"","background-repeat":"repeat","background-position":"center center","background-size":"auto","background-attachment":"scroll","background-type":"","background-media":"","overlay-type":"","overlay-color":"","overlay-opacity":"","overlay-gradient":""},"mobile":{"background-color":"var(--ast-global-color-5)","background-image":"","background-repeat":"repeat","background-position":"center center","background-size":"auto","background-attachment":"scroll","background-type":"","background-media":"","overlay-type":"","overlay-color":"","overlay-opacity":"","overlay-gradient":""}},"iawp_total_views":4},"product_brand":[],"product_cat":[222],"product_tag":[],"class_list":{"0":"post-16988","1":"product","2":"type-product","3":"status-publish","4":"has-post-thumbnail","6":"product_cat-usb-c-cables","7":"desktop-align-left","8":"tablet-align-left","9":"mobile-align-left","11":"first","12":"instock","13":"shipping-taxable","14":"purchasable","15":"product-type-simple"},"acf":[],"_links":{"self":[{"href":"https:\/\/www.fjpremium.com\/pt\/wp-json\/wp\/v2\/product\/16988","targetHints":{"allow":["GET"]}}],"collection":[{"href":"https:\/\/www.fjpremium.com\/pt\/wp-json\/wp\/v2\/product"}],"about":[{"href":"https:\/\/www.fjpremium.com\/pt\/wp-json\/wp\/v2\/types\/product"}],"wp:featuredmedia":[{"embeddable":true,"href":"https:\/\/www.fjpremium.com\/pt\/wp-json\/wp\/v2\/media\/17005"}],"wp:attachment":[{"href":"https:\/\/www.fjpremium.com\/pt\/wp-json\/wp\/v2\/media?parent=16988"}],"wp:term":[{"taxonomy":"product_brand","embeddable":true,"href":"https:\/\/www.fjpremium.com\/pt\/wp-json\/wp\/v2\/product_brand?post=16988"},{"taxonomy":"product_cat","embeddable":true,"href":"https:\/\/www.fjpremium.com\/pt\/wp-json\/wp\/v2\/product_cat?post=16988"},{"taxonomy":"product_tag","embeddable":true,"href":"https:\/\/www.fjpremium.com\/pt\/wp-json\/wp\/v2\/product_tag?post=16988"}],"curies":[{"name":"wp","href":"https:\/\/api.w.org\/{rel}","templated":true}]}}