{"id":16945,"date":"2021-03-09T09:28:24","date_gmt":"2021-03-09T01:28:24","guid":{"rendered":"https:\/\/www.fjpremium.com\/?post_type=product&#038;p=16945"},"modified":"2023-09-18T16:48:59","modified_gmt":"2023-09-18T08:48:59","slug":"usb-3-0-type-c-male-to-usb-3-0-type-b-male-cable","status":"publish","type":"product","link":"https:\/\/www.fjpremium.com\/pt\/product\/usb-3-0-type-c-male-to-usb-3-0-type-b-male-cable\/","title":{"rendered":"Cabo macho para macho USB 3.0 Tipo C para Tipo B"},"content":{"rendered":"<p>O nosso cabo foi concebido para liga\u00e7\u00f5es perfeitas entre o seu computador, tablet ou outros dispositivos USB tipo C e quaisquer dispositivos com porta USB 3.0 tipo B, como impressoras, scanners ou hubs. Com uma taxa de transfer\u00eancia impressionante de at\u00e9 5 Gbps, permite movimentos de dados r\u00e1pidos e eficientes.<\/p>\n<p>O design sim\u00e9trico do conetor USB-C deste cabo permite-lhe lig\u00e1-lo de qualquer forma sem qualquer preocupa\u00e7\u00e3o.<\/p>\n<p>A interfer\u00eancia EMI\/RFI \u00e9 completamente anulada, gra\u00e7as \u00e0 sua blindagem de folha e tran\u00e7a, e a constru\u00e7\u00e3o de par entran\u00e7ado reduz a diafonia, assegurando uma transfer\u00eancia de dados de alta velocidade e sem erros.<\/p>\n<p>As suas especifica\u00e7\u00f5es:<\/p>\n<ul>\n<li>Contacto banhado a ouro, concha banhada a n\u00edquel<\/li>\n<li>Condutor do cabo: Cobre nu<\/li>\n<li>Isolamento: Espuma de PE SKIN\/HDPE<\/li>\n<li>Bitola do fio: 32\/24\/32AWG<\/li>\n<li>Carca\u00e7a: Molde de inje\u00e7\u00e3o<\/li>\n<li>Chip: N\/M<\/li>\n<li>Di\u00e2metro exterior: 4,5\u00b10,2mm<\/li>\n<li>Conformidade: RoHS, REACH<\/li>\n<\/ul>\n<p>Al\u00e9m disso, robusto mas flex\u00edvel, o revestimento em PVC melhora o seu desempenho geral e a sua durabilidade. Em geral, contacte-nos hoje e encomende o cabo USB 3.0 Tipo C para Tipo B.<\/p>","protected":false},"excerpt":{"rendered":"<p>Revolucione a sua conetividade digital com o cabo Farsince macho para macho USB 3.0 Tipo C para Tipo B para transfer\u00eancia de dados a alta velocidade e facilidade de liga\u00e7\u00e3o.<\/p>","protected":false},"featured_media":16977,"template":"","meta":{"_acf_changed":false,"_seopress_robots_primary_cat":"","_seopress_titles_title":"Best Male to Male USB 3.0 Type C to Type B Cable - Farsince","_seopress_titles_desc":"","_seopress_robots_index":"","site-sidebar-layout":"default","site-content-layout":"default","ast-site-content-layout":"default","site-content-style":"default","site-sidebar-style":"default","ast-global-header-display":"","ast-banner-title-visibility":"","ast-main-header-display":"","ast-hfb-above-header-display":"","ast-hfb-below-header-display":"","ast-hfb-mobile-header-display":"","site-post-title":"","ast-breadcrumbs-content":"","ast-featured-img":"","footer-sml-layout":"","ast-disable-related-posts":"","theme-transparent-header-meta":"default","adv-header-id-meta":"","stick-header-meta":"","header-above-stick-meta":"","header-main-stick-meta":"","header-below-stick-meta":"","astra-migrate-meta-layouts":"set","ast-page-background-enabled":"default","ast-page-background-meta":{"desktop":{"background-color":"","background-image":"","background-repeat":"repeat","background-position":"center center","background-size":"auto","background-attachment":"scroll","background-type":"","background-media":"","overlay-type":"","overlay-color":"","overlay-opacity":"","overlay-gradient":""},"tablet":{"background-color":"","background-image":"","background-repeat":"repeat","background-position":"center center","background-size":"auto","background-attachment":"scroll","background-type":"","background-media":"","overlay-type":"","overlay-color":"","overlay-opacity":"","overlay-gradient":""},"mobile":{"background-color":"","background-image":"","background-repeat":"repeat","background-position":"center center","background-size":"auto","background-attachment":"scroll","background-type":"","background-media":"","overlay-type":"","overlay-color":"","overlay-opacity":"","overlay-gradient":""}},"ast-content-background-meta":{"desktop":{"background-color":"var(--ast-global-color-5)","background-image":"","background-repeat":"repeat","background-position":"center center","background-size":"auto","background-attachment":"scroll","background-type":"","background-media":"","overlay-type":"","overlay-color":"","overlay-opacity":"","overlay-gradient":""},"tablet":{"background-color":"var(--ast-global-color-5)","background-image":"","background-repeat":"repeat","background-position":"center center","background-size":"auto","background-attachment":"scroll","background-type":"","background-media":"","overlay-type":"","overlay-color":"","overlay-opacity":"","overlay-gradient":""},"mobile":{"background-color":"var(--ast-global-color-5)","background-image":"","background-repeat":"repeat","background-position":"center center","background-size":"auto","background-attachment":"scroll","background-type":"","background-media":"","overlay-type":"","overlay-color":"","overlay-opacity":"","overlay-gradient":""}},"iawp_total_views":5},"product_brand":[],"product_cat":[222],"product_tag":[],"class_list":{"0":"post-16945","1":"product","2":"type-product","3":"status-publish","4":"has-post-thumbnail","6":"product_cat-usb-c-cables","7":"desktop-align-left","8":"tablet-align-left","9":"mobile-align-left","11":"first","12":"instock","13":"shipping-taxable","14":"purchasable","15":"product-type-simple"},"acf":[],"_links":{"self":[{"href":"https:\/\/www.fjpremium.com\/pt\/wp-json\/wp\/v2\/product\/16945","targetHints":{"allow":["GET"]}}],"collection":[{"href":"https:\/\/www.fjpremium.com\/pt\/wp-json\/wp\/v2\/product"}],"about":[{"href":"https:\/\/www.fjpremium.com\/pt\/wp-json\/wp\/v2\/types\/product"}],"wp:featuredmedia":[{"embeddable":true,"href":"https:\/\/www.fjpremium.com\/pt\/wp-json\/wp\/v2\/media\/16977"}],"wp:attachment":[{"href":"https:\/\/www.fjpremium.com\/pt\/wp-json\/wp\/v2\/media?parent=16945"}],"wp:term":[{"taxonomy":"product_brand","embeddable":true,"href":"https:\/\/www.fjpremium.com\/pt\/wp-json\/wp\/v2\/product_brand?post=16945"},{"taxonomy":"product_cat","embeddable":true,"href":"https:\/\/www.fjpremium.com\/pt\/wp-json\/wp\/v2\/product_cat?post=16945"},{"taxonomy":"product_tag","embeddable":true,"href":"https:\/\/www.fjpremium.com\/pt\/wp-json\/wp\/v2\/product_tag?post=16945"}],"curies":[{"name":"wp","href":"https:\/\/api.w.org\/{rel}","templated":true}]}}