{"id":16943,"date":"2021-03-09T09:28:20","date_gmt":"2021-03-09T01:28:20","guid":{"rendered":"https:\/\/www.fjpremium.com\/?post_type=product&#038;p=16943"},"modified":"2023-06-19T15:48:13","modified_gmt":"2023-06-19T07:48:13","slug":"usb-2-0-type-c-male-to-usb-2-0-micro-usb-male-cable","status":"publish","type":"product","link":"https:\/\/www.fjpremium.com\/pt\/product\/usb-2-0-type-c-male-to-usb-2-0-micro-usb-male-cable\/","title":{"rendered":"Cabo macho para macho USB 2.0 Tipo C para Micro USB"},"content":{"rendered":"<p>Concebido para trazer compatibilidade ao seu mundo digital, este cabo liga os seus smartphones, tablets ou outros dispositivos compat\u00edveis com micro USB ao seu computador, tablet ou dispositivo que tenha uma porta USB tipo C.<\/p>\n<p>Concebido exclusivamente para suportar a tecnologia de carregamento r\u00e1pido 2.0 com sa\u00edda de energia de 5V 2,4A e uma taxa de transfer\u00eancia de dados de alta velocidade at\u00e9 480 Mbps.<\/p>\n<p>Al\u00e9m disso, o conetor USB-C revers\u00edvel, concebido com uma resist\u00eancia pull-up de 56K ohm, liga-se sempre sem problemas, oferecendo seguran\u00e7a \u00e0 porta do seu dispositivo.<\/p>\n<p>As suas especifica\u00e7\u00f5es:<\/p>\n<ul>\n<li>Contacto banhado a ouro, concha banhada a n\u00edquel<\/li>\n<li>Condutor do cabo: Cobre nu<\/li>\n<li>Isolamento: Espuma de PE SKIN\/HDPE<\/li>\n<li>Bitola do fio: 28\/24AWG<\/li>\n<li>Carca\u00e7a: Molde de inje\u00e7\u00e3o<\/li>\n<li>Chip: N\/M<\/li>\n<li>Revestimento: PVC<\/li>\n<li>Di\u00e2metro exterior: 4,5\u00b10,2mm<\/li>\n<li>Conformidade: RoHS, REACH<\/li>\n<\/ul>\n<p>Os mecanismos de blindagem do cabo, como a folha de alum\u00ednio, a blindagem tran\u00e7ada e uma constru\u00e7\u00e3o de par entran\u00e7ado, reduzem a diafonia e protegem contra interfer\u00eancias EMI\/RFI.<\/p>\n<p>E isto garante uma transfer\u00eancia de dados r\u00e1pida e sem erros entre dispositivos, tornando-o numa solu\u00e7\u00e3o not\u00e1vel para as suas necessidades digitais. Em suma, contacte-nos hoje e encomende o nosso cabo Tipo C para micro USB.<\/p>","protected":false},"excerpt":{"rendered":"<p>Atualize sua conectividade digital com o cabo USB 2.0 Tipo C para micro USB da Farsince, que oferece transfer\u00eancia de dados em alta velocidade e suporte para carga r\u00e1pida 2.0.<\/p>","protected":false},"featured_media":16965,"template":"","meta":{"_acf_changed":false,"_seopress_robots_primary_cat":"","_seopress_titles_title":"","_seopress_titles_desc":"","_seopress_robots_index":"","site-sidebar-layout":"default","site-content-layout":"default","ast-site-content-layout":"default","site-content-style":"default","site-sidebar-style":"default","ast-global-header-display":"","ast-banner-title-visibility":"","ast-main-header-display":"","ast-hfb-above-header-display":"","ast-hfb-below-header-display":"","ast-hfb-mobile-header-display":"","site-post-title":"","ast-breadcrumbs-content":"","ast-featured-img":"","footer-sml-layout":"","ast-disable-related-posts":"","theme-transparent-header-meta":"default","adv-header-id-meta":"","stick-header-meta":"","header-above-stick-meta":"","header-main-stick-meta":"","header-below-stick-meta":"","astra-migrate-meta-layouts":"default","ast-page-background-enabled":"default","ast-page-background-meta":{"desktop":{"background-color":"","background-image":"","background-repeat":"repeat","background-position":"center center","background-size":"auto","background-attachment":"scroll","background-type":"","background-media":"","overlay-type":"","overlay-color":"","overlay-opacity":"","overlay-gradient":""},"tablet":{"background-color":"","background-image":"","background-repeat":"repeat","background-position":"center center","background-size":"auto","background-attachment":"scroll","background-type":"","background-media":"","overlay-type":"","overlay-color":"","overlay-opacity":"","overlay-gradient":""},"mobile":{"background-color":"","background-image":"","background-repeat":"repeat","background-position":"center center","background-size":"auto","background-attachment":"scroll","background-type":"","background-media":"","overlay-type":"","overlay-color":"","overlay-opacity":"","overlay-gradient":""}},"ast-content-background-meta":{"desktop":{"background-color":"var(--ast-global-color-5)","background-image":"","background-repeat":"repeat","background-position":"center center","background-size":"auto","background-attachment":"scroll","background-type":"","background-media":"","overlay-type":"","overlay-color":"","overlay-opacity":"","overlay-gradient":""},"tablet":{"background-color":"var(--ast-global-color-5)","background-image":"","background-repeat":"repeat","background-position":"center center","background-size":"auto","background-attachment":"scroll","background-type":"","background-media":"","overlay-type":"","overlay-color":"","overlay-opacity":"","overlay-gradient":""},"mobile":{"background-color":"var(--ast-global-color-5)","background-image":"","background-repeat":"repeat","background-position":"center center","background-size":"auto","background-attachment":"scroll","background-type":"","background-media":"","overlay-type":"","overlay-color":"","overlay-opacity":"","overlay-gradient":""}},"iawp_total_views":5},"product_brand":[],"product_cat":[222],"product_tag":[],"class_list":{"0":"post-16943","1":"product","2":"type-product","3":"status-publish","4":"has-post-thumbnail","6":"product_cat-usb-c-cables","7":"desktop-align-left","8":"tablet-align-left","9":"mobile-align-left","11":"first","12":"instock","13":"shipping-taxable","14":"purchasable","15":"product-type-simple"},"acf":[],"_links":{"self":[{"href":"https:\/\/www.fjpremium.com\/pt\/wp-json\/wp\/v2\/product\/16943","targetHints":{"allow":["GET"]}}],"collection":[{"href":"https:\/\/www.fjpremium.com\/pt\/wp-json\/wp\/v2\/product"}],"about":[{"href":"https:\/\/www.fjpremium.com\/pt\/wp-json\/wp\/v2\/types\/product"}],"wp:featuredmedia":[{"embeddable":true,"href":"https:\/\/www.fjpremium.com\/pt\/wp-json\/wp\/v2\/media\/16965"}],"wp:attachment":[{"href":"https:\/\/www.fjpremium.com\/pt\/wp-json\/wp\/v2\/media?parent=16943"}],"wp:term":[{"taxonomy":"product_brand","embeddable":true,"href":"https:\/\/www.fjpremium.com\/pt\/wp-json\/wp\/v2\/product_brand?post=16943"},{"taxonomy":"product_cat","embeddable":true,"href":"https:\/\/www.fjpremium.com\/pt\/wp-json\/wp\/v2\/product_cat?post=16943"},{"taxonomy":"product_tag","embeddable":true,"href":"https:\/\/www.fjpremium.com\/pt\/wp-json\/wp\/v2\/product_tag?post=16943"}],"curies":[{"name":"wp","href":"https:\/\/api.w.org\/{rel}","templated":true}]}}