{"id":16932,"date":"2021-03-09T09:23:46","date_gmt":"2021-03-09T01:23:46","guid":{"rendered":"https:\/\/www.fjpremium.com\/?post_type=product&#038;p=16932"},"modified":"2023-09-18T17:10:38","modified_gmt":"2023-09-18T09:10:38","slug":"usb-type-c-to-rs232-serial-db9-male-adapter-cable","status":"publish","type":"product","link":"https:\/\/www.fjpremium.com\/pt\/product\/usb-type-c-to-rs232-serial-db9-male-adapter-cable\/","title":{"rendered":"Cabo adaptador de s\u00e9rie USB C, RS232 S\u00e9rie DB9"},"content":{"rendered":"<p>O adaptador USB tipo C para RS232 DB9 de s\u00e9rie \u00e9 uma solu\u00e7\u00e3o vers\u00e1til para ligar um dispositivo DB9 de s\u00e9rie, como um modem, uma c\u00e2mara digital, um gravador de etiquetas ou um leitor de c\u00f3digos de barras, ao seu computador atrav\u00e9s de uma porta USB.<\/p>\n<p>Equipado com um chip FTDI232RL de alta qualidade, oferece uma taxa de transfer\u00eancia de dados de 1 Mbps.<\/p>\n<p>Al\u00e9m disso, garante a facilidade de utiliza\u00e7\u00e3o com uma funcionalidade plug-and-play e compatibilidade com o Windows 10, 8.1, 8, 7, Vista, XP, 2000, Linux 2.4 ou superior e Mac OS X 10.6 e superior.<\/p>\n<p>Apesar da sua pot\u00eancia, n\u00e3o \u00e9 compat\u00edvel com a plotter de corte, SCM.<\/p>\n<p>As suas especifica\u00e7\u00f5es:<\/p>\n<ul>\n<li>Contacto banhado a ouro, concha banhada a n\u00edquel<\/li>\n<li>Caixa: Inje\u00e7\u00e3o de pl\u00e1stico<\/li>\n<li>Chip; FTDI232RL<\/li>\n<\/ul>\n<p>E cada adaptador \u00e9 encapsulado num revestimento de PVC compat\u00edvel com RoHS e REACH para maior durabilidade. Em conclus\u00e3o, contacte-nos hoje e invista no cabo adaptador s\u00e9rie USB C.<\/p>","protected":false},"excerpt":{"rendered":"<p>Ligue sem problemas os dispositivos de s\u00e9rie DB9 ao computador com este cabo adaptador de s\u00e9rie USB C, que oferece transfer\u00eancia de dados a alta velocidade e ampla compatibilidade.<\/p>","protected":false},"featured_media":16933,"template":"","meta":{"_acf_changed":false,"_seopress_robots_primary_cat":"","_seopress_titles_title":"Best USB C Serial Adapter Cable, RS232 Serial DB9 - FARSINCE","_seopress_titles_desc":"","_seopress_robots_index":"","site-sidebar-layout":"default","site-content-layout":"default","ast-site-content-layout":"default","site-content-style":"default","site-sidebar-style":"default","ast-global-header-display":"","ast-banner-title-visibility":"","ast-main-header-display":"","ast-hfb-above-header-display":"","ast-hfb-below-header-display":"","ast-hfb-mobile-header-display":"","site-post-title":"","ast-breadcrumbs-content":"","ast-featured-img":"","footer-sml-layout":"","ast-disable-related-posts":"","theme-transparent-header-meta":"default","adv-header-id-meta":"","stick-header-meta":"","header-above-stick-meta":"","header-main-stick-meta":"","header-below-stick-meta":"","astra-migrate-meta-layouts":"set","ast-page-background-enabled":"default","ast-page-background-meta":{"desktop":{"background-color":"","background-image":"","background-repeat":"repeat","background-position":"center center","background-size":"auto","background-attachment":"scroll","background-type":"","background-media":"","overlay-type":"","overlay-color":"","overlay-opacity":"","overlay-gradient":""},"tablet":{"background-color":"","background-image":"","background-repeat":"repeat","background-position":"center center","background-size":"auto","background-attachment":"scroll","background-type":"","background-media":"","overlay-type":"","overlay-color":"","overlay-opacity":"","overlay-gradient":""},"mobile":{"background-color":"","background-image":"","background-repeat":"repeat","background-position":"center center","background-size":"auto","background-attachment":"scroll","background-type":"","background-media":"","overlay-type":"","overlay-color":"","overlay-opacity":"","overlay-gradient":""}},"ast-content-background-meta":{"desktop":{"background-color":"var(--ast-global-color-5)","background-image":"","background-repeat":"repeat","background-position":"center center","background-size":"auto","background-attachment":"scroll","background-type":"","background-media":"","overlay-type":"","overlay-color":"","overlay-opacity":"","overlay-gradient":""},"tablet":{"background-color":"var(--ast-global-color-5)","background-image":"","background-repeat":"repeat","background-position":"center center","background-size":"auto","background-attachment":"scroll","background-type":"","background-media":"","overlay-type":"","overlay-color":"","overlay-opacity":"","overlay-gradient":""},"mobile":{"background-color":"var(--ast-global-color-5)","background-image":"","background-repeat":"repeat","background-position":"center center","background-size":"auto","background-attachment":"scroll","background-type":"","background-media":"","overlay-type":"","overlay-color":"","overlay-opacity":"","overlay-gradient":""}},"iawp_total_views":9},"product_brand":[],"product_cat":[222],"product_tag":[],"class_list":{"0":"post-16932","1":"product","2":"type-product","3":"status-publish","4":"has-post-thumbnail","6":"product_cat-usb-c-cables","7":"desktop-align-left","8":"tablet-align-left","9":"mobile-align-left","11":"first","12":"instock","13":"shipping-taxable","14":"purchasable","15":"product-type-simple"},"acf":[],"_links":{"self":[{"href":"https:\/\/www.fjpremium.com\/pt\/wp-json\/wp\/v2\/product\/16932","targetHints":{"allow":["GET"]}}],"collection":[{"href":"https:\/\/www.fjpremium.com\/pt\/wp-json\/wp\/v2\/product"}],"about":[{"href":"https:\/\/www.fjpremium.com\/pt\/wp-json\/wp\/v2\/types\/product"}],"wp:featuredmedia":[{"embeddable":true,"href":"https:\/\/www.fjpremium.com\/pt\/wp-json\/wp\/v2\/media\/16933"}],"wp:attachment":[{"href":"https:\/\/www.fjpremium.com\/pt\/wp-json\/wp\/v2\/media?parent=16932"}],"wp:term":[{"taxonomy":"product_brand","embeddable":true,"href":"https:\/\/www.fjpremium.com\/pt\/wp-json\/wp\/v2\/product_brand?post=16932"},{"taxonomy":"product_cat","embeddable":true,"href":"https:\/\/www.fjpremium.com\/pt\/wp-json\/wp\/v2\/product_cat?post=16932"},{"taxonomy":"product_tag","embeddable":true,"href":"https:\/\/www.fjpremium.com\/pt\/wp-json\/wp\/v2\/product_tag?post=16932"}],"curies":[{"name":"wp","href":"https:\/\/api.w.org\/{rel}","templated":true}]}}