{"id":16791,"date":"2020-12-15T11:45:42","date_gmt":"2020-12-15T03:45:42","guid":{"rendered":"https:\/\/www.fjpremium.com\/?post_type=product&#038;p=16791"},"modified":"2023-12-14T13:56:38","modified_gmt":"2023-12-14T05:56:38","slug":"network-extension-cable-male-to-female-ethernet-rj45-ftp-stp-shielded-connector-short-cable","status":"publish","type":"product","link":"https:\/\/www.fjpremium.com\/pt\/product\/network-extension-cable-male-to-female-ethernet-rj45-ftp-stp-shielded-connector-short-cable\/","title":{"rendered":"Conector blindado RJ45, cabo de extens\u00e3o de rede macho para f\u00eamea"},"content":{"rendered":"<p>Este conetor blindado RJ45, cabo de extens\u00e3o Ethernet macho-f\u00eamea, \u00e9 perfeito para estender as liga\u00e7\u00f5es atrav\u00e9s de um painel, fornecendo conetividade segura a partir de uma fonte num local protegido.<\/p>\n<p>Cumpre ou excede o desempenho da categoria 5E em conformidade com as especifica\u00e7\u00f5es TIA\/EIA-568-C.2 e ISO\/IEC 11801.<\/p>\n<p>Os contactos banhados a ouro e as botas de al\u00edvio de tens\u00e3o moldadas nos conectores garantem durabilidade e uma liga\u00e7\u00e3o segura.<\/p>\n<p>E os condutores de cobre nu melhoram o desempenho do cabo e cumprem as especifica\u00e7\u00f5es para cabos de comunica\u00e7\u00f5es.<\/p>\n<p>Com uma elevada largura de banda at\u00e9 500 MHz, o nosso conetor blindado RJ45 flex\u00edvel e duradouro garante a transfer\u00eancia de dados a alta velocidade para aplica\u00e7\u00f5es de servidor, computa\u00e7\u00e3o em nuvem, vigil\u00e2ncia por v\u00eddeo e transmiss\u00e3o de v\u00eddeo de alta defini\u00e7\u00e3o online.<\/p>\n<p>Foi testado at\u00e9 600 MHz e suporta 10 Gigabit Ethernet.<\/p>\n<p>Al\u00e9m disso, o conetor blindado \u00e9 compat\u00edvel com ROHS e REACH e est\u00e1 dispon\u00edvel em diferentes cores e comprimentos.<\/p>\n<p>Possui um condutor feito de cobre nu com um calibre de fio de 26AWG ou 24AWG, isolamento HDPE e uma blindagem de alum\u00ednio com um fio de drenagem.<\/p>\n<p>O di\u00e2metro exterior mede 6,2\u00b10,2 mm e os conectores s\u00e3o RJ45 FTP macho e f\u00eamea com contactos 3U banhados a ouro.<\/p>\n<p>Por isso, escolha o nosso conetor blindado RJ45 para um desempenho de transmiss\u00e3o excecional, baixa perda de sinal e uma forma conveniente de alargar as liga\u00e7\u00f5es entre todos os componentes da rede LAN atrav\u00e9s de um painel.<\/p>\n<p>&nbsp;<\/p>\n<h2>Descarregar:<\/h2>\n<ul>\n<li>Folha de dados do cabo de extens\u00e3o ethernet RJ45 FTP STP blindado macho para f\u00eamea<\/li>\n<\/ul>\n<h2>Informa\u00e7\u00f5es sobre a encomenda:<\/h2>\n<p>FS17502A**-xxx: Cabo de extens\u00e3o ethernet Cat5e F\/UTP macho para f\u00eamea<\/p>\n<p>FS17502B**-xxx: Cabo de extens\u00e3o ethernet Cat6 F\/UTP macho para f\u00eamea<\/p>\n<p>FS17502C**-xxx: Cabo de extens\u00e3o ethernet Cat6A S\/FTP macho para f\u00eamea<\/p>\n<ul>\n<li>**=cor: GY=CINZA, BK=PRETO, WT=BRANCO, BU=AZUL, RD=VERMELHO, YL=AMARELO, OG=LARanja, GN=VERDE<\/li>\n<li>xxx=Comprimento: 030=3,0M, 050=5,0M, 075=7,5M, 100=10M, 200=20M, 300=30M<\/li>\n<li>Por exemplo: FS17502BK-0003= Cabo de extens\u00e3o ethernet Cat6 F\/UTP macho para f\u00eamea, 0,3M de comprimento<\/li>\n<\/ul>","protected":false},"excerpt":{"rendered":"<p>Apresentamos o conetor blindado RJ45 da Farsince, um cabo de extens\u00e3o de rede ideal que permite uma conetividade perfeita entre v\u00e1rios componentes da rede LAN.<\/p>","protected":false},"featured_media":16858,"template":"","meta":{"_acf_changed":false,"_seopress_robots_primary_cat":"","_seopress_titles_title":"Best RJ45 Shielded Connector - Farsince","_seopress_titles_desc":"Presenting Farsince RJ45 shielded connector, an ideal network extension cable that enables seamless connectivity between various LAN network components.","_seopress_robots_index":"","site-sidebar-layout":"default","site-content-layout":"default","ast-site-content-layout":"default","site-content-style":"default","site-sidebar-style":"default","ast-global-header-display":"","ast-banner-title-visibility":"","ast-main-header-display":"","ast-hfb-above-header-display":"","ast-hfb-below-header-display":"","ast-hfb-mobile-header-display":"","site-post-title":"","ast-breadcrumbs-content":"","ast-featured-img":"","footer-sml-layout":"","ast-disable-related-posts":"","theme-transparent-header-meta":"default","adv-header-id-meta":"","stick-header-meta":"","header-above-stick-meta":"","header-main-stick-meta":"","header-below-stick-meta":"","astra-migrate-meta-layouts":"default","ast-page-background-enabled":"default","ast-page-background-meta":{"desktop":{"background-color":"","background-image":"","background-repeat":"repeat","background-position":"center center","background-size":"auto","background-attachment":"scroll","background-type":"","background-media":"","overlay-type":"","overlay-color":"","overlay-opacity":"","overlay-gradient":""},"tablet":{"background-color":"","background-image":"","background-repeat":"repeat","background-position":"center center","background-size":"auto","background-attachment":"scroll","background-type":"","background-media":"","overlay-type":"","overlay-color":"","overlay-opacity":"","overlay-gradient":""},"mobile":{"background-color":"","background-image":"","background-repeat":"repeat","background-position":"center center","background-size":"auto","background-attachment":"scroll","background-type":"","background-media":"","overlay-type":"","overlay-color":"","overlay-opacity":"","overlay-gradient":""}},"ast-content-background-meta":{"desktop":{"background-color":"var(--ast-global-color-5)","background-image":"","background-repeat":"repeat","background-position":"center center","background-size":"auto","background-attachment":"scroll","background-type":"","background-media":"","overlay-type":"","overlay-color":"","overlay-opacity":"","overlay-gradient":""},"tablet":{"background-color":"var(--ast-global-color-5)","background-image":"","background-repeat":"repeat","background-position":"center center","background-size":"auto","background-attachment":"scroll","background-type":"","background-media":"","overlay-type":"","overlay-color":"","overlay-opacity":"","overlay-gradient":""},"mobile":{"background-color":"var(--ast-global-color-5)","background-image":"","background-repeat":"repeat","background-position":"center center","background-size":"auto","background-attachment":"scroll","background-type":"","background-media":"","overlay-type":"","overlay-color":"","overlay-opacity":"","overlay-gradient":""}},"iawp_total_views":8},"product_brand":[],"product_cat":[631,209],"product_tag":[],"class_list":{"0":"post-16791","1":"product","2":"type-product","3":"status-publish","4":"has-post-thumbnail","6":"product_cat-patch-cables","7":"product_cat-ethernet-cable","8":"desktop-align-left","9":"tablet-align-left","10":"mobile-align-left","12":"first","13":"instock","14":"shipping-taxable","15":"purchasable","16":"product-type-simple"},"acf":[],"_links":{"self":[{"href":"https:\/\/www.fjpremium.com\/pt\/wp-json\/wp\/v2\/product\/16791","targetHints":{"allow":["GET"]}}],"collection":[{"href":"https:\/\/www.fjpremium.com\/pt\/wp-json\/wp\/v2\/product"}],"about":[{"href":"https:\/\/www.fjpremium.com\/pt\/wp-json\/wp\/v2\/types\/product"}],"wp:featuredmedia":[{"embeddable":true,"href":"https:\/\/www.fjpremium.com\/pt\/wp-json\/wp\/v2\/media\/16858"}],"wp:attachment":[{"href":"https:\/\/www.fjpremium.com\/pt\/wp-json\/wp\/v2\/media?parent=16791"}],"wp:term":[{"taxonomy":"product_brand","embeddable":true,"href":"https:\/\/www.fjpremium.com\/pt\/wp-json\/wp\/v2\/product_brand?post=16791"},{"taxonomy":"product_cat","embeddable":true,"href":"https:\/\/www.fjpremium.com\/pt\/wp-json\/wp\/v2\/product_cat?post=16791"},{"taxonomy":"product_tag","embeddable":true,"href":"https:\/\/www.fjpremium.com\/pt\/wp-json\/wp\/v2\/product_tag?post=16791"}],"curies":[{"name":"wp","href":"https:\/\/api.w.org\/{rel}","templated":true}]}}