{"id":16790,"date":"2020-12-15T11:45:40","date_gmt":"2020-12-15T03:45:40","guid":{"rendered":"https:\/\/www.fjpremium.com\/?post_type=product&#038;p=16790"},"modified":"2023-12-14T13:56:38","modified_gmt":"2023-12-14T05:56:38","slug":"network-extension-cable-male-to-female-ethernet-rj45-utp-unshielded-connector-short-cable","status":"publish","type":"product","link":"https:\/\/www.fjpremium.com\/pt\/product\/network-extension-cable-male-to-female-ethernet-rj45-utp-unshielded-connector-short-cable\/","title":{"rendered":"Cabo de extens\u00e3o de rede Ethernet macho para f\u00eamea, conetor RJ45 n\u00e3o blindado"},"content":{"rendered":"<p>Este cabo de extens\u00e3o de rede \u00e9 fi\u00e1vel para estender as liga\u00e7\u00f5es entre v\u00e1rios componentes da rede LAN atrav\u00e9s de um painel. Permite aos utilizadores estabelecer a conetividade a partir de uma fonte num local seguro.<\/p>\n<p>Cumpre ou excede o desempenho da categoria 5E em conformidade com as especifica\u00e7\u00f5es TIA\/EIA-568-C.2 e ISO\/IEC 11801.<\/p>\n<p>E os seus conectores possuem contactos 3U banhados a ouro e botas de al\u00edvio de tens\u00e3o moldadas, garantindo durabilidade e uma liga\u00e7\u00e3o segura.<\/p>\n<p>Al\u00e9m disso, os condutores de cobre nu melhoram o desempenho do cabo e cumprem as especifica\u00e7\u00f5es dos cabos de comunica\u00e7\u00e3o.<\/p>\n<p>O nosso cabo de extens\u00e3o de rede Cat5E flex\u00edvel e dur\u00e1vel oferece uma elevada largura de banda at\u00e9 500 MHz, garantindo a transfer\u00eancia de dados a alta velocidade para aplica\u00e7\u00f5es de servidor, computa\u00e7\u00e3o em nuvem, vigil\u00e2ncia por v\u00eddeo e transmiss\u00e3o de v\u00eddeo de alta defini\u00e7\u00e3o online.<\/p>\n<p>Tamb\u00e9m foi testado at\u00e9 600 MHz e suporta 10 Gigabit Ethernet.<\/p>\n<p>Al\u00e9m disso, o nosso cabo \u00e9 compat\u00edvel com ROHS e REACH e est\u00e1 dispon\u00edvel em diferentes cores e comprimentos.<\/p>\n<p>As suas especifica\u00e7\u00f5es incluem um condutor feito de cobre nu com um calibre de fio de 26AWG ou 24AWG, isolamento HDPE e um revestimento de PVC.<\/p>\n<p>O di\u00e2metro exterior mede 6,2\u00b10,2 mm, enquanto os conectores s\u00e3o RJ45 UTP macho e FTP f\u00eamea.<\/p>\n<p>Por isso, escolha este cabo de extens\u00e3o de rede para obter um excelente desempenho de transmiss\u00e3o, baixa perda de sinal e uma forma conveniente de alargar as liga\u00e7\u00f5es entre todos os componentes da rede LAN atrav\u00e9s de um painel.<\/p>\n<p>&nbsp;<\/p>\n<h2>Descarregar:<\/h2>\n<ul>\n<li>Folha de dados do cabo de extens\u00e3o ethernet RJ45 n\u00e3o blindado macho para f\u00eamea<\/li>\n<\/ul>\n<h2>Informa\u00e7\u00f5es sobre a encomenda:<\/h2>\n<p>FS17501A**-xxx: Cabo de extens\u00e3o ethernet Cat5e U\/UTP macho para f\u00eamea<\/p>\n<p>FS17501B**-xxx: Cabo de extens\u00e3o ethernet Cat6 U\/UTP macho para f\u00eamea<\/p>\n<p>FS17501C**-xxx: Cabo de extens\u00e3o ethernet Cat6A U\/UTP macho para f\u00eamea<\/p>\n<ul>\n<li>**=cor: GY=CINZA, BK=PRETO, WT=BRANCO, BU=AZUL, RD=VERMELHO, YL=AMARELO, OG=LARanja, GN=VERDE<\/li>\n<li>xxx=Comprimento: 030=3,0M, 050=5,0M, 075=7,5M, 100=10M, 200=20M, 300=30M<\/li>\n<li>Por exemplo: FS17501BK-0003= Cabo de extens\u00e3o ethernet Cat6 U\/UTP macho para f\u00eamea, 0,3M de comprimento<\/li>\n<\/ul>","protected":false},"excerpt":{"rendered":"<p>Descubra o nosso cabo de extens\u00e3o de rede, uma solu\u00e7\u00e3o Ethernet macho-f\u00eamea de alta qualidade com um conetor RJ45 n\u00e3o blindado.<\/p>","protected":false},"featured_media":16847,"template":"","meta":{"_acf_changed":false,"_seopress_robots_primary_cat":"","_seopress_titles_title":"","_seopress_titles_desc":"","_seopress_robots_index":"","site-sidebar-layout":"default","site-content-layout":"default","ast-site-content-layout":"default","site-content-style":"default","site-sidebar-style":"default","ast-global-header-display":"","ast-banner-title-visibility":"","ast-main-header-display":"","ast-hfb-above-header-display":"","ast-hfb-below-header-display":"","ast-hfb-mobile-header-display":"","site-post-title":"","ast-breadcrumbs-content":"","ast-featured-img":"","footer-sml-layout":"","ast-disable-related-posts":"","theme-transparent-header-meta":"default","adv-header-id-meta":"","stick-header-meta":"","header-above-stick-meta":"","header-main-stick-meta":"","header-below-stick-meta":"","astra-migrate-meta-layouts":"default","ast-page-background-enabled":"default","ast-page-background-meta":{"desktop":{"background-color":"","background-image":"","background-repeat":"repeat","background-position":"center center","background-size":"auto","background-attachment":"scroll","background-type":"","background-media":"","overlay-type":"","overlay-color":"","overlay-opacity":"","overlay-gradient":""},"tablet":{"background-color":"","background-image":"","background-repeat":"repeat","background-position":"center center","background-size":"auto","background-attachment":"scroll","background-type":"","background-media":"","overlay-type":"","overlay-color":"","overlay-opacity":"","overlay-gradient":""},"mobile":{"background-color":"","background-image":"","background-repeat":"repeat","background-position":"center center","background-size":"auto","background-attachment":"scroll","background-type":"","background-media":"","overlay-type":"","overlay-color":"","overlay-opacity":"","overlay-gradient":""}},"ast-content-background-meta":{"desktop":{"background-color":"var(--ast-global-color-5)","background-image":"","background-repeat":"repeat","background-position":"center center","background-size":"auto","background-attachment":"scroll","background-type":"","background-media":"","overlay-type":"","overlay-color":"","overlay-opacity":"","overlay-gradient":""},"tablet":{"background-color":"var(--ast-global-color-5)","background-image":"","background-repeat":"repeat","background-position":"center center","background-size":"auto","background-attachment":"scroll","background-type":"","background-media":"","overlay-type":"","overlay-color":"","overlay-opacity":"","overlay-gradient":""},"mobile":{"background-color":"var(--ast-global-color-5)","background-image":"","background-repeat":"repeat","background-position":"center center","background-size":"auto","background-attachment":"scroll","background-type":"","background-media":"","overlay-type":"","overlay-color":"","overlay-opacity":"","overlay-gradient":""}},"iawp_total_views":17},"product_brand":[],"product_cat":[631,209],"product_tag":[],"class_list":{"0":"post-16790","1":"product","2":"type-product","3":"status-publish","4":"has-post-thumbnail","6":"product_cat-patch-cables","7":"product_cat-ethernet-cable","8":"desktop-align-left","9":"tablet-align-left","10":"mobile-align-left","12":"first","13":"instock","14":"shipping-taxable","15":"purchasable","16":"product-type-simple"},"acf":[],"_links":{"self":[{"href":"https:\/\/www.fjpremium.com\/pt\/wp-json\/wp\/v2\/product\/16790","targetHints":{"allow":["GET"]}}],"collection":[{"href":"https:\/\/www.fjpremium.com\/pt\/wp-json\/wp\/v2\/product"}],"about":[{"href":"https:\/\/www.fjpremium.com\/pt\/wp-json\/wp\/v2\/types\/product"}],"wp:featuredmedia":[{"embeddable":true,"href":"https:\/\/www.fjpremium.com\/pt\/wp-json\/wp\/v2\/media\/16847"}],"wp:attachment":[{"href":"https:\/\/www.fjpremium.com\/pt\/wp-json\/wp\/v2\/media?parent=16790"}],"wp:term":[{"taxonomy":"product_brand","embeddable":true,"href":"https:\/\/www.fjpremium.com\/pt\/wp-json\/wp\/v2\/product_brand?post=16790"},{"taxonomy":"product_cat","embeddable":true,"href":"https:\/\/www.fjpremium.com\/pt\/wp-json\/wp\/v2\/product_cat?post=16790"},{"taxonomy":"product_tag","embeddable":true,"href":"https:\/\/www.fjpremium.com\/pt\/wp-json\/wp\/v2\/product_tag?post=16790"}],"curies":[{"name":"wp","href":"https:\/\/api.w.org\/{rel}","templated":true}]}}